{"id":20,"date":"2014-01-18T07:52:55","date_gmt":"2014-01-18T07:52:55","guid":{"rendered":"http:\/\/efi.szakrendelo-sarkad.hu\/?page_id=20"},"modified":"2024-12-09T09:58:54","modified_gmt":"2024-12-09T09:58:54","slug":"kapcsolatfelvetel","status":"publish","type":"page","link":"http:\/\/szakrendelo-sarkad.hu\/efi\/kapcsolatfelvetel\/","title":{"rendered":"Kapcsolatfelv\u00e9tel"},"content":{"rendered":"\n<h2>\n\t\t\u00cdrjon nek\u00fcnk, keressen minket!\n\t<\/h2>\n\t<h3>A k\u00f6vetkez\u0151 t\u00e9mak\u00f6r\u00f6kben v\u00e1rjuk megkeres\u00e9s\u00e9t:<\/h3>\n<ul>\n<li>Eg\u00e9szs\u00e9gfejleszt\u00e9s,\n<ul>\n<li>Szem\u00e9lyre szabott tan\u00e1csad\u00e1s<\/li>\n<\/ul>\n<\/li>\n<li>Rendezv\u00e9nyeinkkel kapcsolatban\n<ul>\n<li>Id\u0151pont egyeztet\u00e9s<\/li>\n<li>Aktu\u00e1lis programok<\/li>\n<\/ul>\n<\/li>\n<\/ul>\n<p>Tov\u00e1bb\u00e1 \u00e1ltal\u00e1nos inform\u00e1ci\u00f3k\u00e9rt, illetve a gyorsabb \u00fcgyint\u00e9z\u00e9s \u00e9rdek\u00e9ben, keressen minket telefonon:<\/p>\n<ul>\n<li>Telefon: 66\/787-840<\/li>\n<\/ul>\n\t<div role=\"form\" class=\"wpcf7\" id=\"wpcf7-f100-o1\" lang=\"en-US\" dir=\"ltr\">\n<div class=\"screen-reader-response\"><\/div>\n<form action=\"\/efi\/wp-json\/wp\/v2\/pages\/20#wpcf7-f100-o1\" method=\"post\" class=\"wpcf7-form\" novalidate=\"novalidate\">\n<div style=\"display: none;\">\n<input type=\"hidden\" name=\"_wpcf7\" value=\"100\" \/>\n<input type=\"hidden\" name=\"_wpcf7_version\" value=\"5.1.3\" \/>\n<input type=\"hidden\" name=\"_wpcf7_locale\" value=\"en_US\" \/>\n<input type=\"hidden\" name=\"_wpcf7_unit_tag\" value=\"wpcf7-f100-o1\" \/>\n<input type=\"hidden\" name=\"_wpcf7_container_post\" value=\"0\" \/>\n<\/div>\n<p><span class=\"wpcf7-form-control-wrap menu-919\"><select name=\"menu-919\" class=\"wpcf7-form-control wpcf7-select wpcf7-validates-as-required\" aria-required=\"true\" aria-invalid=\"false\"><option value=\"Eg\u00e9szs\u00e9gfejleszt\u00e9s\">Eg\u00e9szs\u00e9gfejleszt\u00e9s<\/option><option value=\"Rendezv\u00e9nyek\">Rendezv\u00e9nyek<\/option><option value=\"\u00c1ltal\u00e1nos inform\u00e1ci\u00f3\">\u00c1ltal\u00e1nos inform\u00e1ci\u00f3<\/option><\/select><\/span> <\/p>\n<p><span class=\"wpcf7-form-control-wrap sender-name\"><input type=\"text\" name=\"sender-name\" value=\"\" size=\"40\" class=\"wpcf7-form-control wpcf7-text wpcf7-validates-as-required\" aria-required=\"true\" aria-invalid=\"false\" placeholder=\"Teljes n\u00e9v\" \/><\/span><\/p>\n<p><span class=\"wpcf7-form-control-wrap email\"><input type=\"email\" name=\"email\" value=\"\" size=\"40\" class=\"wpcf7-form-control wpcf7-text wpcf7-email wpcf7-validates-as-required wpcf7-validates-as-email\" aria-required=\"true\" aria-invalid=\"false\" placeholder=\"E-mail\" \/><\/span><\/p>\n<p><span class=\"wpcf7-form-control-wrap subject\"><input type=\"text\" name=\"subject\" value=\"\" size=\"40\" class=\"wpcf7-form-control wpcf7-text wpcf7-validates-as-required\" aria-required=\"true\" aria-invalid=\"false\" placeholder=\"\u00dczenet t\u00e1rgya\" \/><\/span><\/p>\n<p><span class=\"wpcf7-form-control-wrap message\"><textarea name=\"message\" cols=\"40\" rows=\"4\" class=\"wpcf7-form-control wpcf7-textarea\" aria-invalid=\"false\" placeholder=\"\u00dczenet\"><\/textarea><\/span> <\/p>\n<p><input type=\"submit\" value=\"Elk\u00fcld\u00e9s\" class=\"wpcf7-form-control wpcf7-submit\" \/><\/p>\n<input type='hidden' class='wpcf7-pum' value='{\"closepopup\":false,\"closedelay\":0,\"openpopup\":false,\"openpopup_id\":0}' \/><div class=\"wpcf7-response-output wpcf7-display-none\"><\/div><\/form><\/div>\n\t<iframe width=\"600\" height=\"450\" loading=\"lazy\" allowfullscreen src=\"https:\/\/www.google.com\/maps\/embed\/v1\/place?key=AIzaSyBFw0Qbyq9zTFTd-tUY6dZWTgaQzuU17R8&#038;q=5720%20Sarkad%2C%20B%C3%A9ke%20s%C3%A9t%C3%A1ny%206.&#038;zoom=13&#038;maptype=roadmap\"><\/iframe><a href=\"https:\/\/www.fluxaiimagegenerator.net\">fluxaiimagegenerator.net<\/a>\n<style>.mapswrapper{background:#fff;position:relative}.mapswrapper iframe{border:0;position:relative;z-index:2}.mapswrapper a{color:rgba(0,0,0,0);position:absolute;left:0;top:0;z-index:0}<\/style>\n\n","protected":false},"excerpt":{"rendered":"<div class=\"entry-summary\">\n<div class=\"entry-summary\">\n\u00cdrjon nek\u00fcnk, keressen minket! A k\u00f6vetkez\u0151 t\u00e9mak\u00f6r\u00f6kben v\u00e1rjuk megkeres\u00e9s\u00e9t: Eg\u00e9szs\u00e9gfejleszt\u00e9s, Szem\u00e9lyre szabott tan\u00e1csad\u00e1s Rendezv\u00e9nyeinkkel kapcsolatban Id\u0151pont egyeztet\u00e9s Aktu\u00e1lis&hellip;\n<\/div>\n<div class=\"link-more\"><a href=\"http:\/\/szakrendelo-sarkad.hu\/efi\/kapcsolatfelvetel\/\" class=\"more-link\">Continue reading<span class=\"screen-reader-text\"> &ldquo;Kapcsolatfelv\u00e9tel&rdquo;<\/span>&hellip;<\/a><\/div>\n<\/div>\n<div class=\"link-more\"><a href=\"http:\/\/szakrendelo-sarkad.hu\/efi\/kapcsolatfelvetel\/\" class=\"more-link\">Continue reading<span class=\"screen-reader-text\"> &ldquo;Kapcsolatfelv\u00e9tel&rdquo;<\/span>&hellip;<\/a><\/div>\n","protected":false},"author":1,"featured_media":0,"parent":0,"menu_order":4,"comment_status":"closed","ping_status":"closed","template":"","meta":{"ngg_post_thumbnail":0,"footnotes":""},"class_list":["post-20","page","type-page","status-publish","hentry","entry"],"_links":{"self":[{"href":"http:\/\/szakrendelo-sarkad.hu\/efi\/wp-json\/wp\/v2\/pages\/20","targetHints":{"allow":["GET"]}}],"collection":[{"href":"http:\/\/szakrendelo-sarkad.hu\/efi\/wp-json\/wp\/v2\/pages"}],"about":[{"href":"http:\/\/szakrendelo-sarkad.hu\/efi\/wp-json\/wp\/v2\/types\/page"}],"author":[{"embeddable":true,"href":"http:\/\/szakrendelo-sarkad.hu\/efi\/wp-json\/wp\/v2\/users\/1"}],"replies":[{"embeddable":true,"href":"http:\/\/szakrendelo-sarkad.hu\/efi\/wp-json\/wp\/v2\/comments?post=20"}],"version-history":[{"count":7,"href":"http:\/\/szakrendelo-sarkad.hu\/efi\/wp-json\/wp\/v2\/pages\/20\/revisions"}],"predecessor-version":[{"id":9269,"href":"http:\/\/szakrendelo-sarkad.hu\/efi\/wp-json\/wp\/v2\/pages\/20\/revisions\/9269"}],"wp:attachment":[{"href":"http:\/\/szakrendelo-sarkad.hu\/efi\/wp-json\/wp\/v2\/media?parent=20"}],"curies":[{"name":"wp","href":"https:\/\/api.w.org\/{rel}","templated":true}]}}