{"id":7168,"date":"2020-12-14T15:40:47","date_gmt":"2020-12-14T15:40:47","guid":{"rendered":"http:\/\/szakrendelo-sarkad.hu\/efi\/?page_id=7168"},"modified":"2025-01-14T08:45:04","modified_gmt":"2025-01-14T08:45:04","slug":"cincogo-is-okosan-taplalkozik","status":"publish","type":"page","link":"http:\/\/szakrendelo-sarkad.hu\/efi\/cincogo-is-okosan-taplalkozik\/","title":{"rendered":"#Cincog\u00f3 is okosan t\u00e1pl\u00e1lkozik"},"content":{"rendered":"<p><iframe loading=\"lazy\" src=\"https:\/\/www.youtube-nocookie.com\/embed\/uATBm3XdQKU?rel=0&amp;showinfo=0\" width=\"1024\" height=\"768\" frameborder=\"0\" allowfullscreen=\"allowfullscreen\"><span data-mce-type=\"bookmark\" style=\"display: inline-block; width: 0px; overflow: hidden; line-height: 0;\" class=\"mce_SELRES_start\">\ufeff<\/span><span data-mce-type=\"bookmark\" style=\"display: inline-block; width: 0px; overflow: hidden; line-height: 0;\" class=\"mce_SELRES_start\">\ufeff<\/span><span data-mce-type=\"bookmark\" style=\"display: inline-block; width: 0px; overflow: hidden; line-height: 0;\" class=\"mce_SELRES_start\">\ufeff<\/span><span data-mce-type=\"bookmark\" style=\"display: inline-block; width: 0px; overflow: hidden; line-height: 0;\" class=\"mce_SELRES_start\">\ufeff<\/span><\/iframe><\/p>\n","protected":false},"excerpt":{"rendered":"<div class=\"entry-summary\">\n<div class=\"entry-summary\">\n\ufeff\ufeff\ufeff\ufeff\n<\/div>\n<div class=\"link-more\"><a href=\"http:\/\/szakrendelo-sarkad.hu\/efi\/cincogo-is-okosan-taplalkozik\/\" class=\"more-link\">Continue reading<span class=\"screen-reader-text\"> &ldquo;#Cincog\u00f3 is okosan t\u00e1pl\u00e1lkozik&rdquo;<\/span>&hellip;<\/a><\/div>\n<\/div>\n<div class=\"link-more\"><a href=\"http:\/\/szakrendelo-sarkad.hu\/efi\/cincogo-is-okosan-taplalkozik\/\" class=\"more-link\">Continue reading<span class=\"screen-reader-text\"> &ldquo;#Cincog\u00f3 is okosan t\u00e1pl\u00e1lkozik&rdquo;<\/span>&hellip;<\/a><\/div>\n","protected":false},"author":1,"featured_media":0,"parent":0,"menu_order":0,"comment_status":"closed","ping_status":"closed","template":"","meta":{"ngg_post_thumbnail":0,"footnotes":""},"class_list":["post-7168","page","type-page","status-publish","hentry","entry"],"_links":{"self":[{"href":"http:\/\/szakrendelo-sarkad.hu\/efi\/wp-json\/wp\/v2\/pages\/7168","targetHints":{"allow":["GET"]}}],"collection":[{"href":"http:\/\/szakrendelo-sarkad.hu\/efi\/wp-json\/wp\/v2\/pages"}],"about":[{"href":"http:\/\/szakrendelo-sarkad.hu\/efi\/wp-json\/wp\/v2\/types\/page"}],"author":[{"embeddable":true,"href":"http:\/\/szakrendelo-sarkad.hu\/efi\/wp-json\/wp\/v2\/users\/1"}],"replies":[{"embeddable":true,"href":"http:\/\/szakrendelo-sarkad.hu\/efi\/wp-json\/wp\/v2\/comments?post=7168"}],"version-history":[{"count":3,"href":"http:\/\/szakrendelo-sarkad.hu\/efi\/wp-json\/wp\/v2\/pages\/7168\/revisions"}],"predecessor-version":[{"id":9435,"href":"http:\/\/szakrendelo-sarkad.hu\/efi\/wp-json\/wp\/v2\/pages\/7168\/revisions\/9435"}],"wp:attachment":[{"href":"http:\/\/szakrendelo-sarkad.hu\/efi\/wp-json\/wp\/v2\/media?parent=7168"}],"curies":[{"name":"wp","href":"https:\/\/api.w.org\/{rel}","templated":true}]}}