{"id":7514,"date":"2021-06-08T10:40:25","date_gmt":"2021-06-08T10:40:25","guid":{"rendered":"http:\/\/szakrendelo-sarkad.hu\/efi\/?page_id=7514"},"modified":"2021-06-08T10:40:25","modified_gmt":"2021-06-08T10:40:25","slug":"kiadvany-mi-a-lelki-egeszseg","status":"publish","type":"page","link":"http:\/\/szakrendelo-sarkad.hu\/efi\/kiadvany-mi-a-lelki-egeszseg\/","title":{"rendered":"Kiadv\u00e1ny: Mi a lelki eg\u00e9szs\u00e9g?"},"content":{"rendered":"<p style=\"text-align: center;\"><div class=\"dpsBookWrapper\"> <style type=\"text\/css\"> #book_40 { \/*width: 800px; height: 840px;*\/ top: 60px; } #book_stage_40 { width: 100%; height: 1000px; ; } #book_shell_40 { height: 960px; } #book_40 .page-main-content.dpsHasIndent { padding: 0px; } \/*Pages will be just white for now*\/ #book_40 .page { ; padding: 0 !important; } <\/style> <div id=\"book_stage_40\" class=\"dpsBookStageShell flipbook-viewport\"> <div id=\"book_shell_40\" class=\"dpsBookShell container\"> <div id=\"book_40\" data-bookid=\"40\" class=\"dpsBook flipbook\"><\/div> <\/div> <div class=\"dpsTdShell\" id=\"book_toolbar_40\" data-bookid=\"40\"> <div class=\"dpsTdShell_simple colorset\"> <style class=\"activeButtonColor\" type=\"text\/css\"> .dpsTdShell_simple.colorset .btnTbMain i.fa:hover, .dpsTdShell_simple.colorset .dpsTbZoomOutShell a.dpsTbBtn i.fa:hover, .dpsTdShell_simple.colorset .dpsTbSearchShell a.dpsTbBtn i.fa:hover, .dpsTdShell_simple.colorset .dpsTbExportShell a.dpsTbBtn:hover { color: #D6D6D6 !important; } .dpsTdShell_simple.borderset .btnContainer:hover { background-color: #D6D6D6 !important; }<\/style> <div class=\"btnTbMain \" style=\"background-color: rgba(64, 64, 64, 1);border: 1px solid rgba(173, 173, 173, 0);\"> <div class=\"dpsTbLeft\"> <div class=\"btnContainer\"><a href=\"#\" class=\"dpsTbBtn dpsTbBtnZoom\" ><i class=\"fa fa-search-plus \" style=\"color: #ADADAD;\"><\/i><\/a><\/div> <div class=\"btnContainer\"><a href=\"#\" class=\"dpsTbBtn dpsTbBtnExport\" ><i class=\"fa fa-share-square \" style=\"color: #ADADAD;\"><\/i><\/a><\/div> <\/div> <div class=\"dpsTbRight\"> <div class=\"btnContainer\"><a href=\"#\" class=\"dpsTbBtn dpsTbBtnSearch\" ><i class=\"fa fa-search \" style=\"color: #ADADAD;\"><\/i><\/a><\/div> <div class=\"btnContainer\"><a href=\"#\" class=\"dpsTbBtn dpsTbBtnFullscreen\" ><i class=\"fa fa-arrows-alt \" style=\"color: #ADADAD;\"><\/i><\/a><\/div> <\/div> <div class=\"dpsTbCenter\"> <div class=\"btnContainer\"><a href=\"#\" class=\"dpsTbBtn dpsTbBtnFirst\" ><i class=\"fa fa-angle-double-left fa-lg \" style=\"color: #ADADAD;\"><\/i><\/a><\/div> <div class=\"btnContainer\"><a href=\"#\" class=\"dpsTbBtn dpsTbBtnPrev\" ><i class=\"fa fa-angle-left fa-lg \" style=\"color: #ADADAD;\"><\/i><\/a><\/div> <form class=\"dpsTdPageNumForm\" method=\"get\"> <input type=\"text\" class=\"dpsTbPageNumTxt\" style=\"display: none; border: 1px solid rgba(173, 173, 173, 0) !important;color: #ADADAD !important;\" \/> <\/form> <div class=\"btnContainer\"><a href=\"#\" class=\"dpsTbBtn dpsTbBtnNext\" ><i class=\"fa fa-angle-right fa-lg \" style=\"color: #ADADAD;\"><\/i><\/a><\/div> <div class=\"btnContainer\"><a href=\"#\" class=\"dpsTbBtn dpsTbBtnLast\" ><i class=\"fa fa-angle-double-right fa-lg \" style=\"color: #ADADAD;\"><\/i><\/a><\/div> <\/div> <\/div> <div class=\"dpsTbZoomOutShell\"> <div class=\"btnContainer\"><a href=\"#\" class=\"dpsTbBtn dpsTbBtnZoomOut\" ><i class=\"fa fa-search-minus \" style=\"color: #ADADAD;\"><\/i><\/a><\/div> <div class=\"btnContainer\"><a href=\"#\" class=\"dpsTbBtn dpsTbBtnPrev\" ><i class=\"fa fa-arrow-left \" style=\"color: #ADADAD;\"><\/i><\/a><\/div> <div class=\"btnContainer\"><a href=\"#\" class=\"dpsTbBtn dpsTbBtnNext\" ><i class=\"fa fa-arrow-right \" style=\"color: #ADADAD;\"><\/i><\/a><\/div> <\/div> <div class=\"dpsTbSearchShell\" style=\"display: none; background-color: rgba(64, 64, 64, 1);border: 1px solid rgba(173, 173, 173, 0) !important;\"> <form class=\"dpsTbSearchForm\"> <div class=\"btnContainer\"><a href=\"#\" class=\"dpsTbBtn dpsTbBtnPrevSearch dpsTbBtnSearchActive\" ><i class=\"fa fa-arrow-left \" style=\"color: #ADADAD;\"><\/i><\/a><\/div> <input type=\"text\" class=\"dpsTbSearchTxt\" placeholder=\"Search...\" style=\"border: 1px solid rgba(173, 173, 173, 0) !important;color: #ADADAD !important;\" \/> <div class=\"btnContainer\"><a href=\"#\" class=\"dpsTbBtn dpsTbBtnNextSearch dpsTbBtnSearchActive\" ><i class=\"fa fa-arrow-right \" style=\"color: #ADADAD;\"><\/i><\/a><\/div> <\/form> <\/div> <div class=\"dpsTbExportShell\"> <a href=\"http:\/\/szakrendelo-sarkad.hu\/efi\/?mod=book&amp;action=exportToHtml&amp;pl=dps&amp;id=40&amp;nonce=7a36e866b3\" target=\"_blank\" rel=\"nofollow\" title=\"HTML\" class=\"dpsTbBtn dpsExportLink_html\" style=\"display: none; background-color: rgba(64, 64, 64, 1);color: #ADADAD;border: 1px solid rgba(173, 173, 173, 0) !important;\" > HTML <\/a> <a href=\"http:\/\/szakrendelo-sarkad.hu\/efi\/?mod=book&amp;action=exportToPdf&amp;pl=dps&amp;id=40&amp;nonce=7a36e866b3\" target=\"_blank\" rel=\"nofollow\" title=\"PDF\" class=\"dpsTbBtn dpsExportLink_pdf\" style=\"display: none; background-color: rgba(64, 64, 64, 1);color: #ADADAD;border: 1px solid rgba(173, 173, 173, 0) !important;\" > PDF <\/a> <\/div> <\/div> <\/div> <\/div> <\/div>\n<p style=\"text-align: center;\">Mell\u00e9klet:<\/p>\n<p><a href=\"http:\/\/szakrendelo-sarkad.hu\/efi\/wp-content\/uploads\/sites\/2\/2021\/06\/EFI_LEK_Leaflet_LA4__MiALelkiEgeszseg-2-1.jpg\"><img loading=\"lazy\" decoding=\"async\" class=\"aligncenter size-medium wp-image-7515\" src=\"http:\/\/szakrendelo-sarkad.hu\/efi\/wp-content\/uploads\/sites\/2\/2021\/06\/EFI_LEK_Leaflet_LA4__MiALelkiEgeszseg-2-1-300x212.jpg\" alt=\"\" width=\"300\" height=\"212\" srcset=\"http:\/\/szakrendelo-sarkad.hu\/efi\/wp-content\/uploads\/sites\/2\/2021\/06\/EFI_LEK_Leaflet_LA4__MiALelkiEgeszseg-2-1-300x212.jpg 300w, http:\/\/szakrendelo-sarkad.hu\/efi\/wp-content\/uploads\/sites\/2\/2021\/06\/EFI_LEK_Leaflet_LA4__MiALelkiEgeszseg-2-1-1024x723.jpg 1024w, http:\/\/szakrendelo-sarkad.hu\/efi\/wp-content\/uploads\/sites\/2\/2021\/06\/EFI_LEK_Leaflet_LA4__MiALelkiEgeszseg-2-1-768x542.jpg 768w, http:\/\/szakrendelo-sarkad.hu\/efi\/wp-content\/uploads\/sites\/2\/2021\/06\/EFI_LEK_Leaflet_LA4__MiALelkiEgeszseg-2-1-1536x1085.jpg 1536w, http:\/\/szakrendelo-sarkad.hu\/efi\/wp-content\/uploads\/sites\/2\/2021\/06\/EFI_LEK_Leaflet_LA4__MiALelkiEgeszseg-2-1-2048x1446.jpg 2048w\" sizes=\"auto, (max-width: 300px) 100vw, 300px\" \/><\/a><\/p>\n","protected":false},"excerpt":{"rendered":"<div class=\"entry-summary\">\n<div class=\"entry-summary\">\nMell\u00e9klet:\n<\/div>\n<div class=\"link-more\"><a href=\"http:\/\/szakrendelo-sarkad.hu\/efi\/kiadvany-mi-a-lelki-egeszseg\/\" class=\"more-link\">Continue reading<span class=\"screen-reader-text\"> &ldquo;Kiadv\u00e1ny: Mi a lelki eg\u00e9szs\u00e9g?&rdquo;<\/span>&hellip;<\/a><\/div>\n<\/div>\n<div class=\"link-more\"><a href=\"http:\/\/szakrendelo-sarkad.hu\/efi\/kiadvany-mi-a-lelki-egeszseg\/\" class=\"more-link\">Continue reading<span class=\"screen-reader-text\"> &ldquo;Kiadv\u00e1ny: Mi a lelki eg\u00e9szs\u00e9g?&rdquo;<\/span>&hellip;<\/a><\/div>\n","protected":false},"author":1,"featured_media":0,"parent":0,"menu_order":0,"comment_status":"closed","ping_status":"closed","template":"","meta":{"ngg_post_thumbnail":0,"footnotes":""},"class_list":["post-7514","page","type-page","status-publish","hentry","entry"],"_links":{"self":[{"href":"http:\/\/szakrendelo-sarkad.hu\/efi\/wp-json\/wp\/v2\/pages\/7514","targetHints":{"allow":["GET"]}}],"collection":[{"href":"http:\/\/szakrendelo-sarkad.hu\/efi\/wp-json\/wp\/v2\/pages"}],"about":[{"href":"http:\/\/szakrendelo-sarkad.hu\/efi\/wp-json\/wp\/v2\/types\/page"}],"author":[{"embeddable":true,"href":"http:\/\/szakrendelo-sarkad.hu\/efi\/wp-json\/wp\/v2\/users\/1"}],"replies":[{"embeddable":true,"href":"http:\/\/szakrendelo-sarkad.hu\/efi\/wp-json\/wp\/v2\/comments?post=7514"}],"version-history":[{"count":1,"href":"http:\/\/szakrendelo-sarkad.hu\/efi\/wp-json\/wp\/v2\/pages\/7514\/revisions"}],"predecessor-version":[{"id":7516,"href":"http:\/\/szakrendelo-sarkad.hu\/efi\/wp-json\/wp\/v2\/pages\/7514\/revisions\/7516"}],"wp:attachment":[{"href":"http:\/\/szakrendelo-sarkad.hu\/efi\/wp-json\/wp\/v2\/media?parent=7514"}],"curies":[{"name":"wp","href":"https:\/\/api.w.org\/{rel}","templated":true}]}}