{"id":8727,"date":"2024-01-02T09:14:58","date_gmt":"2024-01-02T09:14:58","guid":{"rendered":"http:\/\/szakrendelo-sarkad.hu\/efi\/?page_id=8727"},"modified":"2025-01-14T08:47:11","modified_gmt":"2025-01-14T08:47:11","slug":"szurovizsgalatok","status":"publish","type":"page","link":"http:\/\/szakrendelo-sarkad.hu\/efi\/szurovizsgalatok\/","title":{"rendered":"#SZ\u0170R\u0150VIZSG\u00c1LATOK"},"content":{"rendered":"<div align=\"center\"><iframe loading=\"lazy\" title=\"YouTube video player\" src=\"https:\/\/www.youtube.com\/embed\/ypRdsvyJs74?si=IrFW60Ei2UhmKiKF\" width=\"1024\" height=\"768\" frameborder=\"0\" allowfullscreen=\"allowfullscreen\"><span data-mce-type=\"bookmark\" style=\"display: inline-block; width: 0px; overflow: hidden; line-height: 0;\" class=\"mce_SELRES_start\">\ufeff<\/span><\/iframe><\/div>\n","protected":false},"excerpt":{"rendered":"<div class=\"entry-summary\">\n<div class=\"entry-summary\">\n\ufeff\n<\/div>\n<div class=\"link-more\"><a href=\"http:\/\/szakrendelo-sarkad.hu\/efi\/szurovizsgalatok\/\" class=\"more-link\">Continue reading<span class=\"screen-reader-text\"> &ldquo;#SZ\u0170R\u0150VIZSG\u00c1LATOK&rdquo;<\/span>&hellip;<\/a><\/div>\n<\/div>\n<div class=\"link-more\"><a href=\"http:\/\/szakrendelo-sarkad.hu\/efi\/szurovizsgalatok\/\" class=\"more-link\">Continue reading<span class=\"screen-reader-text\"> &ldquo;#SZ\u0170R\u0150VIZSG\u00c1LATOK&rdquo;<\/span>&hellip;<\/a><\/div>\n","protected":false},"author":1,"featured_media":0,"parent":0,"menu_order":0,"comment_status":"closed","ping_status":"closed","template":"","meta":{"ngg_post_thumbnail":0,"footnotes":""},"class_list":["post-8727","page","type-page","status-publish","hentry","entry"],"_links":{"self":[{"href":"http:\/\/szakrendelo-sarkad.hu\/efi\/wp-json\/wp\/v2\/pages\/8727","targetHints":{"allow":["GET"]}}],"collection":[{"href":"http:\/\/szakrendelo-sarkad.hu\/efi\/wp-json\/wp\/v2\/pages"}],"about":[{"href":"http:\/\/szakrendelo-sarkad.hu\/efi\/wp-json\/wp\/v2\/types\/page"}],"author":[{"embeddable":true,"href":"http:\/\/szakrendelo-sarkad.hu\/efi\/wp-json\/wp\/v2\/users\/1"}],"replies":[{"embeddable":true,"href":"http:\/\/szakrendelo-sarkad.hu\/efi\/wp-json\/wp\/v2\/comments?post=8727"}],"version-history":[{"count":2,"href":"http:\/\/szakrendelo-sarkad.hu\/efi\/wp-json\/wp\/v2\/pages\/8727\/revisions"}],"predecessor-version":[{"id":9461,"href":"http:\/\/szakrendelo-sarkad.hu\/efi\/wp-json\/wp\/v2\/pages\/8727\/revisions\/9461"}],"wp:attachment":[{"href":"http:\/\/szakrendelo-sarkad.hu\/efi\/wp-json\/wp\/v2\/media?parent=8727"}],"curies":[{"name":"wp","href":"https:\/\/api.w.org\/{rel}","templated":true}]}}