{"id":22,"date":"2014-01-18T07:53:08","date_gmt":"2014-01-18T07:53:08","guid":{"rendered":"http:\/\/efi.szakrendelo-sarkad.hu\/?page_id=22"},"modified":"2025-02-26T12:23:40","modified_gmt":"2025-02-26T12:23:40","slug":"efi-bemutatas","status":"publish","type":"page","link":"https:\/\/szakrendelo-sarkad.hu\/efi\/efi-bemutatas\/","title":{"rendered":"EFI"},"content":{"rendered":"<h2 align=\"center\"><b>A projekt bemutat\u00e1sa<\/b><b><\/b><\/h2>\n<p>A projekt az \u00daj Sz\u00e9chenyi Terv T\u00e1rsadalmi Meg\u00fajul\u00e1s Operat\u00edv Program <b>T\u00c1MOP-6.1.2.\/LHH-11<\/b>&#8211;<b>B\/2012-0006 <\/b>\u201eEg\u00e9szs\u00e9gfejleszt\u00e9si szolg\u00e1ltat\u00e1sok kialak\u00edt\u00e1sa a Sarkadi Kist\u00e9rs\u00e9gben\u201d c\u00edm\u0171 100%-os t\u00e1mogatotts\u00e1g\u00fa p\u00e1ly\u00e1zatk\u00e9nt val\u00f3sult meg. F\u0151 jelmondatunk az \u201e Eg\u00e9szs\u00e9ges test a l\u00e9lek egyens\u00falya\u201d&nbsp; \u00f6nmag\u00e1\u00e9rt besz\u00e9l. A T\u00e1rsadalmi Meg\u00fajul\u00e1s Operat\u00edv Program 2011-13-as akci\u00f3terv\u00e9nek 6. priorit\u00e1sa egyr\u00e9szt az eg\u00e9szs\u00e9gmeg\u0151rz\u00e9s\u00e9t, m\u00e1sr\u00e9szt az eg\u00e9szs\u00e9g\u00fcgyi hum\u00e1n er\u0151forr\u00e1s fejleszt\u00e9s\u00e9t t\u0171zte ki c\u00e9lul. A 6. priorit\u00e1s a munkaer\u0151-piaci k\u00edn\u00e1lat oldal\u00e1nak fejleszt\u00e9se mellett az eg\u00e9szs\u00e9g\u00fcgyi ell\u00e1t\u00f3rendszerben dolgoz\u00f3k alkalmazkod\u00f3k\u00e9pess\u00e9g\u00e9nek jav\u00edt\u00e1s\u00e1t \u00e9s a lakoss\u00e1g eg\u00e9szs\u00e9gi \u00e1llapot\u00e1nak jav\u00edt\u00e1s\u00e1t t\u0171zte z\u00e1szlaj\u00e1ra.<\/p>\n<p>A projekt strat\u00e9giai c\u00e9lja a tervezett eg\u00e9szs\u00e9gfejleszt\u00e9si program megval\u00f3s\u00edt\u00e1sa az Eg\u00e9szs\u00e9gfejleszt\u00e9si Iroda kialak\u00edt\u00e1s\u00e1val \u00e9s m\u0171k\u00f6dtet\u00e9s\u00e9vel. A projekt eredm\u00e9nyek\u00e9nt hat\u00e9kony, eg\u00e9szs\u00e9gfejleszt\u00e9shez sz\u00fcks\u00e9ges k\u00f6vetelm\u00e9nyeknek megfelel\u0151, a partneri egy\u00fcttm\u0171k\u00f6d\u00e9sben rugalmas, korszer\u0171 szeml\u00e9letm\u00f3dot \u00e9rv\u00e9nyes\u00edt\u0151 szervezetek h\u00e1l\u00f3zata j\u00f6jj\u00f6n l\u00e9tre \u00e9s m\u0171k\u00f6dj\u00f6n.<\/p>\n<p><strong>A p\u00e1ly\u00e1zat illeszkedik:<\/strong><\/p>\n<ol>\n<li>a Semmelweis Tervhez,<\/li>\n<li>a Nemzeti N\u00e9peg\u00e9szs\u00e9g\u00fcgyi Programhoz,<\/li>\n<li>a Sz\u00edv-\u00e9s \u00e9rrendszeri Betegs\u00e9gek Megel\u0151z\u00e9s\u00e9nek \u00e9s Gy\u00f3gy\u00edt\u00e1s\u00e1nak Nemzeti Programj\u00e1hoz,<\/li>\n<li>a Nemzeti R\u00e1kellenes Programhoz,<\/li>\n<li>a Lelki Eg\u00e9szs\u00e9g Orsz\u00e1gos Programj\u00e1hoz<\/li>\n<li>a Sarkadi Kist\u00e9rs\u00e9gi Eg\u00e9szs\u00e9gtervhez.<\/li>\n<\/ol>\n<p><strong>A projekt operat\u00edv c\u00e9lja:<\/strong><\/p>\n<p>&#8211; Eg\u00e9szs\u00e9g\u00fcgyi ell\u00e1t\u00f3rendszerben m\u0171k\u00f6d\u0151 szervezetek k\u00f6z\u00f6tti egy\u00fcttm\u0171k\u00f6d\u00e9s er\u0151s\u00edt\u00e9se.<\/p>\n<p>&#8211; \u00c9letm\u00f3dv\u00e1lt\u00e1sra \u00f6szt\u00f6nz\u0151 \u00e9s az eg\u00e9szs\u00e9g\u00fcgyi alapell\u00e1t\u00e1shoz kapcsol\u00f3d\u00f3 szolg\u00e1ltat\u00e1sok kialak\u00edt\u00e1sa.<\/p>\n<p>&#8211; Eg\u00e9szs\u00e9ges \u00e9letm\u00f3dot t\u00e1mogat\u00f3 k\u00f6z\u00f6ss\u00e9gi mint\u00e1k elterjeszt\u00e9se.<\/p>\n<p>&#8211; Ment\u00e1lis eg\u00e9szs\u00e9g jav\u00edt\u00e1sa.<\/p>\n<p>&#8211; Doh\u00e1nyz\u00e1s \u00e9s alkoholfogyaszt\u00e1s visszaszor\u00edt\u00e1sa.<\/p>\n<p>&#8211; Kist\u00e9rs\u00e9gi szint\u0171 Eg\u00e9szs\u00e9gterv elk\u00e9sz\u00edt\u00e9se.<\/p>\n<p>Az Eg\u00e9szs\u00e9gfejleszt\u00e9si Iroda sz\u00ednes programok megszervez\u00e9s\u00e9vel ingyenesen ig\u00e9nybe vehet\u0151 \u00e1ltal\u00e1nos eg\u00e9szs\u00e9g\u00fcgyi \u00e1llapotfelm\u00e9r\u00e9s \u00e9s kock\u00e1zatbecsl\u00e9s, betegklubok m\u0171k\u00f6dtet\u00e9s\u00e9vel, felvil\u00e1gos\u00edt\u00f3 el\u0151ad\u00e1sok tart\u00e1s\u00e1val, sz\u0171r\u0151vizsg\u00e1latok lebonyol\u00edt\u00e1s\u00e1val, rendszeres testmozg\u00e1st \u00f6szt\u00f6nz\u0151 programok, \u00e9tkez\u00e9si tan\u00e1csokkal, doh\u00e1nyz\u00e1s-alkohol, lelki &#8211; p\u00e1rkapcsolati probl\u00e9m\u00e1kkal k\u00fczd\u0151k egy\u00e9ni \u00e9s csoportos tan\u00e1csad\u00e1s\u00e1val v\u00e1rja a Sarkadi Kist\u00e9rs\u00e9g ter\u00fclet\u00e9n \u00e9l\u0151 lakosokat. A Sarkadi Kist\u00e9rs\u00e9g minden telep\u00fcl\u00e9s\u00e9t bevonva, gondoskodik az eg\u00e9szs\u00e9get szolg\u00e1l\u00f3 pozit\u00edv magatart\u00e1si mint\u00e1k, k\u00f6z\u00f6ss\u00e9gi \u00e9rt\u00e9kek elterjeszt\u00e9s\u00e9r\u0151l.<\/p>\n<p><img loading=\"lazy\" decoding=\"async\" class=\"aligncenter size-full wp-image-4384\" src=\"http:\/\/kjcuj.fazekas.wdsite.hu\/efi\/wp-content\/uploads\/sites\/2\/2014\/01\/logobtm.jpg\" alt=\"\" width=\"661\" height=\"76\" srcset=\"https:\/\/szakrendelo-sarkad.hu\/efi\/wp-content\/uploads\/sites\/2\/2014\/01\/logobtm.jpg 661w, https:\/\/szakrendelo-sarkad.hu\/efi\/wp-content\/uploads\/sites\/2\/2014\/01\/logobtm-300x34.jpg 300w\" sizes=\"auto, (max-width: 661px) 100vw, 661px\" \/><\/p>\n<p>&nbsp;<\/p>\n","protected":false},"excerpt":{"rendered":"<div class=\"entry-summary\">\n<div class=\"entry-summary\">\nA projekt bemutat\u00e1sa A projekt az \u00daj Sz\u00e9chenyi Terv T\u00e1rsadalmi Meg\u00fajul\u00e1s Operat\u00edv Program T\u00c1MOP-6.1.2.\/LHH-11&#8211;B\/2012-0006 \u201eEg\u00e9szs\u00e9gfejleszt\u00e9si szolg\u00e1ltat\u00e1sok kialak\u00edt\u00e1sa a&hellip;\n<\/div>\n<div class=\"link-more\"><a href=\"https:\/\/szakrendelo-sarkad.hu\/efi\/efi-bemutatas\/\" class=\"more-link\">Continue reading<span class=\"screen-reader-text\"> &ldquo;EFI&rdquo;<\/span>&hellip;<\/a><\/div>\n<\/div>\n<div class=\"link-more\"><a href=\"https:\/\/szakrendelo-sarkad.hu\/efi\/efi-bemutatas\/\" class=\"more-link\">Continue reading<span class=\"screen-reader-text\"> &ldquo;EFI&rdquo;<\/span>&hellip;<\/a><\/div>\n","protected":false},"author":1,"featured_media":0,"parent":0,"menu_order":5,"comment_status":"closed","ping_status":"closed","template":"","meta":{"ngg_post_thumbnail":0,"footnotes":""},"class_list":["post-22","page","type-page","status-publish","hentry","entry"],"_links":{"self":[{"href":"https:\/\/szakrendelo-sarkad.hu\/efi\/wp-json\/wp\/v2\/pages\/22","targetHints":{"allow":["GET"]}}],"collection":[{"href":"https:\/\/szakrendelo-sarkad.hu\/efi\/wp-json\/wp\/v2\/pages"}],"about":[{"href":"https:\/\/szakrendelo-sarkad.hu\/efi\/wp-json\/wp\/v2\/types\/page"}],"author":[{"embeddable":true,"href":"https:\/\/szakrendelo-sarkad.hu\/efi\/wp-json\/wp\/v2\/users\/1"}],"replies":[{"embeddable":true,"href":"https:\/\/szakrendelo-sarkad.hu\/efi\/wp-json\/wp\/v2\/comments?post=22"}],"version-history":[{"count":1,"href":"https:\/\/szakrendelo-sarkad.hu\/efi\/wp-json\/wp\/v2\/pages\/22\/revisions"}],"predecessor-version":[{"id":9519,"href":"https:\/\/szakrendelo-sarkad.hu\/efi\/wp-json\/wp\/v2\/pages\/22\/revisions\/9519"}],"wp:attachment":[{"href":"https:\/\/szakrendelo-sarkad.hu\/efi\/wp-json\/wp\/v2\/media?parent=22"}],"curies":[{"name":"wp","href":"https:\/\/api.w.org\/{rel}","templated":true}]}}