{"id":2292,"date":"2016-10-17T11:32:03","date_gmt":"2016-10-17T11:32:03","guid":{"rendered":"http:\/\/efi.szakrendelo-sarkad.hu\/?page_id=2292"},"modified":"2025-11-21T09:23:51","modified_gmt":"2025-11-21T09:23:51","slug":"2292-2","status":"publish","type":"page","link":"https:\/\/szakrendelo-sarkad.hu\/efi\/2292-2\/","title":{"rendered":"Kiadv\u00e1nyaink"},"content":{"rendered":"\n\n\t<p>K\u00e9rj\u00fck kattintson az al\u00e1bbi kiadv\u00e1nyok megtekint\u00e9s\u00e9hez, vagy keresse \u0151ket int\u00e9zm\u00e9ny\u00fcnkben!<\/p>\n<p>&nbsp;<\/p>\n<p>&nbsp;<\/p>\n<table align=\"center\">\n<tbody>\n<tr>\n<td align=\"center\"><a href=\"\/efi\/kiadvany-online-zaklatas-2025\/\"><img loading=\"lazy\" decoding=\"async\" src=\"http:\/\/szakrendelo-sarkad.hu\/efi\/wp-content\/uploads\/sites\/2\/2025\/11\/thumb.png\" alt=\"\" width=\"100\" height=\"212\" \/><\/a><\/td>\n<td align=\"center\"><a href=\"\/efi\/kiadvany-tegyen-lelke-egeszsegeert-is\/\"><img loading=\"lazy\" decoding=\"async\" src=\"http:\/\/szakrendelo-sarkad.hu\/efi\/wp-content\/uploads\/sites\/2\/2025\/11\/thumb-1.png\" alt=\"\" width=\"100\" height=\"212\" \/><\/a><\/td>\n<td align=\"center\"><a href=\"\/efi\/kiadvany-szuressel-az-egeszsegert-1-2\/\"><img loading=\"lazy\" decoding=\"async\" src=\"http:\/\/szakrendelo-sarkad.hu\/efi\/wp-content\/uploads\/sites\/2\/2025\/11\/thumb-2.png\" alt=\"\" width=\"100\" height=\"212\" \/><\/a><\/td>\n<td align=\"center\"><a href=\"\/efi\/kiadvany-szuressel-az-egeszsegert-2-2\/\"><img loading=\"lazy\" decoding=\"async\" src=\"http:\/\/szakrendelo-sarkad.hu\/efi\/wp-content\/uploads\/sites\/2\/2025\/11\/thumb-3.png\" alt=\"\" width=\"100\" height=\"212\" \/><\/a><\/td>\n<td align=\"center\"><a href=\"https:\/\/szakrendelo-sarkad.hu\/Kiadvanyok2022\/SarkadEFILeaflet_2022Web_Resz2.pdf\" target=\"_blank\" rel=\"noopener\"><img loading=\"lazy\" decoding=\"async\" src=\"http:\/\/szakrendelo-sarkad.hu\/efi\/wp-content\/uploads\/sites\/2\/2022\/12\/thumb-6.jpg\" alt=\"\" width=\"100\" height=\"212\" \/><\/a><\/td>\n<\/tr>\n<tr>\n<td align=\"center\"><a href=\"\/efi\/kiadvany-a-mokuska-es-a-ludtalpas-oroszlan-meseje-2\/\" rel=\"noopener\"><img loading=\"lazy\" decoding=\"async\" src=\"http:\/\/szakrendelo-sarkad.hu\/efi\/wp-content\/uploads\/sites\/2\/2022\/12\/thumb-7.jpg\" alt=\"\" width=\"100\" height=\"212\" \/><\/a><\/td>\n<td align=\"center\"><a href=\"https:\/\/szakrendelo-sarkad.hu\/Kiadvanyok2022\/SarkadEFILeaflet_2022Web_Resz3.pdf\" target=\"_blank\" rel=\"noopener\"><img loading=\"lazy\" decoding=\"async\" src=\"http:\/\/szakrendelo-sarkad.hu\/efi\/wp-content\/uploads\/sites\/2\/2022\/12\/thumb-8.jpg\" alt=\"\" width=\"100\" height=\"212\" \/><\/a><\/td>\n<td align=\"center\"><a href=\"https:\/\/szakrendelo-sarkad.hu\/Kiadvanyok2022\/SarkadEFILeaflet_2022Web_Resz4.pdf\" target=\"_blank\" rel=\"noopener\"><img loading=\"lazy\" decoding=\"async\" src=\"http:\/\/szakrendelo-sarkad.hu\/efi\/wp-content\/uploads\/sites\/2\/2022\/12\/thumb-9.jpg\" alt=\"\" width=\"100\" height=\"212\" \/><\/a><\/td>\n<td align=\"center\"><a href=\"https:\/\/szakrendelo-sarkad.hu\/Kiadvanyok2022\/SarkadEFILeaflet_2022Web_Resz5.pdf\" target=\"_blank\" rel=\"noopener\"><img loading=\"lazy\" decoding=\"async\" src=\"http:\/\/szakrendelo-sarkad.hu\/efi\/wp-content\/uploads\/sites\/2\/2022\/12\/thumb.jpg\" alt=\"\" width=\"100\" height=\"212\" \/><\/a><\/td>\n<td align=\"center\"><a href=\"https:\/\/szakrendelo-sarkad.hu\/Kiadvanyok2022\/SarkadEFILeaflet_2022Web_Resz6.pdf\" rel=\"noopener\"><img loading=\"lazy\" decoding=\"async\" src=\"http:\/\/szakrendelo-sarkad.hu\/efi\/wp-content\/uploads\/sites\/2\/2022\/12\/thumb-1.jpg\" alt=\"\" width=\"100\" height=\"212\" \/><\/a><\/td>\n<\/tr>\n<tr>\n<td align=\"center\"><a href=\"https:\/\/szakrendelo-sarkad.hu\/Kiadvanyok2022\/SarkadEFILeaflet_2022Web_Resz7.pdf\" target=\"_blank\" rel=\"noopener\"><img loading=\"lazy\" decoding=\"async\" src=\"http:\/\/szakrendelo-sarkad.hu\/efi\/wp-content\/uploads\/sites\/2\/2022\/12\/thumb-2.jpg\" alt=\"\" width=\"100\" height=\"212\" \/><\/a><\/td>\n<td align=\"center\"><a href=\"https:\/\/szakrendelo-sarkad.hu\/Kiadvanyok2022\/SarkadEFILeaflet_2022Web_Resz8.pdf\" target=\"_blank\" rel=\"noopener\"><img loading=\"lazy\" decoding=\"async\" src=\"http:\/\/szakrendelo-sarkad.hu\/efi\/wp-content\/uploads\/sites\/2\/2022\/12\/thumb-3.jpg\" alt=\"\" width=\"100\" height=\"212\" \/><\/a><\/td>\n<td align=\"center\"><a href=\"https:\/\/szakrendelo-sarkad.hu\/Kiadvanyok2022\/SarkadEFILeaflet_2022Web_Resz9.pdf\" rel=\"noopener\"><img loading=\"lazy\" decoding=\"async\" src=\"http:\/\/szakrendelo-sarkad.hu\/efi\/wp-content\/uploads\/sites\/2\/2022\/12\/thumb-4.jpg\" alt=\"\" width=\"100\" height=\"212\" \/><\/a><\/td>\n<td align=\"center\"><a href=\"https:\/\/szakrendelo-sarkad.hu\/Kiadvanyok2022\/SarkadEFILeaflet_2022Web_Resz10.pdf\" rel=\"noopener\"><img loading=\"lazy\" decoding=\"async\" src=\"http:\/\/szakrendelo-sarkad.hu\/efi\/wp-content\/uploads\/sites\/2\/2022\/12\/thumb-5.jpg\" alt=\"\" width=\"100\" height=\"212\" \/><\/a><\/td>\n<td align=\"center\"><a href=\"\/efi\/kiadvany-allergia\"><img loading=\"lazy\" decoding=\"async\" src=\"http:\/\/szakrendelo-sarkad.hu\/efi\/wp-content\/uploads\/sites\/2\/2016\/10\/allergia_t.jpg\" alt=\"Allergia\" width=\"100\" height=\"213\" \/><\/a><\/td>\n<\/tr>\n<tr>\n<td align=\"center\"><a href=\"\/efi\/kiadvany-daganatos-betegsegek-megelozese\"><img loading=\"lazy\" decoding=\"async\" src=\"http:\/\/szakrendelo-sarkad.hu\/efi\/wp-content\/uploads\/sites\/2\/2016\/10\/daganat_t.jpg\" alt=\"Daganatos betegs\u00e9gek megel\u0151z\u00e9se\" width=\"100\" height=\"212\" \/><\/a><\/td>\n<td align=\"center\"><a href=\"\/efi\/kiadvany-gyogytorna-a-szules-elott\"><img loading=\"lazy\" decoding=\"async\" src=\"http:\/\/szakrendelo-sarkad.hu\/efi\/wp-content\/uploads\/sites\/2\/2016\/10\/gyogytorna_t.jpg\" alt=\"\" width=\"100\" height=\"212\" \/><\/a><\/td>\n<td align=\"center\"><a href=\"\/efi\/kiadvany-hazipatika\"><img loading=\"lazy\" decoding=\"async\" src=\"http:\/\/szakrendelo-sarkad.hu\/efi\/wp-content\/uploads\/sites\/2\/2016\/10\/hazipatika_t.jpg\" alt=\"\" width=\"100\" height=\"212\" \/><\/a><\/td>\n<td align=\"center\"><a href=\"\/letoltheto\/kiadvany_kezhigiene.pdf\" target=\"_blank\" rel=\"noopener noreferrer\"><img loading=\"lazy\" decoding=\"async\" src=\"http:\/\/szakrendelo-sarkad.hu\/efi\/wp-content\/uploads\/sites\/2\/2016\/10\/kezhigene_t.jpg\" alt=\"\" width=\"100\" height=\"212\" \/><\/a><\/td>\n<td align=\"center\"><a href=\"\/efi\/kiadvany-egeszseges-taplalkozas\"><img loading=\"lazy\" decoding=\"async\" src=\"http:\/\/szakrendelo-sarkad.hu\/efi\/wp-content\/uploads\/sites\/2\/2016\/10\/thumb.jpg\" alt=\"\" width=\"100\" height=\"212\" \/><\/a><\/td>\n<\/tr>\n<tr>\n<td align=\"center\"><a href=\"\/efi\/kiadvany-szajapolas-fogapolas\"><img loading=\"lazy\" decoding=\"async\" src=\"http:\/\/szakrendelo-sarkad.hu\/efi\/wp-content\/uploads\/sites\/2\/2016\/10\/szajapolas_t.jpg\" alt=\"\" width=\"100\" height=\"212\" \/><\/a><\/td>\n<td align=\"center\"><a href=\"\/efi\/kiadvany-szertelenul\"><img loading=\"lazy\" decoding=\"async\" src=\"http:\/\/szakrendelo-sarkad.hu\/efi\/wp-content\/uploads\/sites\/2\/2016\/10\/szertelenul_t.jpg\" alt=\"\" width=\"100\" height=\"212\" \/><\/a><\/td>\n<td align=\"center\"><a href=\"\/efi\/kiadvany-alapszintu-ujraelesztes\"><img loading=\"lazy\" decoding=\"async\" src=\"http:\/\/szakrendelo-sarkad.hu\/efi\/wp-content\/uploads\/sites\/2\/2016\/10\/ujrael_t.jpg\" alt=\"\" width=\"100\" height=\"213\" \/><\/a><\/td>\n<td align=\"center\"><a href=\"\/efi\/kiadvanyok-vedooltasok\"><img loading=\"lazy\" decoding=\"async\" src=\"http:\/\/szakrendelo-sarkad.hu\/efi\/wp-content\/uploads\/sites\/2\/2016\/10\/vedooltas_t.jpg\" alt=\"\" width=\"100\" height=\"212\" \/><\/a><\/td>\n<td align=\"center\"><a href=\"\/efi\/kiadvany-here-onvizsgalat\"><img loading=\"lazy\" decoding=\"async\" src=\"http:\/\/szakrendelo-sarkad.hu\/efi\/wp-content\/uploads\/sites\/2\/2016\/10\/thumb-4.jpg\" alt=\"\" width=\"100\" height=\"212\" \/><\/a><\/td>\n<\/tr>\n<tr>\n<td align=\"center\"><a href=\"\/efi\/kiadvany-rendszeres-testmozgas\"><img loading=\"lazy\" decoding=\"async\" src=\"http:\/\/szakrendelo-sarkad.hu\/efi\/wp-content\/uploads\/sites\/2\/2016\/10\/thumb-2.jpg\" alt=\"\" width=\"100\" height=\"212\" \/><\/a><\/td>\n<td align=\"center\"><a href=\"\/efi\/kiadvany-alakformalas\"><img loading=\"lazy\" decoding=\"async\" src=\"http:\/\/szakrendelo-sarkad.hu\/efi\/wp-content\/uploads\/sites\/2\/2016\/10\/LA4_komplett-EFI-www.imagesplitter.net-0-2.jpg\" alt=\"\" width=\"100\" height=\"212\" \/><\/a><\/td>\n<td align=\"center\"><a href=\"\/efi\/kiadvany-jump-fitness\"><img loading=\"lazy\" decoding=\"async\" src=\"http:\/\/szakrendelo-sarkad.hu\/efi\/wp-content\/uploads\/sites\/2\/2016\/10\/LA4_komplett-EFI3-www.imagesplitter.net-0-2.jpg\" alt=\"\" width=\"100\" height=\"212\" \/><\/a><\/td>\n<td align=\"center\"><a href=\"\/efi\/kiadvany-zumba\"><img loading=\"lazy\" decoding=\"async\" src=\"http:\/\/szakrendelo-sarkad.hu\/efi\/wp-content\/uploads\/sites\/2\/2016\/10\/LA4_komplett-EFI5-www.imagesplitter.net-0-2.jpg\" alt=\"\" width=\"100\" height=\"212\" \/><\/a><\/td>\n<td align=\"center\"><a href=\"\/efi\/kiadvany-twist-step\"><img loading=\"lazy\" decoding=\"async\" src=\"http:\/\/szakrendelo-sarkad.hu\/efi\/wp-content\/uploads\/sites\/2\/2016\/10\/LA4_komplett-EFI7-www.imagesplitter.net-0-2.jpg\" alt=\"\" width=\"100\" height=\"212\" \/><\/a><\/td>\n<\/tr>\n<tr>\n<td align=\"center\"><a href=\"\/efi\/kiadvany-gyogytorna\"><img loading=\"lazy\" decoding=\"async\" src=\"http:\/\/szakrendelo-sarkad.hu\/efi\/wp-content\/uploads\/sites\/2\/2016\/10\/LA4_komplett-EFI9-www.imagesplitter.net-0-2.jpg\" alt=\"\" width=\"100\" height=\"212\" \/><\/a><\/td>\n<td align=\"center\"><a href=\"\/efi\/kiadvany-kyokushin-karate\"><img loading=\"lazy\" decoding=\"async\" src=\"http:\/\/szakrendelo-sarkad.hu\/efi\/wp-content\/uploads\/sites\/2\/2016\/10\/LA4_komplett-EFI11-www.imagesplitter.net-0-2.jpg\" alt=\"\" width=\"100\" height=\"212\" \/><\/a><\/td>\n<td align=\"center\"><a href=\"\/efi\/kiadvany-amig-a-mento-megerkezik\"><img loading=\"lazy\" decoding=\"async\" src=\"http:\/\/szakrendelo-sarkad.hu\/efi\/wp-content\/uploads\/sites\/2\/2016\/10\/front_thumb.jpg\" alt=\"\" width=\"100\" height=\"212\" \/><\/a><\/td>\n<td align=\"center\"><a href=\"\/efi\/kiadvany-kozlekedesbiztonsag\"><img loading=\"lazy\" decoding=\"async\" src=\"http:\/\/szakrendelo-sarkad.hu\/efi\/wp-content\/uploads\/sites\/2\/2016\/10\/kozlekedes_t.jpg\" alt=\"\" width=\"100\" height=\"213\" \/><\/a><\/td>\n<td align=\"center\"><a href=\"\/efi\/kiadvany-ismerkedes-az-elsosegelynyujtassal\"><img loading=\"lazy\" decoding=\"async\" src=\"http:\/\/szakrendelo-sarkad.hu\/efi\/wp-content\/uploads\/sites\/2\/2016\/10\/thumb-5.jpg\" alt=\"\" width=\"100\" height=\"212\" \/><\/a><\/td>\n<\/tr>\n<tr>\n<td align=\"center\"><a href=\"\/efi\/kiadvany-a-hulladek-nem-tuzre-valo\"><img loading=\"lazy\" decoding=\"async\" src=\"http:\/\/szakrendelo-sarkad.hu\/efi\/wp-content\/uploads\/sites\/2\/2016\/10\/thumb-1.jpg\" alt=\"\" width=\"100\" height=\"212\" \/><\/a><\/td>\n<td align=\"center\"><a href=\"http:\/\/szakrendelo-sarkad.hu\/efi\/kiadvany-online-zaklatas\/?preview=true\"><img loading=\"lazy\" decoding=\"async\" src=\"http:\/\/szakrendelo-sarkad.hu\/efi\/wp-content\/uploads\/sites\/2\/2021\/06\/thumb.jpg\" alt=\"\" width=\"100\" height=\"214\" \/><\/a><\/td>\n<td align=\"center\"><a href=\"http:\/\/szakrendelo-sarkad.hu\/efi\/kiadvany-miert-fontos-a-relaxacio\/?preview=true\"><img loading=\"lazy\" decoding=\"async\" src=\"http:\/\/szakrendelo-sarkad.hu\/efi\/wp-content\/uploads\/sites\/2\/2021\/06\/thumb-1.jpg\" alt=\"\" width=\"100\" height=\"214\" \/><\/a><\/td>\n<td><a href=\"http:\/\/szakrendelo-sarkad.hu\/efi\/kiadvany-stressz\/?preview=true\"><img loading=\"lazy\" decoding=\"async\" src=\"http:\/\/szakrendelo-sarkad.hu\/efi\/wp-content\/uploads\/sites\/2\/2021\/06\/thumb-3.jpg\" alt=\"\" width=\"100\" height=\"214\" \/><\/a><\/td>\n<td><a href=\"http:\/\/szakrendelo-sarkad.hu\/efi\/kiadvany-maradjunk-aktivak-az-onkentes-karanten-alatt-is\/\"><img loading=\"lazy\" decoding=\"async\" src=\"http:\/\/szakrendelo-sarkad.hu\/efi\/wp-content\/uploads\/sites\/2\/2022\/07\/thumb-4.jpg\" alt=\"\" width=\"101\" height=\"214\" \/><\/a><\/td>\n<\/tr>\n<tr>\n<td><a href=\"http:\/\/szakrendelo-sarkad.hu\/efi\/kiadvany-hasznos-eszkozok-otthoni-edzeshez\/\"><img loading=\"lazy\" decoding=\"async\" src=\"http:\/\/szakrendelo-sarkad.hu\/efi\/wp-content\/uploads\/sites\/2\/2022\/07\/thumb-8.jpg\" alt=\"\" width=\"101\" height=\"214\" \/><\/a><\/td>\n<td><a href=\"http:\/\/szakrendelo-sarkad.hu\/efi\/kiadvany-ne-gyujts-ra\/\"><img loading=\"lazy\" decoding=\"async\" src=\"http:\/\/szakrendelo-sarkad.hu\/efi\/wp-content\/uploads\/sites\/2\/2022\/07\/thumb-2.jpg\" alt=\"\" width=\"101\" height=\"214\" \/><\/a><\/td>\n<td><a href=\"http:\/\/szakrendelo-sarkad.hu\/efi\/kiadvany-nem-reszeg-csak-leesett-a-cukra\/\"><img loading=\"lazy\" decoding=\"async\" src=\"http:\/\/szakrendelo-sarkad.hu\/efi\/wp-content\/uploads\/sites\/2\/2022\/07\/thumb-6.jpg\" alt=\"\" width=\"101\" height=\"214\" \/><\/a><\/td>\n<td><a href=\"http:\/\/szakrendelo-sarkad.hu\/efi\/kiadvany-cincogo-es-ronto\/\"><img loading=\"lazy\" decoding=\"async\" src=\"http:\/\/szakrendelo-sarkad.hu\/efi\/wp-content\/uploads\/sites\/2\/2022\/08\/thumb-1.jpg\" alt=\"\" width=\"103\" height=\"214\" \/><\/a><\/td>\n<td><a href=\"http:\/\/szakrendelo-sarkad.hu\/efi\/kiadvany-cincogo-hogyan-hiztam-meg\/\"><img loading=\"lazy\" decoding=\"async\" src=\"http:\/\/szakrendelo-sarkad.hu\/efi\/wp-content\/uploads\/sites\/2\/2022\/07\/thumb.jpg\" alt=\"\" width=\"151\" height=\"214\" \/><\/a><\/td>\n<\/tr>\n<tr>\n<td><a href=\"http:\/\/szakrendelo-sarkad.hu\/efi\/kiadvany-tiszta-kezek\/\"><img loading=\"lazy\" decoding=\"async\" src=\"http:\/\/szakrendelo-sarkad.hu\/efi\/wp-content\/uploads\/sites\/2\/2022\/07\/thumb.png\" alt=\"\" width=\"101\" height=\"214\" \/><\/a><\/td>\n<td><a href=\"http:\/\/szakrendelo-sarkad.hu\/efi\/kiadvany-gerinctorna\/\"><img loading=\"lazy\" decoding=\"async\" src=\"http:\/\/szakrendelo-sarkad.hu\/efi\/wp-content\/uploads\/sites\/2\/2022\/07\/thumb-1.png\" alt=\"\" width=\"101\" height=\"214\" \/><\/a><\/td>\n<td><a href=\"http:\/\/szakrendelo-sarkad.hu\/efi\/kiadvany-munkavedelem-rendkivuli-idojarasi-korulmenyek-kozott\/\"><img loading=\"lazy\" decoding=\"async\" src=\"http:\/\/szakrendelo-sarkad.hu\/efi\/wp-content\/uploads\/sites\/2\/2022\/07\/thumb-4.png\" alt=\"\" width=\"101\" height=\"214\" \/><\/a><\/td>\n<td><a href=\"http:\/\/szakrendelo-sarkad.hu\/efi\/kiadvany-munkavedelem-irodai-munkahelyek-kialakitasa\/\"><img loading=\"lazy\" decoding=\"async\" src=\"http:\/\/szakrendelo-sarkad.hu\/efi\/wp-content\/uploads\/sites\/2\/2022\/07\/thumb-9.png\" alt=\"\" width=\"101\" height=\"214\" \/><\/a><\/td>\n<td><a href=\"http:\/\/szakrendelo-sarkad.hu\/efi\/kiadvany-ciki-a-cigi\/\"><img loading=\"lazy\" decoding=\"async\" src=\"http:\/\/szakrendelo-sarkad.hu\/efi\/wp-content\/uploads\/sites\/2\/2021\/06\/thumb-6.jpg\" alt=\"\" width=\"100\" height=\"212\" \/><\/a><\/td>\n<\/tr>\n<tr>\n<td><a href=\"http:\/\/szakrendelo-sarkad.hu\/efi\/kiadvany-jatekos-egeszseg-mesek-es-szinezok\/\"><img loading=\"lazy\" decoding=\"async\" src=\"http:\/\/szakrendelo-sarkad.hu\/efi\/wp-content\/uploads\/sites\/2\/2022\/08\/thumb.jpg\" alt=\"\" width=\"151\" height=\"214\" \/><\/a><\/td>\n\n\n\n\n<\/tr>\n<\/tbody>\n<\/table>\n<p>Egyoldalas kiadv\u00e1nyok:<\/p>\n<table align=\"center\">\n<tbody>\n<tr>\n<td><a href=\"http:\/\/szakrendelo-sarkad.hu\/efi\/wp-content\/uploads\/sites\/2\/2021\/06\/done.jpg\" target=\"_blank\" rel=\"noopener\"><img loading=\"lazy\" decoding=\"async\" src=\"http:\/\/szakrendelo-sarkad.hu\/efi\/wp-content\/uploads\/sites\/2\/2021\/06\/done-150x150.jpg\" alt=\"\" width=\"150\" height=\"150\" \/><\/a><\/td>\n<td><a href=\"http:\/\/szakrendelo-sarkad.hu\/efi\/wp-content\/uploads\/sites\/2\/2021\/06\/done-1.jpg\" target=\"_blank\" rel=\"noopener\"><img loading=\"lazy\" decoding=\"async\" src=\"http:\/\/szakrendelo-sarkad.hu\/efi\/wp-content\/uploads\/sites\/2\/2021\/06\/done-1-150x150.jpg\" alt=\"\" width=\"150\" height=\"150\" \/><\/a><\/td>\n<td><a href=\"http:\/\/szakrendelo-sarkad.hu\/efi\/wp-content\/uploads\/sites\/2\/2021\/06\/done-2.jpg\" target=\"_blank\" rel=\"noopener\"><img loading=\"lazy\" decoding=\"async\" src=\"http:\/\/szakrendelo-sarkad.hu\/efi\/wp-content\/uploads\/sites\/2\/2021\/06\/done-2-150x150.jpg\" alt=\"\" width=\"150\" height=\"150\" \/><\/a><\/td>\n<td><a href=\"http:\/\/szakrendelo-sarkad.hu\/efi\/wp-content\/uploads\/sites\/2\/2021\/06\/done-3.jpg\" target=\"_blank\" rel=\"noopener\"><img loading=\"lazy\" decoding=\"async\" src=\"http:\/\/szakrendelo-sarkad.hu\/efi\/wp-content\/uploads\/sites\/2\/2021\/06\/done-3-150x150.jpg\" alt=\"\" width=\"150\" height=\"150\" \/><\/a><\/td>\n<td><a href=\"http:\/\/szakrendelo-sarkad.hu\/efi\/wp-content\/uploads\/sites\/2\/2021\/06\/done-4.jpg\" target=\"_blank\" rel=\"noopener\"><img loading=\"lazy\" decoding=\"async\" src=\"http:\/\/szakrendelo-sarkad.hu\/efi\/wp-content\/uploads\/sites\/2\/2021\/06\/done-4-150x150.jpg\" alt=\"\" width=\"150\" height=\"150\" \/><\/a><\/td>\n<\/tr>\n<tr>\n<td><a href=\"http:\/\/szakrendelo-sarkad.hu\/efi\/wp-content\/uploads\/sites\/2\/2021\/06\/done_1.jpg\" target=\"_blank\" rel=\"noopener\"><img loading=\"lazy\" decoding=\"async\" src=\"http:\/\/szakrendelo-sarkad.hu\/efi\/wp-content\/uploads\/sites\/2\/2021\/06\/done_1-150x150.jpg\" alt=\"\" width=\"150\" height=\"150\" \/><\/a><\/td>\n<td><a href=\"http:\/\/szakrendelo-sarkad.hu\/efi\/wp-content\/uploads\/sites\/2\/2021\/06\/done_2.jpg\" target=\"_blank\" rel=\"noopener\"><img loading=\"lazy\" decoding=\"async\" src=\"http:\/\/szakrendelo-sarkad.hu\/efi\/wp-content\/uploads\/sites\/2\/2021\/06\/done_2-150x150.jpg\" alt=\"\" width=\"150\" height=\"150\" \/><\/a><\/td>\n\n\n\n<\/tr>\n<\/tbody>\n<\/table>\n<p>H\u00edrlev\u00e9l kiadv\u00e1nyok:<\/p>\n<table align=\"center\">\n<tbody>\n<tr>\n<td><a href=\"http:\/\/szakrendelo-sarkad.hu\/efi\/wp-content\/uploads\/sites\/2\/2021\/06\/6_tema_a4_2oldal_jav_Resz1-1.jpg\" target=\"_blank\" rel=\"noopener\"><img loading=\"lazy\" decoding=\"async\" src=\"http:\/\/szakrendelo-sarkad.hu\/efi\/wp-content\/uploads\/sites\/2\/2021\/06\/6_tema_a4_2oldal_jav_Resz1-1-150x150.jpg\" alt=\"\" width=\"150\" height=\"150\" \/><\/a><\/td>\n<td><a href=\"http:\/\/szakrendelo-sarkad.hu\/efi\/wp-content\/uploads\/sites\/2\/2021\/06\/6_tema_a4_2oldal_jav_Resz1-2.jpg\" target=\"_blank\" rel=\"noopener\"><img loading=\"lazy\" decoding=\"async\" src=\"http:\/\/szakrendelo-sarkad.hu\/efi\/wp-content\/uploads\/sites\/2\/2021\/06\/6_tema_a4_2oldal_jav_Resz1-2-150x150.jpg\" alt=\"\" width=\"150\" height=\"150\" \/><\/a><\/td>\n<td><a href=\"http:\/\/szakrendelo-sarkad.hu\/efi\/wp-content\/uploads\/sites\/2\/2021\/06\/6_tema_a4_2oldal_jav_Resz2-1.jpg\" target=\"_blank\" rel=\"noopener\"><img loading=\"lazy\" decoding=\"async\" src=\"http:\/\/szakrendelo-sarkad.hu\/efi\/wp-content\/uploads\/sites\/2\/2021\/06\/6_tema_a4_2oldal_jav_Resz2-1-150x150.jpg\" alt=\"\" width=\"150\" height=\"150\" \/><\/a><\/td>\n<td><a href=\"http:\/\/szakrendelo-sarkad.hu\/efi\/wp-content\/uploads\/sites\/2\/2021\/06\/6_tema_a4_2oldal_jav_Resz2-2.jpg\" target=\"_blank\" rel=\"noopener\"><img loading=\"lazy\" decoding=\"async\" src=\"http:\/\/szakrendelo-sarkad.hu\/efi\/wp-content\/uploads\/sites\/2\/2021\/06\/6_tema_a4_2oldal_jav_Resz2-2-150x150.jpg\" alt=\"\" width=\"150\" height=\"150\" \/><\/a><\/td>\n<td><a href=\"http:\/\/szakrendelo-sarkad.hu\/efi\/wp-content\/uploads\/sites\/2\/2021\/06\/6_tema_a4_2oldal_jav_Resz3-1.jpg\" target=\"_blank\" rel=\"noopener\"><img loading=\"lazy\" decoding=\"async\" src=\"http:\/\/szakrendelo-sarkad.hu\/efi\/wp-content\/uploads\/sites\/2\/2021\/06\/6_tema_a4_2oldal_jav_Resz3-1-150x150.jpg\" alt=\"\" width=\"150\" height=\"150\" \/><\/a><\/td>\n<td><a href=\"http:\/\/szakrendelo-sarkad.hu\/efi\/wp-content\/uploads\/sites\/2\/2021\/06\/6_tema_a4_2oldal_jav_Resz3-2.jpg\" target=\"_blank\" rel=\"noopener\"><img loading=\"lazy\" decoding=\"async\" src=\"http:\/\/szakrendelo-sarkad.hu\/efi\/wp-content\/uploads\/sites\/2\/2021\/06\/6_tema_a4_2oldal_jav_Resz3-2-150x150.jpg\" alt=\"\" width=\"150\" height=\"150\" \/><\/a><\/td>\n<\/tr>\n<tr>\n<td><a href=\"http:\/\/szakrendelo-sarkad.hu\/efi\/wp-content\/uploads\/sites\/2\/2021\/06\/6_tema_a4_2oldal_jav_Resz4-1.jpg\" target=\"_blank\" rel=\"noopener\"><img loading=\"lazy\" decoding=\"async\" src=\"http:\/\/szakrendelo-sarkad.hu\/efi\/wp-content\/uploads\/sites\/2\/2021\/06\/6_tema_a4_2oldal_jav_Resz4-1-150x150.jpg\" alt=\"\" width=\"150\" height=\"150\" \/><\/a><\/td>\n<td><a href=\"http:\/\/szakrendelo-sarkad.hu\/efi\/wp-content\/uploads\/sites\/2\/2021\/06\/6_tema_a4_2oldal_jav_Resz4-2.jpg\" target=\"_blank\" rel=\"noopener\"><img loading=\"lazy\" decoding=\"async\" src=\"http:\/\/szakrendelo-sarkad.hu\/efi\/wp-content\/uploads\/sites\/2\/2021\/06\/6_tema_a4_2oldal_jav_Resz4-2-150x150.jpg\" alt=\"\" width=\"150\" height=\"150\" \/><\/a><\/td>\n<td><a href=\"http:\/\/szakrendelo-sarkad.hu\/efi\/wp-content\/uploads\/sites\/2\/2021\/06\/6_tema_a4_2oldal_jav_Resz5-1.jpg\" target=\"_blank\" rel=\"noopener\"><img loading=\"lazy\" decoding=\"async\" src=\"http:\/\/szakrendelo-sarkad.hu\/efi\/wp-content\/uploads\/sites\/2\/2021\/06\/6_tema_a4_2oldal_jav_Resz5-1-150x150.jpg\" alt=\"\" width=\"150\" height=\"150\" \/><\/a><\/td>\n<td><a href=\"http:\/\/szakrendelo-sarkad.hu\/efi\/wp-content\/uploads\/sites\/2\/2021\/06\/6_tema_a4_2oldal_jav_Resz5-2.jpg\" target=\"_blank\" rel=\"noopener\"><img loading=\"lazy\" decoding=\"async\" src=\"http:\/\/szakrendelo-sarkad.hu\/efi\/wp-content\/uploads\/sites\/2\/2021\/06\/6_tema_a4_2oldal_jav_Resz5-2-150x150.jpg\" alt=\"\" width=\"150\" height=\"150\" \/><\/a><\/td>\n<td><a href=\"http:\/\/szakrendelo-sarkad.hu\/efi\/wp-content\/uploads\/sites\/2\/2021\/06\/6_tema_a4_2oldal_jav_Resz6-1.jpg\" target=\"_blank\" rel=\"noopener\"><img loading=\"lazy\" decoding=\"async\" src=\"http:\/\/szakrendelo-sarkad.hu\/efi\/wp-content\/uploads\/sites\/2\/2021\/06\/6_tema_a4_2oldal_jav_Resz6-1-150x150.jpg\" alt=\"\" width=\"150\" height=\"150\" \/><\/a><\/td>\n<td><a href=\"http:\/\/szakrendelo-sarkad.hu\/efi\/wp-content\/uploads\/sites\/2\/2021\/06\/6_tema_a4_2oldal_jav_Resz6-2.jpg\" target=\"_blank\" rel=\"noopener\"><img loading=\"lazy\" decoding=\"async\" src=\"http:\/\/szakrendelo-sarkad.hu\/efi\/wp-content\/uploads\/sites\/2\/2021\/06\/6_tema_a4_2oldal_jav_Resz6-2-150x150.jpg\" alt=\"\" width=\"150\" height=\"150\" \/><\/a><\/td>\n<\/tr>\n<\/tbody>\n<\/table>\n<p>Kiadv\u00e1nyok mell\u00e9klettel:<\/p>\n<p>&nbsp;<\/p>\n<table align=\"center\">\n<tbody>\n<tr>\n<td><a href=\"http:\/\/szakrendelo-sarkad.hu\/efi\/kiadvany-az-egeszseges-taplalkozas-ismervei\/\"><img loading=\"lazy\" decoding=\"async\" src=\"http:\/\/szakrendelo-sarkad.hu\/efi\/wp-content\/uploads\/sites\/2\/2021\/06\/thumb-4.jpg\" alt=\"\" width=\"100\" height=\"212\" \/><\/a><\/td>\n<td><a href=\"http:\/\/szakrendelo-sarkad.hu\/efi\/kiadvany-mi-a-lelki-egeszseg\/\"><img loading=\"lazy\" decoding=\"async\" src=\"http:\/\/szakrendelo-sarkad.hu\/efi\/wp-content\/uploads\/sites\/2\/2021\/06\/thumb-5.jpg\" alt=\"\" width=\"100\" height=\"212\" \/><\/a><\/td>\n<td><a href=\"http:\/\/szakrendelo-sarkad.hu\/efi\/kiadvany-a-nevetes-gyogyit-es-boldogga-tesz\/\"><img loading=\"lazy\" decoding=\"async\" src=\"http:\/\/szakrendelo-sarkad.hu\/efi\/wp-content\/uploads\/sites\/2\/2021\/06\/thumb-7.jpg\" alt=\"\" width=\"100\" height=\"215\" \/><\/a><\/td>\n<\/tr>\n<\/tbody>\n<\/table>\n\n","protected":false},"excerpt":{"rendered":"<div class=\"entry-summary\">\n<div class=\"entry-summary\">\nK\u00e9rj\u00fck kattintson az al\u00e1bbi kiadv\u00e1nyok megtekint\u00e9s\u00e9hez, vagy keresse \u0151ket int\u00e9zm\u00e9ny\u00fcnkben! &nbsp; &nbsp; Egyoldalas kiadv\u00e1nyok: H\u00edrlev\u00e9l kiadv\u00e1nyok: Kiadv\u00e1nyok mell\u00e9klettel:&hellip;\n<\/div>\n<div class=\"link-more\"><a href=\"https:\/\/szakrendelo-sarkad.hu\/efi\/2292-2\/\" class=\"more-link\">Continue reading<span class=\"screen-reader-text\"> &ldquo;Kiadv\u00e1nyaink&rdquo;<\/span>&hellip;<\/a><\/div>\n<\/div>\n<div class=\"link-more\"><a href=\"https:\/\/szakrendelo-sarkad.hu\/efi\/2292-2\/\" class=\"more-link\">Continue reading<span class=\"screen-reader-text\"> &ldquo;Kiadv\u00e1nyaink&rdquo;<\/span>&hellip;<\/a><\/div>\n","protected":false},"author":1,"featured_media":0,"parent":0,"menu_order":0,"comment_status":"closed","ping_status":"closed","template":"","meta":{"ngg_post_thumbnail":0,"footnotes":""},"class_list":["post-2292","page","type-page","status-publish","hentry","entry"],"_links":{"self":[{"href":"https:\/\/szakrendelo-sarkad.hu\/efi\/wp-json\/wp\/v2\/pages\/2292","targetHints":{"allow":["GET"]}}],"collection":[{"href":"https:\/\/szakrendelo-sarkad.hu\/efi\/wp-json\/wp\/v2\/pages"}],"about":[{"href":"https:\/\/szakrendelo-sarkad.hu\/efi\/wp-json\/wp\/v2\/types\/page"}],"author":[{"embeddable":true,"href":"https:\/\/szakrendelo-sarkad.hu\/efi\/wp-json\/wp\/v2\/users\/1"}],"replies":[{"embeddable":true,"href":"https:\/\/szakrendelo-sarkad.hu\/efi\/wp-json\/wp\/v2\/comments?post=2292"}],"version-history":[{"count":35,"href":"https:\/\/szakrendelo-sarkad.hu\/efi\/wp-json\/wp\/v2\/pages\/2292\/revisions"}],"predecessor-version":[{"id":9765,"href":"https:\/\/szakrendelo-sarkad.hu\/efi\/wp-json\/wp\/v2\/pages\/2292\/revisions\/9765"}],"wp:attachment":[{"href":"https:\/\/szakrendelo-sarkad.hu\/efi\/wp-json\/wp\/v2\/media?parent=2292"}],"curies":[{"name":"wp","href":"https:\/\/api.w.org\/{rel}","templated":true}]}}