{"id":24,"date":"2014-01-18T07:53:28","date_gmt":"2014-01-18T07:53:28","guid":{"rendered":"http:\/\/efi.szakrendelo-sarkad.hu\/?page_id=24"},"modified":"2019-12-11T10:52:23","modified_gmt":"2019-12-11T10:52:23","slug":"letoltheto-dokumentumok","status":"publish","type":"page","link":"https:\/\/szakrendelo-sarkad.hu\/efi\/letoltheto-dokumentumok\/","title":{"rendered":"Dokumentumok"},"content":{"rendered":"<p style=\"text-align: center;\">A (.xlsx)&nbsp;dokumentumok &nbsp;megnyit\u00e1s\u00e1ra Microsoft Word 2007-re vagy \u00fajabb verzi\u00f3ira lesz sz\u00fcks\u00e9ge!<\/p>\n<table style=\"width: 100%;\" border=\"0\">\n<tbody>\n<tr>\n<td style=\"text-align: left;\">\u00c9lelmianyagaink kal\u00f3ria \u00e9s vitamint\u00e1bl\u00e1zata (.xls &#8211; 389kb)<\/td>\n<td style=\"text-align: right;\"><a href=\"http:\/\/szakrendelo-sarkad.hu\/letoltheto\/Elelmianyagaink_kaloria_es_vitamintablazata.xls\" target=\"_blank\" rel=\"noopener noreferrer\">Let\u00f6lt\u00e9s<\/a><\/td>\n<\/tr>\n<tr>\n<td style=\"text-align: left;\">\u00c9lelmiszerek kal\u00f3ria t\u00e1bl\u00e1zata (.xlsx &#8211; 118kb)<\/td>\n<td style=\"text-align: right;\"><a href=\"http:\/\/szakrendelo-sarkad.hu\/letoltheto\/Elelmiszerek_kaloria_tablazata.xlsx\" target=\"_blank\" rel=\"noopener noreferrer\">Let\u00f6lt\u00e9s<\/a><\/td>\n<\/tr>\n<tr>\n<td style=\"text-align: left;\">K\u00e9sz \u00e9telek t\u00e1panyagt\u00e1bl\u00e1zata (.xlsx &#8211; 21kb)<\/td>\n<td style=\"text-align: right;\"><a href=\"http:\/\/szakrendelo-sarkad.hu\/letoltheto\/Kesz_etelek_tapanyagtablazata.xlsx\" target=\"_blank\" rel=\"noopener noreferrer\">Let\u00f6lt\u00e9s<\/a><\/td>\n<\/tr>\n<tr>\n<td style=\"text-align: left;\">T\u00e1panyag t\u00e1bl\u00e1zat (.xlsx &#8211; 99kb)<\/td>\n<td style=\"text-align: right;\"><a href=\"http:\/\/szakrendelo-sarkad.hu\/letoltheto\/Tapanyag_tablazat.xlsx\" target=\"_blank\" rel=\"noopener noreferrer\">Let\u00f6lt\u00e9s<\/a><\/td>\n<\/tr>\n<\/tbody>\n<\/table>\n","protected":false},"excerpt":{"rendered":"<div class=\"entry-summary\">\n<div class=\"entry-summary\">\nA (.xlsx)&nbsp;dokumentumok &nbsp;megnyit\u00e1s\u00e1ra Microsoft Word 2007-re vagy \u00fajabb verzi\u00f3ira lesz sz\u00fcks\u00e9ge! \u00c9lelmianyagaink kal\u00f3ria \u00e9s vitamint\u00e1bl\u00e1zata (.xls &#8211; 389kb)&hellip;\n<\/div>\n<div class=\"link-more\"><a href=\"https:\/\/szakrendelo-sarkad.hu\/efi\/letoltheto-dokumentumok\/\" class=\"more-link\">Continue reading<span class=\"screen-reader-text\"> &ldquo;Dokumentumok&rdquo;<\/span>&hellip;<\/a><\/div>\n<\/div>\n<div class=\"link-more\"><a href=\"https:\/\/szakrendelo-sarkad.hu\/efi\/letoltheto-dokumentumok\/\" class=\"more-link\">Continue reading<span class=\"screen-reader-text\"> &ldquo;Dokumentumok&rdquo;<\/span>&hellip;<\/a><\/div>\n","protected":false},"author":1,"featured_media":0,"parent":0,"menu_order":6,"comment_status":"closed","ping_status":"closed","template":"","meta":{"ngg_post_thumbnail":0,"footnotes":""},"class_list":["post-24","page","type-page","status-publish","hentry","entry"],"_links":{"self":[{"href":"https:\/\/szakrendelo-sarkad.hu\/efi\/wp-json\/wp\/v2\/pages\/24","targetHints":{"allow":["GET"]}}],"collection":[{"href":"https:\/\/szakrendelo-sarkad.hu\/efi\/wp-json\/wp\/v2\/pages"}],"about":[{"href":"https:\/\/szakrendelo-sarkad.hu\/efi\/wp-json\/wp\/v2\/types\/page"}],"author":[{"embeddable":true,"href":"https:\/\/szakrendelo-sarkad.hu\/efi\/wp-json\/wp\/v2\/users\/1"}],"replies":[{"embeddable":true,"href":"https:\/\/szakrendelo-sarkad.hu\/efi\/wp-json\/wp\/v2\/comments?post=24"}],"version-history":[{"count":2,"href":"https:\/\/szakrendelo-sarkad.hu\/efi\/wp-json\/wp\/v2\/pages\/24\/revisions"}],"predecessor-version":[{"id":6503,"href":"https:\/\/szakrendelo-sarkad.hu\/efi\/wp-json\/wp\/v2\/pages\/24\/revisions\/6503"}],"wp:attachment":[{"href":"https:\/\/szakrendelo-sarkad.hu\/efi\/wp-json\/wp\/v2\/media?parent=24"}],"curies":[{"name":"wp","href":"https:\/\/api.w.org\/{rel}","templated":true}]}}