{"id":3457,"date":"2018-03-06T10:34:50","date_gmt":"2018-03-06T10:34:50","guid":{"rendered":"http:\/\/efi.szakrendelo-sarkad.hu\/?page_id=3457"},"modified":"2018-03-06T10:34:50","modified_gmt":"2018-03-06T10:34:50","slug":"eletmod-tanacsadas","status":"publish","type":"page","link":"https:\/\/szakrendelo-sarkad.hu\/efi\/eletmod-tanacsadas\/","title":{"rendered":"\u00c9letm\u00f3d tan\u00e1csad\u00e1s"},"content":{"rendered":"<p><img loading=\"lazy\" decoding=\"async\" class=\"alignleft size-full wp-image-4377\" src=\"http:\/\/kjcuj.fazekas.wdsite.hu\/efi\/wp-content\/uploads\/sites\/2\/2018\/03\/k\u00e9p.jpg\" alt=\"\" width=\"371\" height=\"445\" srcset=\"https:\/\/szakrendelo-sarkad.hu\/efi\/wp-content\/uploads\/sites\/2\/2018\/03\/k\u00e9p.jpg 371w, https:\/\/szakrendelo-sarkad.hu\/efi\/wp-content\/uploads\/sites\/2\/2018\/03\/k\u00e9p-250x300.jpg 250w\" sizes=\"auto, (max-width: 371px) 100vw, 371px\" \/><\/p>\n<p><strong>Kedves L\u00e1togat\u00f3! Kedves H\u00f6lgyem! Kedves Uram!<\/strong><\/p>\n<p>Mindenkinek kialakulnak az \u00e9let\u00e9ben olyan helyzetek, amikor az \u00e9letm\u00f3dj\u00e1n v\u00e1ltoztatni szeretne, vagy esetleg valamilyen betegs\u00e9g erre k\u00e9nyszer\u00edti. A sarkadi kist\u00e9rs\u00e9gben m\u0171k\u00f6d\u0151 Eg\u00e9szs\u00e9gfejleszt\u00e9si Iroda munkat\u00e1rsak\u00e9nt ebben szeretn\u00e9k \u00d6nnek seg\u00edteni. Ha \u00fagy \u00e9rzi, rendelkezik n\u00e9mi t\u00fals\u00fallyal vagy magas a v\u00e9rnyom\u00e1sa, cukorbeteg, vagy a gyermeke duci, vagy \u00e9ppen rossz ev\u0151 esetleg m\u00e1s \u00e9letm\u00f3d probl\u00e9m\u00e1val k\u00fczd, k\u00e9rem, tiszteljen meg bizalm\u00e1val. \u00c9letm\u00f3dv\u00e1lt\u00f3 programunk minimum hat alkalmas konzult\u00e1ci\u00f3t biztos\u00edt, hiszen minden v\u00e1ltoz\u00e1s apr\u00f3 l\u00e9p\u00e9sekkel t\u00f6rt\u00e9nik, s a sok apr\u00f3 l\u00e9p\u00e9s egy \u00faj eg\u00e9szs\u00e9ges \u00e9letm\u00f3dhoz vezet.<\/p>\n<p>J\u00f3 eg\u00e9szs\u00e9get k\u00edv\u00e1nva, tisztelettel:<\/p>\n<p><em>Dr. Beke Szilvia<\/em><\/p>\n","protected":false},"excerpt":{"rendered":"<div class=\"entry-summary\">\n<div class=\"entry-summary\">\nKedves L\u00e1togat\u00f3! Kedves H\u00f6lgyem! Kedves Uram! Mindenkinek kialakulnak az \u00e9let\u00e9ben olyan helyzetek, amikor az \u00e9letm\u00f3dj\u00e1n v\u00e1ltoztatni szeretne, vagy&hellip;\n<\/div>\n<div class=\"link-more\"><a href=\"https:\/\/szakrendelo-sarkad.hu\/efi\/eletmod-tanacsadas\/\" class=\"more-link\">Continue reading<span class=\"screen-reader-text\"> &ldquo;\u00c9letm\u00f3d tan\u00e1csad\u00e1s&rdquo;<\/span>&hellip;<\/a><\/div>\n<\/div>\n<div class=\"link-more\"><a href=\"https:\/\/szakrendelo-sarkad.hu\/efi\/eletmod-tanacsadas\/\" class=\"more-link\">Continue reading<span class=\"screen-reader-text\"> &ldquo;\u00c9letm\u00f3d tan\u00e1csad\u00e1s&rdquo;<\/span>&hellip;<\/a><\/div>\n","protected":false},"author":1,"featured_media":0,"parent":0,"menu_order":0,"comment_status":"closed","ping_status":"closed","template":"","meta":{"ngg_post_thumbnail":0,"footnotes":""},"class_list":["post-3457","page","type-page","status-publish","hentry","entry"],"_links":{"self":[{"href":"https:\/\/szakrendelo-sarkad.hu\/efi\/wp-json\/wp\/v2\/pages\/3457","targetHints":{"allow":["GET"]}}],"collection":[{"href":"https:\/\/szakrendelo-sarkad.hu\/efi\/wp-json\/wp\/v2\/pages"}],"about":[{"href":"https:\/\/szakrendelo-sarkad.hu\/efi\/wp-json\/wp\/v2\/types\/page"}],"author":[{"embeddable":true,"href":"https:\/\/szakrendelo-sarkad.hu\/efi\/wp-json\/wp\/v2\/users\/1"}],"replies":[{"embeddable":true,"href":"https:\/\/szakrendelo-sarkad.hu\/efi\/wp-json\/wp\/v2\/comments?post=3457"}],"version-history":[{"count":0,"href":"https:\/\/szakrendelo-sarkad.hu\/efi\/wp-json\/wp\/v2\/pages\/3457\/revisions"}],"wp:attachment":[{"href":"https:\/\/szakrendelo-sarkad.hu\/efi\/wp-json\/wp\/v2\/media?parent=3457"}],"curies":[{"name":"wp","href":"https:\/\/api.w.org\/{rel}","templated":true}]}}