{"id":6120,"date":"2019-07-12T17:25:23","date_gmt":"2019-07-12T17:25:23","guid":{"rendered":"http:\/\/kjcuj.fazekas.wdsite.hu\/efi\/?page_id=6120"},"modified":"2024-12-09T12:49:05","modified_gmt":"2024-12-09T12:49:05","slug":"kiadvany-ismerkedes-az-elsosegelynyujtassal","status":"publish","type":"page","link":"https:\/\/szakrendelo-sarkad.hu\/efi\/kiadvany-ismerkedes-az-elsosegelynyujtassal\/","title":{"rendered":"Kiadv\u00e1ny: Ismerked\u00e9s az els\u0151seg\u00e9lyny\u00fajt\u00e1ssal"},"content":{"rendered":"<p>A teljes sz\u00ednez\u0151 let\u00f6lt\u00e9s\u00e9\u00e9rt kattintson:<\/p>\n<p><a href=\"http:\/\/szakrendelo-sarkad.hu\/efi\/wp-content\/uploads\/sites\/2\/2019\/07\/szinezo.jpg\"><img loading=\"lazy\" decoding=\"async\" class=\"aligncenter size-medium wp-image-6127\" src=\"http:\/\/szakrendelo-sarkad.hu\/efi\/wp-content\/uploads\/sites\/2\/2019\/07\/szinezo-300x212.jpg\" alt=\"\" width=\"300\" height=\"212\" srcset=\"https:\/\/szakrendelo-sarkad.hu\/efi\/wp-content\/uploads\/sites\/2\/2019\/07\/szinezo-300x212.jpg 300w, https:\/\/szakrendelo-sarkad.hu\/efi\/wp-content\/uploads\/sites\/2\/2019\/07\/szinezo-768x543.jpg 768w, https:\/\/szakrendelo-sarkad.hu\/efi\/wp-content\/uploads\/sites\/2\/2019\/07\/szinezo-1024x724.jpg 1024w, https:\/\/szakrendelo-sarkad.hu\/efi\/wp-content\/uploads\/sites\/2\/2019\/07\/szinezo.jpg 1754w\" sizes=\"auto, (max-width: 300px) 100vw, 300px\" \/><\/a><div class=\"dpsBookWrapper\"> <style type=\"text\/css\"> #book_28 { \/*width: 700px; height: 740px;*\/ top: 110px; } #book_stage_28 { width: 100%; height: 1000px; ; } #book_shell_28 { height: 960px; } #book_28 .page-main-content.dpsHasIndent { padding: 0px; } \/*Pages will be just white for now*\/ #book_28 .page { ; padding: 0 !important; } <\/style> <div id=\"book_stage_28\" class=\"dpsBookStageShell flipbook-viewport\"> <div id=\"book_shell_28\" class=\"dpsBookShell container\"> <div id=\"book_28\" data-bookid=\"28\" class=\"dpsBook flipbook\"><\/div> <\/div> <div class=\"dpsTdShell\" id=\"book_toolbar_28\" data-bookid=\"28\"> <div class=\"dpsTdShell_simple colorset\"> <style class=\"activeButtonColor\" type=\"text\/css\"> .dpsTdShell_simple.colorset .btnTbMain i.fa:hover, .dpsTdShell_simple.colorset .dpsTbZoomOutShell a.dpsTbBtn i.fa:hover, .dpsTdShell_simple.colorset .dpsTbSearchShell a.dpsTbBtn i.fa:hover, .dpsTdShell_simple.colorset .dpsTbExportShell a.dpsTbBtn:hover { color: #D6D6D6 !important; } .dpsTdShell_simple.borderset .btnContainer:hover { background-color: #D6D6D6 !important; }<\/style> <div class=\"btnTbMain \" style=\"background-color: rgba(64, 64, 64, 1);border: 1px solid rgba(173, 173, 173, 0);\"> <div class=\"dpsTbLeft\"> <div class=\"btnContainer\"><a href=\"#\" class=\"dpsTbBtn dpsTbBtnZoom\" ><i class=\"fa fa-search-plus \" style=\"color: #ADADAD;\"><\/i><\/a><\/div> <div class=\"btnContainer\"><a href=\"#\" class=\"dpsTbBtn dpsTbBtnExport\" ><i class=\"fa fa-share-square \" style=\"color: #ADADAD;\"><\/i><\/a><\/div> <\/div> <div class=\"dpsTbRight\"> <div class=\"btnContainer\"><a href=\"#\" class=\"dpsTbBtn dpsTbBtnSearch\" ><i class=\"fa fa-search \" style=\"color: #ADADAD;\"><\/i><\/a><\/div> <div class=\"btnContainer\"><a href=\"#\" class=\"dpsTbBtn dpsTbBtnFullscreen\" ><i class=\"fa fa-arrows-alt \" style=\"color: #ADADAD;\"><\/i><\/a><\/div> <\/div> <div class=\"dpsTbCenter\"> <div class=\"btnContainer\"><a href=\"#\" class=\"dpsTbBtn dpsTbBtnFirst\" ><i class=\"fa fa-angle-double-left fa-lg \" style=\"color: #ADADAD;\"><\/i><\/a><\/div> <div class=\"btnContainer\"><a href=\"#\" class=\"dpsTbBtn dpsTbBtnPrev\" ><i class=\"fa fa-angle-left fa-lg \" style=\"color: #ADADAD;\"><\/i><\/a><\/div> <form class=\"dpsTdPageNumForm\" method=\"get\"> <input type=\"text\" class=\"dpsTbPageNumTxt\" style=\"display: none; border: 1px solid rgba(173, 173, 173, 0) !important;color: #ADADAD !important;\" \/> <\/form> <div class=\"btnContainer\"><a href=\"#\" class=\"dpsTbBtn dpsTbBtnNext\" ><i class=\"fa fa-angle-right fa-lg \" style=\"color: #ADADAD;\"><\/i><\/a><\/div> <div class=\"btnContainer\"><a href=\"#\" class=\"dpsTbBtn dpsTbBtnLast\" ><i class=\"fa fa-angle-double-right fa-lg \" style=\"color: #ADADAD;\"><\/i><\/a><\/div> <\/div> <\/div> <div class=\"dpsTbZoomOutShell\"> <div class=\"btnContainer\"><a href=\"#\" class=\"dpsTbBtn dpsTbBtnZoomOut\" ><i class=\"fa fa-search-minus \" style=\"color: #ADADAD;\"><\/i><\/a><\/div> <div class=\"btnContainer\"><a href=\"#\" class=\"dpsTbBtn dpsTbBtnPrev\" ><i class=\"fa fa-arrow-left \" style=\"color: #ADADAD;\"><\/i><\/a><\/div> <div class=\"btnContainer\"><a href=\"#\" class=\"dpsTbBtn dpsTbBtnNext\" ><i class=\"fa fa-arrow-right \" style=\"color: #ADADAD;\"><\/i><\/a><\/div> <\/div> <div class=\"dpsTbSearchShell\" style=\"display: none; background-color: rgba(64, 64, 64, 1);border: 1px solid rgba(173, 173, 173, 0) !important;\"> <form class=\"dpsTbSearchForm\"> <div class=\"btnContainer\"><a href=\"#\" class=\"dpsTbBtn dpsTbBtnPrevSearch dpsTbBtnSearchActive\" ><i class=\"fa fa-arrow-left \" style=\"color: #ADADAD;\"><\/i><\/a><\/div> <input type=\"text\" class=\"dpsTbSearchTxt\" placeholder=\"Search...\" style=\"border: 1px solid rgba(173, 173, 173, 0) !important;color: #ADADAD !important;\" \/> <div class=\"btnContainer\"><a href=\"#\" class=\"dpsTbBtn dpsTbBtnNextSearch dpsTbBtnSearchActive\" ><i class=\"fa fa-arrow-right \" style=\"color: #ADADAD;\"><\/i><\/a><\/div> <\/form> <\/div> <div class=\"dpsTbExportShell\"> <a href=\"https:\/\/szakrendelo-sarkad.hu\/efi\/?mod=book&amp;action=exportToHtml&amp;pl=dps&amp;id=28&amp;nonce=7a36e866b3\" target=\"_blank\" rel=\"nofollow\" title=\"HTML\" class=\"dpsTbBtn dpsExportLink_html\" style=\"display: none; background-color: rgba(64, 64, 64, 1);color: #ADADAD;border: 1px solid rgba(173, 173, 173, 0) !important;\" > HTML <\/a> <a href=\"https:\/\/szakrendelo-sarkad.hu\/efi\/?mod=book&amp;action=exportToPdf&amp;pl=dps&amp;id=28&amp;nonce=7a36e866b3\" target=\"_blank\" rel=\"nofollow\" title=\"PDF\" class=\"dpsTbBtn dpsExportLink_pdf\" style=\"display: none; background-color: rgba(64, 64, 64, 1);color: #ADADAD;border: 1px solid rgba(173, 173, 173, 0) !important;\" > PDF <\/a> <\/div> <\/div> <\/div> <\/div> <\/div>\n","protected":false},"excerpt":{"rendered":"<div class=\"entry-summary\">\n<div class=\"entry-summary\">\nA teljes sz\u00ednez\u0151 let\u00f6lt\u00e9s\u00e9\u00e9rt kattintson:\n<\/div>\n<div class=\"link-more\"><a href=\"https:\/\/szakrendelo-sarkad.hu\/efi\/kiadvany-ismerkedes-az-elsosegelynyujtassal\/\" class=\"more-link\">Continue reading<span class=\"screen-reader-text\"> &ldquo;Kiadv\u00e1ny: Ismerked\u00e9s az els\u0151seg\u00e9lyny\u00fajt\u00e1ssal&rdquo;<\/span>&hellip;<\/a><\/div>\n<\/div>\n<div class=\"link-more\"><a href=\"https:\/\/szakrendelo-sarkad.hu\/efi\/kiadvany-ismerkedes-az-elsosegelynyujtassal\/\" class=\"more-link\">Continue reading<span class=\"screen-reader-text\"> &ldquo;Kiadv\u00e1ny: Ismerked\u00e9s az els\u0151seg\u00e9lyny\u00fajt\u00e1ssal&rdquo;<\/span>&hellip;<\/a><\/div>\n","protected":false},"author":1,"featured_media":0,"parent":0,"menu_order":0,"comment_status":"closed","ping_status":"closed","template":"","meta":{"ngg_post_thumbnail":0,"footnotes":""},"class_list":["post-6120","page","type-page","status-publish","hentry","entry"],"_links":{"self":[{"href":"https:\/\/szakrendelo-sarkad.hu\/efi\/wp-json\/wp\/v2\/pages\/6120","targetHints":{"allow":["GET"]}}],"collection":[{"href":"https:\/\/szakrendelo-sarkad.hu\/efi\/wp-json\/wp\/v2\/pages"}],"about":[{"href":"https:\/\/szakrendelo-sarkad.hu\/efi\/wp-json\/wp\/v2\/types\/page"}],"author":[{"embeddable":true,"href":"https:\/\/szakrendelo-sarkad.hu\/efi\/wp-json\/wp\/v2\/users\/1"}],"replies":[{"embeddable":true,"href":"https:\/\/szakrendelo-sarkad.hu\/efi\/wp-json\/wp\/v2\/comments?post=6120"}],"version-history":[{"count":2,"href":"https:\/\/szakrendelo-sarkad.hu\/efi\/wp-json\/wp\/v2\/pages\/6120\/revisions"}],"predecessor-version":[{"id":9388,"href":"https:\/\/szakrendelo-sarkad.hu\/efi\/wp-json\/wp\/v2\/pages\/6120\/revisions\/9388"}],"wp:attachment":[{"href":"https:\/\/szakrendelo-sarkad.hu\/efi\/wp-json\/wp\/v2\/media?parent=6120"}],"curies":[{"name":"wp","href":"https:\/\/api.w.org\/{rel}","templated":true}]}}