{"id":6670,"date":"2020-05-07T06:52:10","date_gmt":"2020-05-07T06:52:10","guid":{"rendered":"http:\/\/szakrendelo-sarkad.hu\/efi\/?page_id=6670"},"modified":"2020-05-07T07:13:36","modified_gmt":"2020-05-07T07:13:36","slug":"tunetek-kozti-kulonbseg","status":"publish","type":"page","link":"https:\/\/szakrendelo-sarkad.hu\/efi\/tunetek-kozti-kulonbseg\/","title":{"rendered":"T\u00fcnetek k\u00f6zti k\u00fcl\u00f6nbs\u00e9g"},"content":{"rendered":"<p><img loading=\"lazy\" decoding=\"async\" class=\"aligncenter size-full wp-image-6729\" src=\"http:\/\/szakrendelo-sarkad.hu\/efi\/wp-content\/uploads\/sites\/2\/2020\/05\/T\u00fcnetek_ALLERGIA_COVID_EFOP180_final-1.jpg\" alt=\"\" width=\"1654\" height=\"2339\" srcset=\"https:\/\/szakrendelo-sarkad.hu\/efi\/wp-content\/uploads\/sites\/2\/2020\/05\/T\u00fcnetek_ALLERGIA_COVID_EFOP180_final-1.jpg 1654w, https:\/\/szakrendelo-sarkad.hu\/efi\/wp-content\/uploads\/sites\/2\/2020\/05\/T\u00fcnetek_ALLERGIA_COVID_EFOP180_final-1-212x300.jpg 212w, https:\/\/szakrendelo-sarkad.hu\/efi\/wp-content\/uploads\/sites\/2\/2020\/05\/T\u00fcnetek_ALLERGIA_COVID_EFOP180_final-1-724x1024.jpg 724w, https:\/\/szakrendelo-sarkad.hu\/efi\/wp-content\/uploads\/sites\/2\/2020\/05\/T\u00fcnetek_ALLERGIA_COVID_EFOP180_final-1-768x1086.jpg 768w, https:\/\/szakrendelo-sarkad.hu\/efi\/wp-content\/uploads\/sites\/2\/2020\/05\/T\u00fcnetek_ALLERGIA_COVID_EFOP180_final-1-1086x1536.jpg 1086w, https:\/\/szakrendelo-sarkad.hu\/efi\/wp-content\/uploads\/sites\/2\/2020\/05\/T\u00fcnetek_ALLERGIA_COVID_EFOP180_final-1-1448x2048.jpg 1448w\" sizes=\"auto, (max-width: 1654px) 100vw, 1654px\" \/><\/p>\n","protected":false},"excerpt":{"rendered":"<div class=\"entry-summary\">\n<div class=\"link-more\"><a href=\"https:\/\/szakrendelo-sarkad.hu\/efi\/tunetek-kozti-kulonbseg\/\" class=\"more-link\">Continue reading<span class=\"screen-reader-text\"> &ldquo;T\u00fcnetek k\u00f6zti k\u00fcl\u00f6nbs\u00e9g&rdquo;<\/span>&hellip;<\/a><\/div>\n<\/div>\n<div class=\"link-more\"><a href=\"https:\/\/szakrendelo-sarkad.hu\/efi\/tunetek-kozti-kulonbseg\/\" class=\"more-link\">Continue reading<span class=\"screen-reader-text\"> &ldquo;T\u00fcnetek k\u00f6zti k\u00fcl\u00f6nbs\u00e9g&rdquo;<\/span>&hellip;<\/a><\/div>\n","protected":false},"author":1,"featured_media":0,"parent":0,"menu_order":0,"comment_status":"closed","ping_status":"closed","template":"","meta":{"ngg_post_thumbnail":0,"footnotes":""},"class_list":["post-6670","page","type-page","status-publish","hentry","entry"],"_links":{"self":[{"href":"https:\/\/szakrendelo-sarkad.hu\/efi\/wp-json\/wp\/v2\/pages\/6670","targetHints":{"allow":["GET"]}}],"collection":[{"href":"https:\/\/szakrendelo-sarkad.hu\/efi\/wp-json\/wp\/v2\/pages"}],"about":[{"href":"https:\/\/szakrendelo-sarkad.hu\/efi\/wp-json\/wp\/v2\/types\/page"}],"author":[{"embeddable":true,"href":"https:\/\/szakrendelo-sarkad.hu\/efi\/wp-json\/wp\/v2\/users\/1"}],"replies":[{"embeddable":true,"href":"https:\/\/szakrendelo-sarkad.hu\/efi\/wp-json\/wp\/v2\/comments?post=6670"}],"version-history":[{"count":2,"href":"https:\/\/szakrendelo-sarkad.hu\/efi\/wp-json\/wp\/v2\/pages\/6670\/revisions"}],"predecessor-version":[{"id":6730,"href":"https:\/\/szakrendelo-sarkad.hu\/efi\/wp-json\/wp\/v2\/pages\/6670\/revisions\/6730"}],"wp:attachment":[{"href":"https:\/\/szakrendelo-sarkad.hu\/efi\/wp-json\/wp\/v2\/media?parent=6670"}],"curies":[{"name":"wp","href":"https:\/\/api.w.org\/{rel}","templated":true}]}}