{"id":6672,"date":"2020-05-07T06:52:41","date_gmt":"2020-05-07T06:52:41","guid":{"rendered":"http:\/\/szakrendelo-sarkad.hu\/efi\/?page_id=6672"},"modified":"2020-05-07T07:12:48","modified_gmt":"2020-05-07T07:12:48","slug":"eletmodtanacsok-diabetesz","status":"publish","type":"page","link":"https:\/\/szakrendelo-sarkad.hu\/efi\/eletmodtanacsok-diabetesz\/","title":{"rendered":"\u00c9letm\u00f3dtan\u00e1csok &#8211; Diab\u00e9tesz"},"content":{"rendered":"<p><img loading=\"lazy\" decoding=\"async\" class=\"aligncenter size-full wp-image-6727\" src=\"http:\/\/szakrendelo-sarkad.hu\/efi\/wp-content\/uploads\/sites\/2\/2020\/05\/MDOSZ_infogr_korona_diabetes-410x1024-1.png\" alt=\"\" width=\"410\" height=\"1024\" srcset=\"https:\/\/szakrendelo-sarkad.hu\/efi\/wp-content\/uploads\/sites\/2\/2020\/05\/MDOSZ_infogr_korona_diabetes-410x1024-1.png 410w, https:\/\/szakrendelo-sarkad.hu\/efi\/wp-content\/uploads\/sites\/2\/2020\/05\/MDOSZ_infogr_korona_diabetes-410x1024-1-120x300.png 120w\" sizes=\"auto, (max-width: 410px) 100vw, 410px\" \/><\/p>\n","protected":false},"excerpt":{"rendered":"<div class=\"entry-summary\">\n<div class=\"link-more\"><a href=\"https:\/\/szakrendelo-sarkad.hu\/efi\/eletmodtanacsok-diabetesz\/\" class=\"more-link\">Continue reading<span class=\"screen-reader-text\"> &ldquo;\u00c9letm\u00f3dtan\u00e1csok &#8211; Diab\u00e9tesz&rdquo;<\/span>&hellip;<\/a><\/div>\n<\/div>\n<div class=\"link-more\"><a href=\"https:\/\/szakrendelo-sarkad.hu\/efi\/eletmodtanacsok-diabetesz\/\" class=\"more-link\">Continue reading<span class=\"screen-reader-text\"> &ldquo;\u00c9letm\u00f3dtan\u00e1csok &#8211; Diab\u00e9tesz&rdquo;<\/span>&hellip;<\/a><\/div>\n","protected":false},"author":1,"featured_media":0,"parent":0,"menu_order":0,"comment_status":"closed","ping_status":"closed","template":"","meta":{"ngg_post_thumbnail":0,"footnotes":""},"class_list":["post-6672","page","type-page","status-publish","hentry","entry"],"_links":{"self":[{"href":"https:\/\/szakrendelo-sarkad.hu\/efi\/wp-json\/wp\/v2\/pages\/6672","targetHints":{"allow":["GET"]}}],"collection":[{"href":"https:\/\/szakrendelo-sarkad.hu\/efi\/wp-json\/wp\/v2\/pages"}],"about":[{"href":"https:\/\/szakrendelo-sarkad.hu\/efi\/wp-json\/wp\/v2\/types\/page"}],"author":[{"embeddable":true,"href":"https:\/\/szakrendelo-sarkad.hu\/efi\/wp-json\/wp\/v2\/users\/1"}],"replies":[{"embeddable":true,"href":"https:\/\/szakrendelo-sarkad.hu\/efi\/wp-json\/wp\/v2\/comments?post=6672"}],"version-history":[{"count":2,"href":"https:\/\/szakrendelo-sarkad.hu\/efi\/wp-json\/wp\/v2\/pages\/6672\/revisions"}],"predecessor-version":[{"id":6728,"href":"https:\/\/szakrendelo-sarkad.hu\/efi\/wp-json\/wp\/v2\/pages\/6672\/revisions\/6728"}],"wp:attachment":[{"href":"https:\/\/szakrendelo-sarkad.hu\/efi\/wp-json\/wp\/v2\/media?parent=6672"}],"curies":[{"name":"wp","href":"https:\/\/api.w.org\/{rel}","templated":true}]}}