{"id":6678,"date":"2020-05-07T06:54:13","date_gmt":"2020-05-07T06:54:13","guid":{"rendered":"http:\/\/szakrendelo-sarkad.hu\/efi\/?page_id=6678"},"modified":"2020-05-07T07:18:35","modified_gmt":"2020-05-07T07:18:35","slug":"tegyen-lelki-egeszsegeert","status":"publish","type":"page","link":"https:\/\/szakrendelo-sarkad.hu\/efi\/tegyen-lelki-egeszsegeert\/","title":{"rendered":"Tegyen lelki eg\u00e9szs\u00e9g\u00e9\u00e9rt"},"content":{"rendered":"<p><img loading=\"lazy\" decoding=\"async\" class=\"aligncenter size-full wp-image-6735\" src=\"http:\/\/szakrendelo-sarkad.hu\/efi\/wp-content\/uploads\/sites\/2\/2020\/05\/Tegyen-lelke-eg\u00e9szs\u00e9g\u00e9\u00e9rt_COVID_EFOP180_final-1-scaled.jpg\" alt=\"\" width=\"1358\" height=\"2560\" srcset=\"https:\/\/szakrendelo-sarkad.hu\/efi\/wp-content\/uploads\/sites\/2\/2020\/05\/Tegyen-lelke-eg\u00e9szs\u00e9g\u00e9\u00e9rt_COVID_EFOP180_final-1-scaled.jpg 1358w, https:\/\/szakrendelo-sarkad.hu\/efi\/wp-content\/uploads\/sites\/2\/2020\/05\/Tegyen-lelke-eg\u00e9szs\u00e9g\u00e9\u00e9rt_COVID_EFOP180_final-1-159x300.jpg 159w, https:\/\/szakrendelo-sarkad.hu\/efi\/wp-content\/uploads\/sites\/2\/2020\/05\/Tegyen-lelke-eg\u00e9szs\u00e9g\u00e9\u00e9rt_COVID_EFOP180_final-1-543x1024.jpg 543w, https:\/\/szakrendelo-sarkad.hu\/efi\/wp-content\/uploads\/sites\/2\/2020\/05\/Tegyen-lelke-eg\u00e9szs\u00e9g\u00e9\u00e9rt_COVID_EFOP180_final-1-768x1448.jpg 768w, https:\/\/szakrendelo-sarkad.hu\/efi\/wp-content\/uploads\/sites\/2\/2020\/05\/Tegyen-lelke-eg\u00e9szs\u00e9g\u00e9\u00e9rt_COVID_EFOP180_final-1-815x1536.jpg 815w, https:\/\/szakrendelo-sarkad.hu\/efi\/wp-content\/uploads\/sites\/2\/2020\/05\/Tegyen-lelke-eg\u00e9szs\u00e9g\u00e9\u00e9rt_COVID_EFOP180_final-1-1086x2048.jpg 1086w\" sizes=\"auto, (max-width: 1358px) 100vw, 1358px\" \/><\/p>\n","protected":false},"excerpt":{"rendered":"<div class=\"entry-summary\">\n<div class=\"link-more\"><a href=\"https:\/\/szakrendelo-sarkad.hu\/efi\/tegyen-lelki-egeszsegeert\/\" class=\"more-link\">Continue reading<span class=\"screen-reader-text\"> &ldquo;Tegyen lelki eg\u00e9szs\u00e9g\u00e9\u00e9rt&rdquo;<\/span>&hellip;<\/a><\/div>\n<\/div>\n<div class=\"link-more\"><a href=\"https:\/\/szakrendelo-sarkad.hu\/efi\/tegyen-lelki-egeszsegeert\/\" class=\"more-link\">Continue reading<span class=\"screen-reader-text\"> &ldquo;Tegyen lelki eg\u00e9szs\u00e9g\u00e9\u00e9rt&rdquo;<\/span>&hellip;<\/a><\/div>\n","protected":false},"author":1,"featured_media":0,"parent":0,"menu_order":0,"comment_status":"closed","ping_status":"closed","template":"","meta":{"ngg_post_thumbnail":0,"footnotes":""},"class_list":["post-6678","page","type-page","status-publish","hentry","entry"],"_links":{"self":[{"href":"https:\/\/szakrendelo-sarkad.hu\/efi\/wp-json\/wp\/v2\/pages\/6678","targetHints":{"allow":["GET"]}}],"collection":[{"href":"https:\/\/szakrendelo-sarkad.hu\/efi\/wp-json\/wp\/v2\/pages"}],"about":[{"href":"https:\/\/szakrendelo-sarkad.hu\/efi\/wp-json\/wp\/v2\/types\/page"}],"author":[{"embeddable":true,"href":"https:\/\/szakrendelo-sarkad.hu\/efi\/wp-json\/wp\/v2\/users\/1"}],"replies":[{"embeddable":true,"href":"https:\/\/szakrendelo-sarkad.hu\/efi\/wp-json\/wp\/v2\/comments?post=6678"}],"version-history":[{"count":2,"href":"https:\/\/szakrendelo-sarkad.hu\/efi\/wp-json\/wp\/v2\/pages\/6678\/revisions"}],"predecessor-version":[{"id":6736,"href":"https:\/\/szakrendelo-sarkad.hu\/efi\/wp-json\/wp\/v2\/pages\/6678\/revisions\/6736"}],"wp:attachment":[{"href":"https:\/\/szakrendelo-sarkad.hu\/efi\/wp-json\/wp\/v2\/media?parent=6678"}],"curies":[{"name":"wp","href":"https:\/\/api.w.org\/{rel}","templated":true}]}}