{"id":6686,"date":"2020-05-07T06:55:59","date_gmt":"2020-05-07T06:55:59","guid":{"rendered":"http:\/\/szakrendelo-sarkad.hu\/efi\/?page_id=6686"},"modified":"2020-05-07T07:23:31","modified_gmt":"2020-05-07T07:23:31","slug":"taplalkozasi-tippek","status":"publish","type":"page","link":"https:\/\/szakrendelo-sarkad.hu\/efi\/taplalkozasi-tippek\/","title":{"rendered":"T\u00e1pl\u00e1lkoz\u00e1si tippek"},"content":{"rendered":"<p><img loading=\"lazy\" decoding=\"async\" class=\"aligncenter size-full wp-image-6737\" src=\"http:\/\/szakrendelo-sarkad.hu\/efi\/wp-content\/uploads\/sites\/2\/2020\/05\/T\u00e1pl\u00e1lkoz\u00e1si-tippek-karant\u00e9n-idej\u00e9n_COVID_EFOP180_final-1.jpg\" alt=\"\" width=\"1654\" height=\"2339\" srcset=\"https:\/\/szakrendelo-sarkad.hu\/efi\/wp-content\/uploads\/sites\/2\/2020\/05\/T\u00e1pl\u00e1lkoz\u00e1si-tippek-karant\u00e9n-idej\u00e9n_COVID_EFOP180_final-1.jpg 1654w, https:\/\/szakrendelo-sarkad.hu\/efi\/wp-content\/uploads\/sites\/2\/2020\/05\/T\u00e1pl\u00e1lkoz\u00e1si-tippek-karant\u00e9n-idej\u00e9n_COVID_EFOP180_final-1-212x300.jpg 212w, https:\/\/szakrendelo-sarkad.hu\/efi\/wp-content\/uploads\/sites\/2\/2020\/05\/T\u00e1pl\u00e1lkoz\u00e1si-tippek-karant\u00e9n-idej\u00e9n_COVID_EFOP180_final-1-724x1024.jpg 724w, https:\/\/szakrendelo-sarkad.hu\/efi\/wp-content\/uploads\/sites\/2\/2020\/05\/T\u00e1pl\u00e1lkoz\u00e1si-tippek-karant\u00e9n-idej\u00e9n_COVID_EFOP180_final-1-768x1086.jpg 768w, https:\/\/szakrendelo-sarkad.hu\/efi\/wp-content\/uploads\/sites\/2\/2020\/05\/T\u00e1pl\u00e1lkoz\u00e1si-tippek-karant\u00e9n-idej\u00e9n_COVID_EFOP180_final-1-1086x1536.jpg 1086w, https:\/\/szakrendelo-sarkad.hu\/efi\/wp-content\/uploads\/sites\/2\/2020\/05\/T\u00e1pl\u00e1lkoz\u00e1si-tippek-karant\u00e9n-idej\u00e9n_COVID_EFOP180_final-1-1448x2048.jpg 1448w\" sizes=\"auto, (max-width: 1654px) 100vw, 1654px\" \/><\/p>\n","protected":false},"excerpt":{"rendered":"<div class=\"entry-summary\">\n<div class=\"link-more\"><a href=\"https:\/\/szakrendelo-sarkad.hu\/efi\/taplalkozasi-tippek\/\" class=\"more-link\">Continue reading<span class=\"screen-reader-text\"> &ldquo;T\u00e1pl\u00e1lkoz\u00e1si tippek&rdquo;<\/span>&hellip;<\/a><\/div>\n<\/div>\n<div class=\"link-more\"><a href=\"https:\/\/szakrendelo-sarkad.hu\/efi\/taplalkozasi-tippek\/\" class=\"more-link\">Continue reading<span class=\"screen-reader-text\"> &ldquo;T\u00e1pl\u00e1lkoz\u00e1si tippek&rdquo;<\/span>&hellip;<\/a><\/div>\n","protected":false},"author":1,"featured_media":0,"parent":0,"menu_order":0,"comment_status":"closed","ping_status":"closed","template":"","meta":{"ngg_post_thumbnail":0,"footnotes":""},"class_list":["post-6686","page","type-page","status-publish","hentry","entry"],"_links":{"self":[{"href":"https:\/\/szakrendelo-sarkad.hu\/efi\/wp-json\/wp\/v2\/pages\/6686","targetHints":{"allow":["GET"]}}],"collection":[{"href":"https:\/\/szakrendelo-sarkad.hu\/efi\/wp-json\/wp\/v2\/pages"}],"about":[{"href":"https:\/\/szakrendelo-sarkad.hu\/efi\/wp-json\/wp\/v2\/types\/page"}],"author":[{"embeddable":true,"href":"https:\/\/szakrendelo-sarkad.hu\/efi\/wp-json\/wp\/v2\/users\/1"}],"replies":[{"embeddable":true,"href":"https:\/\/szakrendelo-sarkad.hu\/efi\/wp-json\/wp\/v2\/comments?post=6686"}],"version-history":[{"count":2,"href":"https:\/\/szakrendelo-sarkad.hu\/efi\/wp-json\/wp\/v2\/pages\/6686\/revisions"}],"predecessor-version":[{"id":6738,"href":"https:\/\/szakrendelo-sarkad.hu\/efi\/wp-json\/wp\/v2\/pages\/6686\/revisions\/6738"}],"wp:attachment":[{"href":"https:\/\/szakrendelo-sarkad.hu\/efi\/wp-json\/wp\/v2\/media?parent=6686"}],"curies":[{"name":"wp","href":"https:\/\/api.w.org\/{rel}","templated":true}]}}