{"id":6688,"date":"2020-05-07T06:56:25","date_gmt":"2020-05-07T06:56:25","guid":{"rendered":"http:\/\/szakrendelo-sarkad.hu\/efi\/?page_id=6688"},"modified":"2020-05-07T07:42:15","modified_gmt":"2020-05-07T07:42:15","slug":"okostanyer-ebedek","status":"publish","type":"page","link":"https:\/\/szakrendelo-sarkad.hu\/efi\/okostanyer-ebedek\/","title":{"rendered":"Okost\u00e1ny\u00e9r &#8211; Eb\u00e9dek"},"content":{"rendered":"<p><img loading=\"lazy\" decoding=\"async\" class=\"aligncenter size-full wp-image-6764\" src=\"http:\/\/szakrendelo-sarkad.hu\/efi\/wp-content\/uploads\/sites\/2\/2020\/05\/10_MDOSZ_Okostanyer_ebedek_final-01.jpg\" alt=\"\" width=\"1654\" height=\"2339\" srcset=\"https:\/\/szakrendelo-sarkad.hu\/efi\/wp-content\/uploads\/sites\/2\/2020\/05\/10_MDOSZ_Okostanyer_ebedek_final-01.jpg 1654w, https:\/\/szakrendelo-sarkad.hu\/efi\/wp-content\/uploads\/sites\/2\/2020\/05\/10_MDOSZ_Okostanyer_ebedek_final-01-212x300.jpg 212w, https:\/\/szakrendelo-sarkad.hu\/efi\/wp-content\/uploads\/sites\/2\/2020\/05\/10_MDOSZ_Okostanyer_ebedek_final-01-724x1024.jpg 724w, https:\/\/szakrendelo-sarkad.hu\/efi\/wp-content\/uploads\/sites\/2\/2020\/05\/10_MDOSZ_Okostanyer_ebedek_final-01-768x1086.jpg 768w, https:\/\/szakrendelo-sarkad.hu\/efi\/wp-content\/uploads\/sites\/2\/2020\/05\/10_MDOSZ_Okostanyer_ebedek_final-01-1086x1536.jpg 1086w, https:\/\/szakrendelo-sarkad.hu\/efi\/wp-content\/uploads\/sites\/2\/2020\/05\/10_MDOSZ_Okostanyer_ebedek_final-01-1448x2048.jpg 1448w\" sizes=\"auto, (max-width: 1654px) 100vw, 1654px\" \/><img loading=\"lazy\" decoding=\"async\" class=\"aligncenter size-full wp-image-6765\" src=\"http:\/\/szakrendelo-sarkad.hu\/efi\/wp-content\/uploads\/sites\/2\/2020\/05\/10_MDOSZ_Okostanyer_ebedek_final-02.jpg\" alt=\"\" width=\"1654\" height=\"2339\" srcset=\"https:\/\/szakrendelo-sarkad.hu\/efi\/wp-content\/uploads\/sites\/2\/2020\/05\/10_MDOSZ_Okostanyer_ebedek_final-02.jpg 1654w, https:\/\/szakrendelo-sarkad.hu\/efi\/wp-content\/uploads\/sites\/2\/2020\/05\/10_MDOSZ_Okostanyer_ebedek_final-02-212x300.jpg 212w, https:\/\/szakrendelo-sarkad.hu\/efi\/wp-content\/uploads\/sites\/2\/2020\/05\/10_MDOSZ_Okostanyer_ebedek_final-02-724x1024.jpg 724w, https:\/\/szakrendelo-sarkad.hu\/efi\/wp-content\/uploads\/sites\/2\/2020\/05\/10_MDOSZ_Okostanyer_ebedek_final-02-768x1086.jpg 768w, https:\/\/szakrendelo-sarkad.hu\/efi\/wp-content\/uploads\/sites\/2\/2020\/05\/10_MDOSZ_Okostanyer_ebedek_final-02-1086x1536.jpg 1086w, https:\/\/szakrendelo-sarkad.hu\/efi\/wp-content\/uploads\/sites\/2\/2020\/05\/10_MDOSZ_Okostanyer_ebedek_final-02-1448x2048.jpg 1448w\" sizes=\"auto, (max-width: 1654px) 100vw, 1654px\" \/><img loading=\"lazy\" decoding=\"async\" class=\"aligncenter size-full wp-image-6766\" src=\"http:\/\/szakrendelo-sarkad.hu\/efi\/wp-content\/uploads\/sites\/2\/2020\/05\/10_MDOSZ_Okostanyer_ebedek_final-03.jpg\" alt=\"\" width=\"1654\" height=\"2339\" srcset=\"https:\/\/szakrendelo-sarkad.hu\/efi\/wp-content\/uploads\/sites\/2\/2020\/05\/10_MDOSZ_Okostanyer_ebedek_final-03.jpg 1654w, https:\/\/szakrendelo-sarkad.hu\/efi\/wp-content\/uploads\/sites\/2\/2020\/05\/10_MDOSZ_Okostanyer_ebedek_final-03-212x300.jpg 212w, https:\/\/szakrendelo-sarkad.hu\/efi\/wp-content\/uploads\/sites\/2\/2020\/05\/10_MDOSZ_Okostanyer_ebedek_final-03-724x1024.jpg 724w, https:\/\/szakrendelo-sarkad.hu\/efi\/wp-content\/uploads\/sites\/2\/2020\/05\/10_MDOSZ_Okostanyer_ebedek_final-03-768x1086.jpg 768w, https:\/\/szakrendelo-sarkad.hu\/efi\/wp-content\/uploads\/sites\/2\/2020\/05\/10_MDOSZ_Okostanyer_ebedek_final-03-1086x1536.jpg 1086w, https:\/\/szakrendelo-sarkad.hu\/efi\/wp-content\/uploads\/sites\/2\/2020\/05\/10_MDOSZ_Okostanyer_ebedek_final-03-1448x2048.jpg 1448w\" sizes=\"auto, (max-width: 1654px) 100vw, 1654px\" \/><img loading=\"lazy\" decoding=\"async\" class=\"aligncenter size-full wp-image-6767\" src=\"http:\/\/szakrendelo-sarkad.hu\/efi\/wp-content\/uploads\/sites\/2\/2020\/05\/10_MDOSZ_Okostanyer_ebedek_final-04.jpg\" alt=\"\" width=\"1654\" height=\"2339\" srcset=\"https:\/\/szakrendelo-sarkad.hu\/efi\/wp-content\/uploads\/sites\/2\/2020\/05\/10_MDOSZ_Okostanyer_ebedek_final-04.jpg 1654w, https:\/\/szakrendelo-sarkad.hu\/efi\/wp-content\/uploads\/sites\/2\/2020\/05\/10_MDOSZ_Okostanyer_ebedek_final-04-212x300.jpg 212w, https:\/\/szakrendelo-sarkad.hu\/efi\/wp-content\/uploads\/sites\/2\/2020\/05\/10_MDOSZ_Okostanyer_ebedek_final-04-724x1024.jpg 724w, https:\/\/szakrendelo-sarkad.hu\/efi\/wp-content\/uploads\/sites\/2\/2020\/05\/10_MDOSZ_Okostanyer_ebedek_final-04-768x1086.jpg 768w, https:\/\/szakrendelo-sarkad.hu\/efi\/wp-content\/uploads\/sites\/2\/2020\/05\/10_MDOSZ_Okostanyer_ebedek_final-04-1086x1536.jpg 1086w, https:\/\/szakrendelo-sarkad.hu\/efi\/wp-content\/uploads\/sites\/2\/2020\/05\/10_MDOSZ_Okostanyer_ebedek_final-04-1448x2048.jpg 1448w\" sizes=\"auto, (max-width: 1654px) 100vw, 1654px\" \/><img loading=\"lazy\" decoding=\"async\" class=\"aligncenter size-full wp-image-6768\" src=\"http:\/\/szakrendelo-sarkad.hu\/efi\/wp-content\/uploads\/sites\/2\/2020\/05\/10_MDOSZ_Okostanyer_ebedek_final-05.jpg\" alt=\"\" width=\"1654\" height=\"2339\" srcset=\"https:\/\/szakrendelo-sarkad.hu\/efi\/wp-content\/uploads\/sites\/2\/2020\/05\/10_MDOSZ_Okostanyer_ebedek_final-05.jpg 1654w, https:\/\/szakrendelo-sarkad.hu\/efi\/wp-content\/uploads\/sites\/2\/2020\/05\/10_MDOSZ_Okostanyer_ebedek_final-05-212x300.jpg 212w, https:\/\/szakrendelo-sarkad.hu\/efi\/wp-content\/uploads\/sites\/2\/2020\/05\/10_MDOSZ_Okostanyer_ebedek_final-05-724x1024.jpg 724w, https:\/\/szakrendelo-sarkad.hu\/efi\/wp-content\/uploads\/sites\/2\/2020\/05\/10_MDOSZ_Okostanyer_ebedek_final-05-768x1086.jpg 768w, https:\/\/szakrendelo-sarkad.hu\/efi\/wp-content\/uploads\/sites\/2\/2020\/05\/10_MDOSZ_Okostanyer_ebedek_final-05-1086x1536.jpg 1086w, https:\/\/szakrendelo-sarkad.hu\/efi\/wp-content\/uploads\/sites\/2\/2020\/05\/10_MDOSZ_Okostanyer_ebedek_final-05-1448x2048.jpg 1448w\" sizes=\"auto, (max-width: 1654px) 100vw, 1654px\" \/><img loading=\"lazy\" decoding=\"async\" class=\"aligncenter size-full wp-image-6769\" src=\"http:\/\/szakrendelo-sarkad.hu\/efi\/wp-content\/uploads\/sites\/2\/2020\/05\/10_MDOSZ_Okostanyer_ebedek_final-06.jpg\" alt=\"\" width=\"1654\" height=\"2339\" srcset=\"https:\/\/szakrendelo-sarkad.hu\/efi\/wp-content\/uploads\/sites\/2\/2020\/05\/10_MDOSZ_Okostanyer_ebedek_final-06.jpg 1654w, https:\/\/szakrendelo-sarkad.hu\/efi\/wp-content\/uploads\/sites\/2\/2020\/05\/10_MDOSZ_Okostanyer_ebedek_final-06-212x300.jpg 212w, https:\/\/szakrendelo-sarkad.hu\/efi\/wp-content\/uploads\/sites\/2\/2020\/05\/10_MDOSZ_Okostanyer_ebedek_final-06-724x1024.jpg 724w, https:\/\/szakrendelo-sarkad.hu\/efi\/wp-content\/uploads\/sites\/2\/2020\/05\/10_MDOSZ_Okostanyer_ebedek_final-06-768x1086.jpg 768w, https:\/\/szakrendelo-sarkad.hu\/efi\/wp-content\/uploads\/sites\/2\/2020\/05\/10_MDOSZ_Okostanyer_ebedek_final-06-1086x1536.jpg 1086w, https:\/\/szakrendelo-sarkad.hu\/efi\/wp-content\/uploads\/sites\/2\/2020\/05\/10_MDOSZ_Okostanyer_ebedek_final-06-1448x2048.jpg 1448w\" sizes=\"auto, (max-width: 1654px) 100vw, 1654px\" \/><img loading=\"lazy\" decoding=\"async\" class=\"aligncenter size-full wp-image-6770\" src=\"http:\/\/szakrendelo-sarkad.hu\/efi\/wp-content\/uploads\/sites\/2\/2020\/05\/10_MDOSZ_Okostanyer_ebedek_final-07.jpg\" alt=\"\" width=\"1654\" height=\"2339\" srcset=\"https:\/\/szakrendelo-sarkad.hu\/efi\/wp-content\/uploads\/sites\/2\/2020\/05\/10_MDOSZ_Okostanyer_ebedek_final-07.jpg 1654w, https:\/\/szakrendelo-sarkad.hu\/efi\/wp-content\/uploads\/sites\/2\/2020\/05\/10_MDOSZ_Okostanyer_ebedek_final-07-212x300.jpg 212w, https:\/\/szakrendelo-sarkad.hu\/efi\/wp-content\/uploads\/sites\/2\/2020\/05\/10_MDOSZ_Okostanyer_ebedek_final-07-724x1024.jpg 724w, https:\/\/szakrendelo-sarkad.hu\/efi\/wp-content\/uploads\/sites\/2\/2020\/05\/10_MDOSZ_Okostanyer_ebedek_final-07-768x1086.jpg 768w, https:\/\/szakrendelo-sarkad.hu\/efi\/wp-content\/uploads\/sites\/2\/2020\/05\/10_MDOSZ_Okostanyer_ebedek_final-07-1086x1536.jpg 1086w, https:\/\/szakrendelo-sarkad.hu\/efi\/wp-content\/uploads\/sites\/2\/2020\/05\/10_MDOSZ_Okostanyer_ebedek_final-07-1448x2048.jpg 1448w\" sizes=\"auto, (max-width: 1654px) 100vw, 1654px\" \/><img loading=\"lazy\" decoding=\"async\" class=\"aligncenter size-full wp-image-6771\" src=\"http:\/\/szakrendelo-sarkad.hu\/efi\/wp-content\/uploads\/sites\/2\/2020\/05\/10_MDOSZ_Okostanyer_ebedek_final-08.jpg\" alt=\"\" width=\"1654\" height=\"2339\" srcset=\"https:\/\/szakrendelo-sarkad.hu\/efi\/wp-content\/uploads\/sites\/2\/2020\/05\/10_MDOSZ_Okostanyer_ebedek_final-08.jpg 1654w, https:\/\/szakrendelo-sarkad.hu\/efi\/wp-content\/uploads\/sites\/2\/2020\/05\/10_MDOSZ_Okostanyer_ebedek_final-08-212x300.jpg 212w, https:\/\/szakrendelo-sarkad.hu\/efi\/wp-content\/uploads\/sites\/2\/2020\/05\/10_MDOSZ_Okostanyer_ebedek_final-08-724x1024.jpg 724w, https:\/\/szakrendelo-sarkad.hu\/efi\/wp-content\/uploads\/sites\/2\/2020\/05\/10_MDOSZ_Okostanyer_ebedek_final-08-768x1086.jpg 768w, https:\/\/szakrendelo-sarkad.hu\/efi\/wp-content\/uploads\/sites\/2\/2020\/05\/10_MDOSZ_Okostanyer_ebedek_final-08-1086x1536.jpg 1086w, https:\/\/szakrendelo-sarkad.hu\/efi\/wp-content\/uploads\/sites\/2\/2020\/05\/10_MDOSZ_Okostanyer_ebedek_final-08-1448x2048.jpg 1448w\" sizes=\"auto, (max-width: 1654px) 100vw, 1654px\" \/><img loading=\"lazy\" decoding=\"async\" class=\"aligncenter size-full wp-image-6772\" src=\"http:\/\/szakrendelo-sarkad.hu\/efi\/wp-content\/uploads\/sites\/2\/2020\/05\/10_MDOSZ_Okostanyer_ebedek_final-09.jpg\" alt=\"\" width=\"1654\" height=\"2339\" srcset=\"https:\/\/szakrendelo-sarkad.hu\/efi\/wp-content\/uploads\/sites\/2\/2020\/05\/10_MDOSZ_Okostanyer_ebedek_final-09.jpg 1654w, https:\/\/szakrendelo-sarkad.hu\/efi\/wp-content\/uploads\/sites\/2\/2020\/05\/10_MDOSZ_Okostanyer_ebedek_final-09-212x300.jpg 212w, https:\/\/szakrendelo-sarkad.hu\/efi\/wp-content\/uploads\/sites\/2\/2020\/05\/10_MDOSZ_Okostanyer_ebedek_final-09-724x1024.jpg 724w, https:\/\/szakrendelo-sarkad.hu\/efi\/wp-content\/uploads\/sites\/2\/2020\/05\/10_MDOSZ_Okostanyer_ebedek_final-09-768x1086.jpg 768w, https:\/\/szakrendelo-sarkad.hu\/efi\/wp-content\/uploads\/sites\/2\/2020\/05\/10_MDOSZ_Okostanyer_ebedek_final-09-1086x1536.jpg 1086w, https:\/\/szakrendelo-sarkad.hu\/efi\/wp-content\/uploads\/sites\/2\/2020\/05\/10_MDOSZ_Okostanyer_ebedek_final-09-1448x2048.jpg 1448w\" sizes=\"auto, (max-width: 1654px) 100vw, 1654px\" \/><img loading=\"lazy\" decoding=\"async\" class=\"aligncenter size-full wp-image-6773\" src=\"http:\/\/szakrendelo-sarkad.hu\/efi\/wp-content\/uploads\/sites\/2\/2020\/05\/10_MDOSZ_Okostanyer_ebedek_final-10.jpg\" alt=\"\" width=\"1654\" height=\"2339\" srcset=\"https:\/\/szakrendelo-sarkad.hu\/efi\/wp-content\/uploads\/sites\/2\/2020\/05\/10_MDOSZ_Okostanyer_ebedek_final-10.jpg 1654w, https:\/\/szakrendelo-sarkad.hu\/efi\/wp-content\/uploads\/sites\/2\/2020\/05\/10_MDOSZ_Okostanyer_ebedek_final-10-212x300.jpg 212w, https:\/\/szakrendelo-sarkad.hu\/efi\/wp-content\/uploads\/sites\/2\/2020\/05\/10_MDOSZ_Okostanyer_ebedek_final-10-724x1024.jpg 724w, https:\/\/szakrendelo-sarkad.hu\/efi\/wp-content\/uploads\/sites\/2\/2020\/05\/10_MDOSZ_Okostanyer_ebedek_final-10-768x1086.jpg 768w, https:\/\/szakrendelo-sarkad.hu\/efi\/wp-content\/uploads\/sites\/2\/2020\/05\/10_MDOSZ_Okostanyer_ebedek_final-10-1086x1536.jpg 1086w, https:\/\/szakrendelo-sarkad.hu\/efi\/wp-content\/uploads\/sites\/2\/2020\/05\/10_MDOSZ_Okostanyer_ebedek_final-10-1448x2048.jpg 1448w\" sizes=\"auto, (max-width: 1654px) 100vw, 1654px\" \/><img loading=\"lazy\" decoding=\"async\" class=\"aligncenter size-full wp-image-6774\" src=\"http:\/\/szakrendelo-sarkad.hu\/efi\/wp-content\/uploads\/sites\/2\/2020\/05\/10_MDOSZ_Okostanyer_ebedek_final-11.jpg\" alt=\"\" width=\"1654\" height=\"2339\" srcset=\"https:\/\/szakrendelo-sarkad.hu\/efi\/wp-content\/uploads\/sites\/2\/2020\/05\/10_MDOSZ_Okostanyer_ebedek_final-11.jpg 1654w, https:\/\/szakrendelo-sarkad.hu\/efi\/wp-content\/uploads\/sites\/2\/2020\/05\/10_MDOSZ_Okostanyer_ebedek_final-11-212x300.jpg 212w, https:\/\/szakrendelo-sarkad.hu\/efi\/wp-content\/uploads\/sites\/2\/2020\/05\/10_MDOSZ_Okostanyer_ebedek_final-11-724x1024.jpg 724w, https:\/\/szakrendelo-sarkad.hu\/efi\/wp-content\/uploads\/sites\/2\/2020\/05\/10_MDOSZ_Okostanyer_ebedek_final-11-768x1086.jpg 768w, https:\/\/szakrendelo-sarkad.hu\/efi\/wp-content\/uploads\/sites\/2\/2020\/05\/10_MDOSZ_Okostanyer_ebedek_final-11-1086x1536.jpg 1086w, https:\/\/szakrendelo-sarkad.hu\/efi\/wp-content\/uploads\/sites\/2\/2020\/05\/10_MDOSZ_Okostanyer_ebedek_final-11-1448x2048.jpg 1448w\" sizes=\"auto, (max-width: 1654px) 100vw, 1654px\" \/><img loading=\"lazy\" decoding=\"async\" class=\"aligncenter size-full wp-image-6775\" src=\"http:\/\/szakrendelo-sarkad.hu\/efi\/wp-content\/uploads\/sites\/2\/2020\/05\/10_MDOSZ_Okostanyer_ebedek_final-12.jpg\" alt=\"\" width=\"1654\" height=\"2339\" srcset=\"https:\/\/szakrendelo-sarkad.hu\/efi\/wp-content\/uploads\/sites\/2\/2020\/05\/10_MDOSZ_Okostanyer_ebedek_final-12.jpg 1654w, https:\/\/szakrendelo-sarkad.hu\/efi\/wp-content\/uploads\/sites\/2\/2020\/05\/10_MDOSZ_Okostanyer_ebedek_final-12-212x300.jpg 212w, https:\/\/szakrendelo-sarkad.hu\/efi\/wp-content\/uploads\/sites\/2\/2020\/05\/10_MDOSZ_Okostanyer_ebedek_final-12-724x1024.jpg 724w, https:\/\/szakrendelo-sarkad.hu\/efi\/wp-content\/uploads\/sites\/2\/2020\/05\/10_MDOSZ_Okostanyer_ebedek_final-12-768x1086.jpg 768w, https:\/\/szakrendelo-sarkad.hu\/efi\/wp-content\/uploads\/sites\/2\/2020\/05\/10_MDOSZ_Okostanyer_ebedek_final-12-1086x1536.jpg 1086w, https:\/\/szakrendelo-sarkad.hu\/efi\/wp-content\/uploads\/sites\/2\/2020\/05\/10_MDOSZ_Okostanyer_ebedek_final-12-1448x2048.jpg 1448w\" sizes=\"auto, (max-width: 1654px) 100vw, 1654px\" \/><\/p>\n","protected":false},"excerpt":{"rendered":"<div class=\"entry-summary\">\n<div class=\"link-more\"><a href=\"https:\/\/szakrendelo-sarkad.hu\/efi\/okostanyer-ebedek\/\" class=\"more-link\">Continue reading<span class=\"screen-reader-text\"> &ldquo;Okost\u00e1ny\u00e9r &#8211; Eb\u00e9dek&rdquo;<\/span>&hellip;<\/a><\/div>\n<\/div>\n<div class=\"link-more\"><a href=\"https:\/\/szakrendelo-sarkad.hu\/efi\/okostanyer-ebedek\/\" class=\"more-link\">Continue reading<span class=\"screen-reader-text\"> &ldquo;Okost\u00e1ny\u00e9r &#8211; Eb\u00e9dek&rdquo;<\/span>&hellip;<\/a><\/div>\n","protected":false},"author":1,"featured_media":0,"parent":0,"menu_order":0,"comment_status":"closed","ping_status":"closed","template":"","meta":{"ngg_post_thumbnail":0,"footnotes":""},"class_list":["post-6688","page","type-page","status-publish","hentry","entry"],"_links":{"self":[{"href":"https:\/\/szakrendelo-sarkad.hu\/efi\/wp-json\/wp\/v2\/pages\/6688","targetHints":{"allow":["GET"]}}],"collection":[{"href":"https:\/\/szakrendelo-sarkad.hu\/efi\/wp-json\/wp\/v2\/pages"}],"about":[{"href":"https:\/\/szakrendelo-sarkad.hu\/efi\/wp-json\/wp\/v2\/types\/page"}],"author":[{"embeddable":true,"href":"https:\/\/szakrendelo-sarkad.hu\/efi\/wp-json\/wp\/v2\/users\/1"}],"replies":[{"embeddable":true,"href":"https:\/\/szakrendelo-sarkad.hu\/efi\/wp-json\/wp\/v2\/comments?post=6688"}],"version-history":[{"count":3,"href":"https:\/\/szakrendelo-sarkad.hu\/efi\/wp-json\/wp\/v2\/pages\/6688\/revisions"}],"predecessor-version":[{"id":6777,"href":"https:\/\/szakrendelo-sarkad.hu\/efi\/wp-json\/wp\/v2\/pages\/6688\/revisions\/6777"}],"wp:attachment":[{"href":"https:\/\/szakrendelo-sarkad.hu\/efi\/wp-json\/wp\/v2\/media?parent=6688"}],"curies":[{"name":"wp","href":"https:\/\/api.w.org\/{rel}","templated":true}]}}