{"id":6694,"date":"2020-05-07T06:57:49","date_gmt":"2020-05-07T06:57:49","guid":{"rendered":"http:\/\/szakrendelo-sarkad.hu\/efi\/?page_id=6694"},"modified":"2020-05-07T07:33:44","modified_gmt":"2020-05-07T07:33:44","slug":"okostanyer-vasarlas","status":"publish","type":"page","link":"https:\/\/szakrendelo-sarkad.hu\/efi\/okostanyer-vasarlas\/","title":{"rendered":"Okost\u00e1ny\u00e9r &#8211; V\u00e1s\u00e1rl\u00e1s"},"content":{"rendered":"<p><img loading=\"lazy\" decoding=\"async\" class=\"aligncenter size-full wp-image-6751\" src=\"http:\/\/szakrendelo-sarkad.hu\/efi\/wp-content\/uploads\/sites\/2\/2020\/05\/5_MDOSZ_Okostanyer_Tippek_vasarlashoz_final-1.jpg\" alt=\"\" width=\"1653\" height=\"2339\" srcset=\"https:\/\/szakrendelo-sarkad.hu\/efi\/wp-content\/uploads\/sites\/2\/2020\/05\/5_MDOSZ_Okostanyer_Tippek_vasarlashoz_final-1.jpg 1653w, https:\/\/szakrendelo-sarkad.hu\/efi\/wp-content\/uploads\/sites\/2\/2020\/05\/5_MDOSZ_Okostanyer_Tippek_vasarlashoz_final-1-212x300.jpg 212w, https:\/\/szakrendelo-sarkad.hu\/efi\/wp-content\/uploads\/sites\/2\/2020\/05\/5_MDOSZ_Okostanyer_Tippek_vasarlashoz_final-1-724x1024.jpg 724w, https:\/\/szakrendelo-sarkad.hu\/efi\/wp-content\/uploads\/sites\/2\/2020\/05\/5_MDOSZ_Okostanyer_Tippek_vasarlashoz_final-1-768x1087.jpg 768w, https:\/\/szakrendelo-sarkad.hu\/efi\/wp-content\/uploads\/sites\/2\/2020\/05\/5_MDOSZ_Okostanyer_Tippek_vasarlashoz_final-1-1086x1536.jpg 1086w, https:\/\/szakrendelo-sarkad.hu\/efi\/wp-content\/uploads\/sites\/2\/2020\/05\/5_MDOSZ_Okostanyer_Tippek_vasarlashoz_final-1-1447x2048.jpg 1447w\" sizes=\"auto, (max-width: 1653px) 100vw, 1653px\" \/><\/p>\n","protected":false},"excerpt":{"rendered":"<div class=\"entry-summary\">\n<div class=\"link-more\"><a href=\"https:\/\/szakrendelo-sarkad.hu\/efi\/okostanyer-vasarlas\/\" class=\"more-link\">Continue reading<span class=\"screen-reader-text\"> &ldquo;Okost\u00e1ny\u00e9r &#8211; V\u00e1s\u00e1rl\u00e1s&rdquo;<\/span>&hellip;<\/a><\/div>\n<\/div>\n<div class=\"link-more\"><a href=\"https:\/\/szakrendelo-sarkad.hu\/efi\/okostanyer-vasarlas\/\" class=\"more-link\">Continue reading<span class=\"screen-reader-text\"> &ldquo;Okost\u00e1ny\u00e9r &#8211; V\u00e1s\u00e1rl\u00e1s&rdquo;<\/span>&hellip;<\/a><\/div>\n","protected":false},"author":1,"featured_media":0,"parent":0,"menu_order":0,"comment_status":"closed","ping_status":"closed","template":"","meta":{"ngg_post_thumbnail":0,"footnotes":""},"class_list":["post-6694","page","type-page","status-publish","hentry","entry"],"_links":{"self":[{"href":"https:\/\/szakrendelo-sarkad.hu\/efi\/wp-json\/wp\/v2\/pages\/6694","targetHints":{"allow":["GET"]}}],"collection":[{"href":"https:\/\/szakrendelo-sarkad.hu\/efi\/wp-json\/wp\/v2\/pages"}],"about":[{"href":"https:\/\/szakrendelo-sarkad.hu\/efi\/wp-json\/wp\/v2\/types\/page"}],"author":[{"embeddable":true,"href":"https:\/\/szakrendelo-sarkad.hu\/efi\/wp-json\/wp\/v2\/users\/1"}],"replies":[{"embeddable":true,"href":"https:\/\/szakrendelo-sarkad.hu\/efi\/wp-json\/wp\/v2\/comments?post=6694"}],"version-history":[{"count":2,"href":"https:\/\/szakrendelo-sarkad.hu\/efi\/wp-json\/wp\/v2\/pages\/6694\/revisions"}],"predecessor-version":[{"id":6752,"href":"https:\/\/szakrendelo-sarkad.hu\/efi\/wp-json\/wp\/v2\/pages\/6694\/revisions\/6752"}],"wp:attachment":[{"href":"https:\/\/szakrendelo-sarkad.hu\/efi\/wp-json\/wp\/v2\/media?parent=6694"}],"curies":[{"name":"wp","href":"https:\/\/api.w.org\/{rel}","templated":true}]}}