{"id":6702,"date":"2020-05-07T06:59:39","date_gmt":"2020-05-07T06:59:39","guid":{"rendered":"http:\/\/szakrendelo-sarkad.hu\/efi\/?page_id=6702"},"modified":"2020-05-07T07:44:41","modified_gmt":"2020-05-07T07:44:41","slug":"okostanyer-vacsorak","status":"publish","type":"page","link":"https:\/\/szakrendelo-sarkad.hu\/efi\/okostanyer-vacsorak\/","title":{"rendered":"Okost\u00e1ny\u00e9r &#8211; Vacsor\u00e1k"},"content":{"rendered":"<p><img loading=\"lazy\" decoding=\"async\" class=\"aligncenter size-full wp-image-6783\" src=\"http:\/\/szakrendelo-sarkad.hu\/efi\/wp-content\/uploads\/sites\/2\/2020\/05\/UJ_MDOSZ_Okostanyer_vacsor\u00e1k_final_Moni-1.jpg\" alt=\"\" width=\"1654\" height=\"2339\" srcset=\"https:\/\/szakrendelo-sarkad.hu\/efi\/wp-content\/uploads\/sites\/2\/2020\/05\/UJ_MDOSZ_Okostanyer_vacsor\u00e1k_final_Moni-1.jpg 1654w, https:\/\/szakrendelo-sarkad.hu\/efi\/wp-content\/uploads\/sites\/2\/2020\/05\/UJ_MDOSZ_Okostanyer_vacsor\u00e1k_final_Moni-1-212x300.jpg 212w, https:\/\/szakrendelo-sarkad.hu\/efi\/wp-content\/uploads\/sites\/2\/2020\/05\/UJ_MDOSZ_Okostanyer_vacsor\u00e1k_final_Moni-1-724x1024.jpg 724w, https:\/\/szakrendelo-sarkad.hu\/efi\/wp-content\/uploads\/sites\/2\/2020\/05\/UJ_MDOSZ_Okostanyer_vacsor\u00e1k_final_Moni-1-768x1086.jpg 768w, https:\/\/szakrendelo-sarkad.hu\/efi\/wp-content\/uploads\/sites\/2\/2020\/05\/UJ_MDOSZ_Okostanyer_vacsor\u00e1k_final_Moni-1-1086x1536.jpg 1086w, https:\/\/szakrendelo-sarkad.hu\/efi\/wp-content\/uploads\/sites\/2\/2020\/05\/UJ_MDOSZ_Okostanyer_vacsor\u00e1k_final_Moni-1-1448x2048.jpg 1448w\" sizes=\"auto, (max-width: 1654px) 100vw, 1654px\" \/><img loading=\"lazy\" decoding=\"async\" class=\"aligncenter size-full wp-image-6784\" src=\"http:\/\/szakrendelo-sarkad.hu\/efi\/wp-content\/uploads\/sites\/2\/2020\/05\/UJ_MDOSZ_Okostanyer_vacsor\u00e1k_final_Moni-2.jpg\" alt=\"\" width=\"1654\" height=\"2339\" srcset=\"https:\/\/szakrendelo-sarkad.hu\/efi\/wp-content\/uploads\/sites\/2\/2020\/05\/UJ_MDOSZ_Okostanyer_vacsor\u00e1k_final_Moni-2.jpg 1654w, https:\/\/szakrendelo-sarkad.hu\/efi\/wp-content\/uploads\/sites\/2\/2020\/05\/UJ_MDOSZ_Okostanyer_vacsor\u00e1k_final_Moni-2-212x300.jpg 212w, https:\/\/szakrendelo-sarkad.hu\/efi\/wp-content\/uploads\/sites\/2\/2020\/05\/UJ_MDOSZ_Okostanyer_vacsor\u00e1k_final_Moni-2-724x1024.jpg 724w, https:\/\/szakrendelo-sarkad.hu\/efi\/wp-content\/uploads\/sites\/2\/2020\/05\/UJ_MDOSZ_Okostanyer_vacsor\u00e1k_final_Moni-2-768x1086.jpg 768w, https:\/\/szakrendelo-sarkad.hu\/efi\/wp-content\/uploads\/sites\/2\/2020\/05\/UJ_MDOSZ_Okostanyer_vacsor\u00e1k_final_Moni-2-1086x1536.jpg 1086w, https:\/\/szakrendelo-sarkad.hu\/efi\/wp-content\/uploads\/sites\/2\/2020\/05\/UJ_MDOSZ_Okostanyer_vacsor\u00e1k_final_Moni-2-1448x2048.jpg 1448w\" sizes=\"auto, (max-width: 1654px) 100vw, 1654px\" \/><img loading=\"lazy\" decoding=\"async\" class=\"aligncenter size-full wp-image-6785\" src=\"http:\/\/szakrendelo-sarkad.hu\/efi\/wp-content\/uploads\/sites\/2\/2020\/05\/UJ_MDOSZ_Okostanyer_vacsor\u00e1k_final_Moni-3.jpg\" alt=\"\" width=\"1654\" height=\"2339\" srcset=\"https:\/\/szakrendelo-sarkad.hu\/efi\/wp-content\/uploads\/sites\/2\/2020\/05\/UJ_MDOSZ_Okostanyer_vacsor\u00e1k_final_Moni-3.jpg 1654w, https:\/\/szakrendelo-sarkad.hu\/efi\/wp-content\/uploads\/sites\/2\/2020\/05\/UJ_MDOSZ_Okostanyer_vacsor\u00e1k_final_Moni-3-212x300.jpg 212w, https:\/\/szakrendelo-sarkad.hu\/efi\/wp-content\/uploads\/sites\/2\/2020\/05\/UJ_MDOSZ_Okostanyer_vacsor\u00e1k_final_Moni-3-724x1024.jpg 724w, https:\/\/szakrendelo-sarkad.hu\/efi\/wp-content\/uploads\/sites\/2\/2020\/05\/UJ_MDOSZ_Okostanyer_vacsor\u00e1k_final_Moni-3-768x1086.jpg 768w, https:\/\/szakrendelo-sarkad.hu\/efi\/wp-content\/uploads\/sites\/2\/2020\/05\/UJ_MDOSZ_Okostanyer_vacsor\u00e1k_final_Moni-3-1086x1536.jpg 1086w, https:\/\/szakrendelo-sarkad.hu\/efi\/wp-content\/uploads\/sites\/2\/2020\/05\/UJ_MDOSZ_Okostanyer_vacsor\u00e1k_final_Moni-3-1448x2048.jpg 1448w\" sizes=\"auto, (max-width: 1654px) 100vw, 1654px\" \/><img loading=\"lazy\" decoding=\"async\" class=\"aligncenter size-full wp-image-6786\" src=\"http:\/\/szakrendelo-sarkad.hu\/efi\/wp-content\/uploads\/sites\/2\/2020\/05\/UJ_MDOSZ_Okostanyer_vacsor\u00e1k_final_Moni-4.jpg\" alt=\"\" width=\"1654\" height=\"2339\" srcset=\"https:\/\/szakrendelo-sarkad.hu\/efi\/wp-content\/uploads\/sites\/2\/2020\/05\/UJ_MDOSZ_Okostanyer_vacsor\u00e1k_final_Moni-4.jpg 1654w, https:\/\/szakrendelo-sarkad.hu\/efi\/wp-content\/uploads\/sites\/2\/2020\/05\/UJ_MDOSZ_Okostanyer_vacsor\u00e1k_final_Moni-4-212x300.jpg 212w, https:\/\/szakrendelo-sarkad.hu\/efi\/wp-content\/uploads\/sites\/2\/2020\/05\/UJ_MDOSZ_Okostanyer_vacsor\u00e1k_final_Moni-4-724x1024.jpg 724w, https:\/\/szakrendelo-sarkad.hu\/efi\/wp-content\/uploads\/sites\/2\/2020\/05\/UJ_MDOSZ_Okostanyer_vacsor\u00e1k_final_Moni-4-768x1086.jpg 768w, https:\/\/szakrendelo-sarkad.hu\/efi\/wp-content\/uploads\/sites\/2\/2020\/05\/UJ_MDOSZ_Okostanyer_vacsor\u00e1k_final_Moni-4-1086x1536.jpg 1086w, https:\/\/szakrendelo-sarkad.hu\/efi\/wp-content\/uploads\/sites\/2\/2020\/05\/UJ_MDOSZ_Okostanyer_vacsor\u00e1k_final_Moni-4-1448x2048.jpg 1448w\" sizes=\"auto, (max-width: 1654px) 100vw, 1654px\" \/><img loading=\"lazy\" decoding=\"async\" class=\"aligncenter size-full wp-image-6787\" src=\"http:\/\/szakrendelo-sarkad.hu\/efi\/wp-content\/uploads\/sites\/2\/2020\/05\/UJ_MDOSZ_Okostanyer_vacsor\u00e1k_final_Moni-5.jpg\" alt=\"\" width=\"1654\" height=\"2339\" srcset=\"https:\/\/szakrendelo-sarkad.hu\/efi\/wp-content\/uploads\/sites\/2\/2020\/05\/UJ_MDOSZ_Okostanyer_vacsor\u00e1k_final_Moni-5.jpg 1654w, https:\/\/szakrendelo-sarkad.hu\/efi\/wp-content\/uploads\/sites\/2\/2020\/05\/UJ_MDOSZ_Okostanyer_vacsor\u00e1k_final_Moni-5-212x300.jpg 212w, https:\/\/szakrendelo-sarkad.hu\/efi\/wp-content\/uploads\/sites\/2\/2020\/05\/UJ_MDOSZ_Okostanyer_vacsor\u00e1k_final_Moni-5-724x1024.jpg 724w, https:\/\/szakrendelo-sarkad.hu\/efi\/wp-content\/uploads\/sites\/2\/2020\/05\/UJ_MDOSZ_Okostanyer_vacsor\u00e1k_final_Moni-5-768x1086.jpg 768w, https:\/\/szakrendelo-sarkad.hu\/efi\/wp-content\/uploads\/sites\/2\/2020\/05\/UJ_MDOSZ_Okostanyer_vacsor\u00e1k_final_Moni-5-1086x1536.jpg 1086w, https:\/\/szakrendelo-sarkad.hu\/efi\/wp-content\/uploads\/sites\/2\/2020\/05\/UJ_MDOSZ_Okostanyer_vacsor\u00e1k_final_Moni-5-1448x2048.jpg 1448w\" sizes=\"auto, (max-width: 1654px) 100vw, 1654px\" \/><\/p>\n","protected":false},"excerpt":{"rendered":"<div class=\"entry-summary\">\n<div class=\"link-more\"><a href=\"https:\/\/szakrendelo-sarkad.hu\/efi\/okostanyer-vacsorak\/\" class=\"more-link\">Continue reading<span class=\"screen-reader-text\"> &ldquo;Okost\u00e1ny\u00e9r &#8211; Vacsor\u00e1k&rdquo;<\/span>&hellip;<\/a><\/div>\n<\/div>\n<div class=\"link-more\"><a href=\"https:\/\/szakrendelo-sarkad.hu\/efi\/okostanyer-vacsorak\/\" class=\"more-link\">Continue reading<span class=\"screen-reader-text\"> &ldquo;Okost\u00e1ny\u00e9r &#8211; Vacsor\u00e1k&rdquo;<\/span>&hellip;<\/a><\/div>\n","protected":false},"author":1,"featured_media":0,"parent":0,"menu_order":0,"comment_status":"closed","ping_status":"closed","template":"","meta":{"ngg_post_thumbnail":0,"footnotes":""},"class_list":["post-6702","page","type-page","status-publish","hentry","entry"],"_links":{"self":[{"href":"https:\/\/szakrendelo-sarkad.hu\/efi\/wp-json\/wp\/v2\/pages\/6702","targetHints":{"allow":["GET"]}}],"collection":[{"href":"https:\/\/szakrendelo-sarkad.hu\/efi\/wp-json\/wp\/v2\/pages"}],"about":[{"href":"https:\/\/szakrendelo-sarkad.hu\/efi\/wp-json\/wp\/v2\/types\/page"}],"author":[{"embeddable":true,"href":"https:\/\/szakrendelo-sarkad.hu\/efi\/wp-json\/wp\/v2\/users\/1"}],"replies":[{"embeddable":true,"href":"https:\/\/szakrendelo-sarkad.hu\/efi\/wp-json\/wp\/v2\/comments?post=6702"}],"version-history":[{"count":2,"href":"https:\/\/szakrendelo-sarkad.hu\/efi\/wp-json\/wp\/v2\/pages\/6702\/revisions"}],"predecessor-version":[{"id":6788,"href":"https:\/\/szakrendelo-sarkad.hu\/efi\/wp-json\/wp\/v2\/pages\/6702\/revisions\/6788"}],"wp:attachment":[{"href":"https:\/\/szakrendelo-sarkad.hu\/efi\/wp-json\/wp\/v2\/media?parent=6702"}],"curies":[{"name":"wp","href":"https:\/\/api.w.org\/{rel}","templated":true}]}}