{"id":6801,"date":"2020-05-13T06:38:25","date_gmt":"2020-05-13T06:38:25","guid":{"rendered":"http:\/\/szakrendelo-sarkad.hu\/efi\/?page_id=6801"},"modified":"2020-05-13T06:38:25","modified_gmt":"2020-05-13T06:38:25","slug":"milyen-fertotlenitoszert-hasznaljunk","status":"publish","type":"page","link":"https:\/\/szakrendelo-sarkad.hu\/efi\/milyen-fertotlenitoszert-hasznaljunk\/","title":{"rendered":"Milyen fert\u0151tlen\u00edt\u0151szert haszn\u00e1ljunk?"},"content":{"rendered":"<p><img loading=\"lazy\" decoding=\"async\" class=\"aligncenter size-full wp-image-6802\" src=\"http:\/\/szakrendelo-sarkad.hu\/efi\/wp-content\/uploads\/sites\/2\/2020\/05\/1.jpg\" alt=\"\" width=\"225\" height=\"225\" srcset=\"https:\/\/szakrendelo-sarkad.hu\/efi\/wp-content\/uploads\/sites\/2\/2020\/05\/1.jpg 225w, https:\/\/szakrendelo-sarkad.hu\/efi\/wp-content\/uploads\/sites\/2\/2020\/05\/1-150x150.jpg 150w\" sizes=\"auto, (max-width: 225px) 100vw, 225px\" \/>A&nbsp;<strong>fert\u0151tlen\u00edt\u0151szerek Magyarorsz\u00e1gon enged\u00e9lyk\u00f6telesek<\/strong>, az Orsz\u00e1gos Tisztif\u0151orvos \u00e1ltal kiadott enged\u00e9ly sz\u00e1m\u00e1t fel kell t\u00fcntetni a c\u00edmk\u00e9n. Minden esetben&nbsp;<strong>csak enged\u00e9llyel rendelkez\u0151 (a megfelel\u0151 hat\u00e1soss\u00e1got garant\u00e1l\u00f3) term\u00e9ket v\u00e1s\u00e1roljunk!<\/strong><\/p>\n<p>Sz\u00e9les k\u00f6rben ismertek \u00e9s hat\u00e1sosak az&nbsp;<strong>alkohol tartalm\u00fa k\u00e9z- \u00e9s egy\u00e9b fel\u00fcletfert\u0151tlen\u00edt\u0151<\/strong>&nbsp;term\u00e9kek, amelyek k\u00f6z\u00fcl a 70-80% k\u00f6z\u00f6tti etanol (etil-alkohol) \u00e9s\/vagy izopropil tartalm\u00fa szerek hat\u00e1sosak a v\u00edrusok ellen. A&nbsp;<strong>fel\u00fcletfert\u0151tlen\u00edt\u0151k<\/strong>&nbsp;eset\u00e9n a n\u00e1trium-hipoklorit (hypo) hat\u00f3anyag\u00fa k\u00e9sz\u00edtm\u00e9nyek szint\u00e9n megfelel\u0151 v\u00edrus\u00f6l\u0151 hat\u00e1ssal b\u00edrnak.<\/p>\n<p><strong>V\u00e1s\u00e1rl\u00e1s alkalm\u00e1val mindig ellen\u0151rizz\u00fck a kiv\u00e1lasztott term\u00e9kek c\u00edmk\u00e9j\u00e9t, hogy az a v\u00edrusok elpuszt\u00edt\u00e1s\u00e1ra alkalmas-e.<\/strong>&nbsp;Ennek meg\u00e1ll\u00edt\u00e1s\u00e1ban seg\u00edts\u00e9g\u00fcnkre lehet az is, hogy a&nbsp;<strong>b\u0151r- \u00e9s fel\u00fcletfert\u0151tlen\u00edt\u0151 szerek c\u00edmk\u00e9j\u00e9n fel kell t\u00fcntetni az \u00fan. antimikrobi\u00e1lis spektrumot<\/strong>, azaz hogy milyen jelleg\u0171 k\u00f3rokoz\u00f3k ellen haszn\u00e1lhat\u00f3.<\/p>\n<p>Tekintettel arra, hogy a koronav\u00edrus egy v\u00edrus-k\u00f3rokoz\u00f3, l\u00e9nyeges, hogy csak olyan term\u00e9ket v\u00e1s\u00e1roljunk, amelynek&nbsp;<strong>c\u00edmk\u00e9j\u00e9n a term\u00e9k v\u00edrus\u00f6l\u0151 (virucid) hat\u00e1sa fel van t\u00fcntetve<\/strong>.&nbsp; A baktericid, vagyis bakt\u00e9riumok elleni fert\u0151tlen\u00edt\u0151 szerek hat\u00e1sa bizonytalan a v\u00edrusok ellen, ez\u00e9rt ezen term\u00e9kek felhaszn\u00e1l\u00e1sa t\u00e9ves biztons\u00e1g\u00e9rzetet kelthet.<\/p>\n<p><strong>A fert\u0151tlen\u00edt\u0151szerek hat\u00e9konys\u00e1ga az alkalmazott behat\u00e1si id\u0151t\u0151l \u00e9s a t\u00f6m\u00e9nys\u00e9gt\u0151l is f\u00fcgg<\/strong>. A behat\u00e1si id\u0151 azt jelenti, hogy mennyi id\u0151 ut\u00e1n fejti ki a fert\u0151tlen\u00edt\u0151szer a hat\u00e1s\u00e1t. A term\u00e9kek c\u00edmk\u00e9in\/felhaszn\u00e1l\u00e1si \u00fatmutat\u00f3iban k\u00f6telez\u0151 felt\u00fcntetni a megfelel\u0151 hat\u00e1s kifejt\u00e9s\u00e9hez sz\u00fcks\u00e9ges t\u00f6m\u00e9nys\u00e9get \u00e9s behat\u00e1si id\u0151t. A megfelel\u0151 hat\u00e9konys\u00e1g \u00e9rdek\u00e9ben&nbsp;<strong>ezeknek a betart\u00e1sa elengedhetetlen.<\/strong>&nbsp;M\u00edg az alkoholos fel\u00fcletfert\u0151tlen\u00edt\u0151ket jellemz\u0151en h\u00edg\u00edt\u00e1s n\u00e9lk\u00fcl kell alkalmazni, addig a hypon\u00e1l 0,1%-os oldatot kell haszn\u00e1lni. &nbsp;A hypo haszn\u00e1latakor fokozottan figyelni kell arra, hogy k\u00fcl\u00f6nb\u00f6z\u0151 t\u00f6m\u00e9nys\u00e9g\u0171 szerek vannak a piacon, ez\u00e9rt nem mindegy, hogy az adott term\u00e9ket milyen m\u00e9rt\u00e9kben h\u00edg\u00edtjuk. Itt is a c\u00edmke \u00fatmutat\u00e1s\u00e1t kell figyelembe venni.<\/p>\n<p><strong>Mindig tartsuk \u00e9szben, hogy ezek a term\u00e9kek vegyszernek min\u0151s\u00fclnek, ez\u00e9rt haszn\u00e1latuk fokozott figyelmet k\u00f6vetel.<\/strong>&nbsp;<strong>Ker\u00fclj\u00fck a t\u00faladagol\u00e1sukat<\/strong>, az erre vonatkoz\u00f3 forgalmaz\u00f3i utas\u00edt\u00e1st, (pl. k\u00e9zfert\u0151tlen\u00edt\u0151k eset\u00e9n h\u00e1nyszor haszn\u00e1lhat\u00f3 naponta, az \u00e9letkor figyelembev\u00e9tele) is be kell tartani.<\/p>\n<p>A hypo bizonyos fel\u00fcleteket k\u00e1ros\u00edthat, ez\u00e9rt ezzel is \u00f3vatosan kell b\u00e1nni! Fel\u00fcletfert\u0151tlen\u00edt\u00e9sn\u00e9l els\u0151sorban azokat a fel\u00fcleteket kell kezelni, amiket gyakorta megfogunk (pl. kilincs, karfa, kulcs, telefon). K\u00f6zter\u00fcletek, utc\u00e1k \u00e9s a l\u00e9gt\u00e9r fert\u0151tlen\u00edt\u00e9se nem sz\u00fcks\u00e9ges. Ezek fert\u0151tlen\u00edt\u00e9se az eredm\u00e9nyes v\u00e9dekez\u00e9shez nem j\u00e1rul hozz\u00e1, viszont felesleges eg\u00e9szs\u00e9g\u00fcgyi \u00e9s k\u00f6rnyezeti vesz\u00e9llyel j\u00e1r.<\/p>\n<p><strong>A term\u00e9kek \u00f3vint\u00e9zked\u00e9seire vonatkoz\u00f3, c\u00edmk\u00e9n megtal\u00e1lhat\u00f3 egy\u00e9b utas\u00edt\u00e1sokat is mindig alaposan olvassuk el,&nbsp;<\/strong>(pl.: gyermekek el\u0151l elz\u00e1rt helyen t\u00e1roland\u00f3, esetleg egy\u00e9ni v\u00e9d\u0151eszk\u00f6z haszn\u00e1lata kell hozz\u00e1, gy\u00fal\u00e9kony&nbsp;anyag, t\u0171z- \u00e9s robban\u00e1sv\u00e9delmi int\u00e9zked\u00e9sek, baleset eset\u00e9re orvosi tan\u00e1csok)! Az&nbsp;<strong>alkoholos term\u00e9kek&nbsp;<\/strong>pl. gy\u00fal\u00e9konyak, ny\u00edlt l\u00e1ng, gy\u00fajt\u00f3forr\u00e1s, elektromos vezet\u00e9k k\u00f6zel\u00e9ben semmi k\u00e9ppen sem haszn\u00e1ljuk, \u00e9s egyszerre csak kisebb fel\u00fcleteteket kezeljen vele!<\/p>\n<p>V\u00e9g\u00fcl ism\u00e9telten hangs\u00falyozzuk, hogy a&nbsp;<strong>v\u00edrusterjed\u00e9s elker\u00fcl\u00e9s\u00e9nek egyik legfontosabb m\u00f3dja a rendszeres \u00e9s alapos, legal\u00e1bb 30-40 m\u00e1sodpercig tart\u00f3 szappanos k\u00e9zmos\u00e1s<\/strong>. A szappannak \u00f6nmag\u00e1ban is k\u00f3rokoz\u00f3-gy\u00e9r\u00edt\u0151 hat\u00e1sa van, a term\u00e9szetes zs\u00edrr\u00e9teg elt\u00e1vol\u00edt\u00e1s\u00e1val megakad\u00e1lyozza a k\u00f3rokoz\u00f3k megtapad\u00e1s\u00e1t \u00e9s felszaporod\u00e1s\u00e1t a megtiszt\u00edtott b\u0151rfel\u00fcleten.<\/p>\n<p><em><img loading=\"lazy\" decoding=\"async\" class=\"aligncenter size-full wp-image-6803\" src=\"http:\/\/szakrendelo-sarkad.hu\/efi\/wp-content\/uploads\/sites\/2\/2020\/05\/2.jpg\" alt=\"\" width=\"225\" height=\"225\" srcset=\"https:\/\/szakrendelo-sarkad.hu\/efi\/wp-content\/uploads\/sites\/2\/2020\/05\/2.jpg 225w, https:\/\/szakrendelo-sarkad.hu\/efi\/wp-content\/uploads\/sites\/2\/2020\/05\/2-150x150.jpg 150w\" sizes=\"auto, (max-width: 225px) 100vw, 225px\" \/>Forr\u00e1s: www.nnk.gov.hu<\/em><\/p>\n","protected":false},"excerpt":{"rendered":"<div class=\"entry-summary\">\n<div class=\"entry-summary\">\nA&nbsp;fert\u0151tlen\u00edt\u0151szerek Magyarorsz\u00e1gon enged\u00e9lyk\u00f6telesek, az Orsz\u00e1gos Tisztif\u0151orvos \u00e1ltal kiadott enged\u00e9ly sz\u00e1m\u00e1t fel kell t\u00fcntetni a c\u00edmk\u00e9n. Minden esetben&nbsp;csak enged\u00e9llyel&hellip;\n<\/div>\n<div class=\"link-more\"><a href=\"https:\/\/szakrendelo-sarkad.hu\/efi\/milyen-fertotlenitoszert-hasznaljunk\/\" class=\"more-link\">Continue reading<span class=\"screen-reader-text\"> &ldquo;Milyen fert\u0151tlen\u00edt\u0151szert haszn\u00e1ljunk?&rdquo;<\/span>&hellip;<\/a><\/div>\n<\/div>\n<div class=\"link-more\"><a href=\"https:\/\/szakrendelo-sarkad.hu\/efi\/milyen-fertotlenitoszert-hasznaljunk\/\" class=\"more-link\">Continue reading<span class=\"screen-reader-text\"> &ldquo;Milyen fert\u0151tlen\u00edt\u0151szert haszn\u00e1ljunk?&rdquo;<\/span>&hellip;<\/a><\/div>\n","protected":false},"author":1,"featured_media":0,"parent":0,"menu_order":0,"comment_status":"closed","ping_status":"closed","template":"","meta":{"ngg_post_thumbnail":0,"footnotes":""},"class_list":["post-6801","page","type-page","status-publish","hentry","entry"],"_links":{"self":[{"href":"https:\/\/szakrendelo-sarkad.hu\/efi\/wp-json\/wp\/v2\/pages\/6801","targetHints":{"allow":["GET"]}}],"collection":[{"href":"https:\/\/szakrendelo-sarkad.hu\/efi\/wp-json\/wp\/v2\/pages"}],"about":[{"href":"https:\/\/szakrendelo-sarkad.hu\/efi\/wp-json\/wp\/v2\/types\/page"}],"author":[{"embeddable":true,"href":"https:\/\/szakrendelo-sarkad.hu\/efi\/wp-json\/wp\/v2\/users\/1"}],"replies":[{"embeddable":true,"href":"https:\/\/szakrendelo-sarkad.hu\/efi\/wp-json\/wp\/v2\/comments?post=6801"}],"version-history":[{"count":1,"href":"https:\/\/szakrendelo-sarkad.hu\/efi\/wp-json\/wp\/v2\/pages\/6801\/revisions"}],"predecessor-version":[{"id":6804,"href":"https:\/\/szakrendelo-sarkad.hu\/efi\/wp-json\/wp\/v2\/pages\/6801\/revisions\/6804"}],"wp:attachment":[{"href":"https:\/\/szakrendelo-sarkad.hu\/efi\/wp-json\/wp\/v2\/media?parent=6801"}],"curies":[{"name":"wp","href":"https:\/\/api.w.org\/{rel}","templated":true}]}}