{"id":7296,"date":"2021-04-16T05:02:33","date_gmt":"2021-04-16T05:02:33","guid":{"rendered":"http:\/\/szakrendelo-sarkad.hu\/efi\/?page_id=7296"},"modified":"2021-04-16T05:02:33","modified_gmt":"2021-04-16T05:02:33","slug":"szoptatas-a-covid-19-jarvany-idejen","status":"publish","type":"page","link":"https:\/\/szakrendelo-sarkad.hu\/efi\/szoptatas-a-covid-19-jarvany-idejen\/","title":{"rendered":"Szoptat\u00e1s a Covid-19 j\u00e1rv\u00e1ny idej\u00e9n"},"content":{"rendered":"<p><img loading=\"lazy\" decoding=\"async\" class=\"aligncenter size-full wp-image-7297\" src=\"http:\/\/szakrendelo-sarkad.hu\/efi\/wp-content\/uploads\/sites\/2\/2021\/04\/166462656_5138819662855430_5340202641297552007_n.jpg\" alt=\"\" width=\"1241\" height=\"1754\" srcset=\"https:\/\/szakrendelo-sarkad.hu\/efi\/wp-content\/uploads\/sites\/2\/2021\/04\/166462656_5138819662855430_5340202641297552007_n.jpg 1241w, https:\/\/szakrendelo-sarkad.hu\/efi\/wp-content\/uploads\/sites\/2\/2021\/04\/166462656_5138819662855430_5340202641297552007_n-212x300.jpg 212w, https:\/\/szakrendelo-sarkad.hu\/efi\/wp-content\/uploads\/sites\/2\/2021\/04\/166462656_5138819662855430_5340202641297552007_n-725x1024.jpg 725w, https:\/\/szakrendelo-sarkad.hu\/efi\/wp-content\/uploads\/sites\/2\/2021\/04\/166462656_5138819662855430_5340202641297552007_n-768x1085.jpg 768w, https:\/\/szakrendelo-sarkad.hu\/efi\/wp-content\/uploads\/sites\/2\/2021\/04\/166462656_5138819662855430_5340202641297552007_n-1087x1536.jpg 1087w\" sizes=\"auto, (max-width: 1241px) 100vw, 1241px\" \/><\/p>\n","protected":false},"excerpt":{"rendered":"<div class=\"entry-summary\">\n<div class=\"link-more\"><a href=\"https:\/\/szakrendelo-sarkad.hu\/efi\/szoptatas-a-covid-19-jarvany-idejen\/\" class=\"more-link\">Continue reading<span class=\"screen-reader-text\"> &ldquo;Szoptat\u00e1s a Covid-19 j\u00e1rv\u00e1ny idej\u00e9n&rdquo;<\/span>&hellip;<\/a><\/div>\n<\/div>\n<div class=\"link-more\"><a href=\"https:\/\/szakrendelo-sarkad.hu\/efi\/szoptatas-a-covid-19-jarvany-idejen\/\" class=\"more-link\">Continue reading<span class=\"screen-reader-text\"> &ldquo;Szoptat\u00e1s a Covid-19 j\u00e1rv\u00e1ny idej\u00e9n&rdquo;<\/span>&hellip;<\/a><\/div>\n","protected":false},"author":1,"featured_media":0,"parent":0,"menu_order":0,"comment_status":"closed","ping_status":"closed","template":"","meta":{"ngg_post_thumbnail":0,"footnotes":""},"class_list":["post-7296","page","type-page","status-publish","hentry","entry"],"_links":{"self":[{"href":"https:\/\/szakrendelo-sarkad.hu\/efi\/wp-json\/wp\/v2\/pages\/7296","targetHints":{"allow":["GET"]}}],"collection":[{"href":"https:\/\/szakrendelo-sarkad.hu\/efi\/wp-json\/wp\/v2\/pages"}],"about":[{"href":"https:\/\/szakrendelo-sarkad.hu\/efi\/wp-json\/wp\/v2\/types\/page"}],"author":[{"embeddable":true,"href":"https:\/\/szakrendelo-sarkad.hu\/efi\/wp-json\/wp\/v2\/users\/1"}],"replies":[{"embeddable":true,"href":"https:\/\/szakrendelo-sarkad.hu\/efi\/wp-json\/wp\/v2\/comments?post=7296"}],"version-history":[{"count":1,"href":"https:\/\/szakrendelo-sarkad.hu\/efi\/wp-json\/wp\/v2\/pages\/7296\/revisions"}],"predecessor-version":[{"id":7298,"href":"https:\/\/szakrendelo-sarkad.hu\/efi\/wp-json\/wp\/v2\/pages\/7296\/revisions\/7298"}],"wp:attachment":[{"href":"https:\/\/szakrendelo-sarkad.hu\/efi\/wp-json\/wp\/v2\/media?parent=7296"}],"curies":[{"name":"wp","href":"https:\/\/api.w.org\/{rel}","templated":true}]}}