{"id":8314,"date":"2021-09-04T13:14:49","date_gmt":"2021-09-04T13:14:49","guid":{"rendered":"http:\/\/szakrendelo-sarkad.hu\/home2\/?page_id=8314"},"modified":"2025-01-07T12:49:03","modified_gmt":"2025-01-07T12:49:03","slug":"hazirend","status":"publish","type":"page","link":"https:\/\/szakrendelo-sarkad.hu\/home2\/hazirend\/","title":{"rendered":"Betegt\u00e1j\u00e9koztat\u00f3"},"content":{"rendered":"<p><img loading=\"lazy\" decoding=\"async\" class=\"aligncenter size-full wp-image-9345\" src=\"https:\/\/szakrendelo-sarkad.hu\/home2\/wp-content\/uploads\/sites\/4\/2024\/07\/hazirend_1.jpg\" alt=\"\" width=\"1241\" height=\"1755\" srcset=\"https:\/\/szakrendelo-sarkad.hu\/home2\/wp-content\/uploads\/sites\/4\/2024\/07\/hazirend_1.jpg 1241w, https:\/\/szakrendelo-sarkad.hu\/home2\/wp-content\/uploads\/sites\/4\/2024\/07\/hazirend_1-212x300.jpg 212w, https:\/\/szakrendelo-sarkad.hu\/home2\/wp-content\/uploads\/sites\/4\/2024\/07\/hazirend_1-724x1024.jpg 724w, https:\/\/szakrendelo-sarkad.hu\/home2\/wp-content\/uploads\/sites\/4\/2024\/07\/hazirend_1-768x1086.jpg 768w, https:\/\/szakrendelo-sarkad.hu\/home2\/wp-content\/uploads\/sites\/4\/2024\/07\/hazirend_1-1086x1536.jpg 1086w\" sizes=\"auto, (max-width: 1241px) 100vw, 1241px\" \/><\/p>\n<p><img loading=\"lazy\" decoding=\"async\" class=\"aligncenter size-full wp-image-9346\" src=\"https:\/\/szakrendelo-sarkad.hu\/home2\/wp-content\/uploads\/sites\/4\/2024\/07\/hazirend_2.jpg\" alt=\"\" width=\"1241\" height=\"1755\" srcset=\"https:\/\/szakrendelo-sarkad.hu\/home2\/wp-content\/uploads\/sites\/4\/2024\/07\/hazirend_2.jpg 1241w, https:\/\/szakrendelo-sarkad.hu\/home2\/wp-content\/uploads\/sites\/4\/2024\/07\/hazirend_2-212x300.jpg 212w, https:\/\/szakrendelo-sarkad.hu\/home2\/wp-content\/uploads\/sites\/4\/2024\/07\/hazirend_2-724x1024.jpg 724w, https:\/\/szakrendelo-sarkad.hu\/home2\/wp-content\/uploads\/sites\/4\/2024\/07\/hazirend_2-768x1086.jpg 768w, https:\/\/szakrendelo-sarkad.hu\/home2\/wp-content\/uploads\/sites\/4\/2024\/07\/hazirend_2-1086x1536.jpg 1086w\" sizes=\"auto, (max-width: 1241px) 100vw, 1241px\" \/><\/p>\n<p><img loading=\"lazy\" decoding=\"async\" class=\"aligncenter size-full wp-image-9347\" src=\"https:\/\/szakrendelo-sarkad.hu\/home2\/wp-content\/uploads\/sites\/4\/2024\/07\/hazirend_3.jpg\" alt=\"\" width=\"1241\" height=\"1755\" srcset=\"https:\/\/szakrendelo-sarkad.hu\/home2\/wp-content\/uploads\/sites\/4\/2024\/07\/hazirend_3.jpg 1241w, https:\/\/szakrendelo-sarkad.hu\/home2\/wp-content\/uploads\/sites\/4\/2024\/07\/hazirend_3-212x300.jpg 212w, https:\/\/szakrendelo-sarkad.hu\/home2\/wp-content\/uploads\/sites\/4\/2024\/07\/hazirend_3-724x1024.jpg 724w, https:\/\/szakrendelo-sarkad.hu\/home2\/wp-content\/uploads\/sites\/4\/2024\/07\/hazirend_3-768x1086.jpg 768w, https:\/\/szakrendelo-sarkad.hu\/home2\/wp-content\/uploads\/sites\/4\/2024\/07\/hazirend_3-1086x1536.jpg 1086w\" sizes=\"auto, (max-width: 1241px) 100vw, 1241px\" \/><\/p>\n","protected":false},"excerpt":{"rendered":"<div class=\"entry-summary\">\n<div class=\"link-more\"><a href=\"https:\/\/szakrendelo-sarkad.hu\/home2\/hazirend\/\" class=\"more-link\">Continue reading<span class=\"screen-reader-text\"> &ldquo;Betegt\u00e1j\u00e9koztat\u00f3&rdquo;<\/span>&hellip;<\/a><\/div>\n<\/div>\n<div class=\"link-more\"><a href=\"https:\/\/szakrendelo-sarkad.hu\/home2\/hazirend\/\" class=\"more-link\">Continue reading<span class=\"screen-reader-text\"> &ldquo;Betegt\u00e1j\u00e9koztat\u00f3&rdquo;<\/span>&hellip;<\/a><\/div>\n","protected":false},"author":1,"featured_media":0,"parent":0,"menu_order":0,"comment_status":"closed","ping_status":"closed","template":"","meta":{"ngg_post_thumbnail":0,"footnotes":""},"class_list":["post-8314","page","type-page","status-publish","hentry","entry"],"_links":{"self":[{"href":"https:\/\/szakrendelo-sarkad.hu\/home2\/wp-json\/wp\/v2\/pages\/8314","targetHints":{"allow":["GET"]}}],"collection":[{"href":"https:\/\/szakrendelo-sarkad.hu\/home2\/wp-json\/wp\/v2\/pages"}],"about":[{"href":"https:\/\/szakrendelo-sarkad.hu\/home2\/wp-json\/wp\/v2\/types\/page"}],"author":[{"embeddable":true,"href":"https:\/\/szakrendelo-sarkad.hu\/home2\/wp-json\/wp\/v2\/users\/1"}],"replies":[{"embeddable":true,"href":"https:\/\/szakrendelo-sarkad.hu\/home2\/wp-json\/wp\/v2\/comments?post=8314"}],"version-history":[{"count":5,"href":"https:\/\/szakrendelo-sarkad.hu\/home2\/wp-json\/wp\/v2\/pages\/8314\/revisions"}],"predecessor-version":[{"id":9450,"href":"https:\/\/szakrendelo-sarkad.hu\/home2\/wp-json\/wp\/v2\/pages\/8314\/revisions\/9450"}],"wp:attachment":[{"href":"https:\/\/szakrendelo-sarkad.hu\/home2\/wp-json\/wp\/v2\/media?parent=8314"}],"curies":[{"name":"wp","href":"https:\/\/api.w.org\/{rel}","templated":true}]}}