{"id":8397,"date":"2021-09-04T15:00:54","date_gmt":"2021-09-04T15:00:54","guid":{"rendered":"http:\/\/szakrendelo-sarkad.hu\/home2\/?page_id=8397"},"modified":"2025-01-28T12:59:49","modified_gmt":"2025-01-28T12:59:49","slug":"betegjogi-kepviselo","status":"publish","type":"page","link":"https:\/\/szakrendelo-sarkad.hu\/home2\/betegjogi-kepviselo\/","title":{"rendered":"Betegjogi k\u00e9pvisel\u0151"},"content":{"rendered":"\n\n\t<b>Betegjogi K\u00e9pvisel\u0151<\/b>\n<b>DR. DAR\u00d3CZY LINDA<\/b>\nTel:\u00a0<b>06-20\/4899-563<\/b>\n<b>E-mail: <a href=\"mailto:linda.daroczy@ijsz.bm.gov.hu\">linda.daroczy@ijsz.bm.gov.hu<\/a><\/b>\n<b>C\u00edm:<\/b>\n5700 Gyula, Semmelweis utca 1.\n<p><iframe loading=\"lazy\" src=\"https:\/\/www.google.com\/maps\/embed?pb=!1m18!1m12!1m3!1d2739.3340146957858!2d21.274429776772934!3d46.63991785422951!2m3!1f0!2f0!3f0!3m2!1i1024!2i768!4f13.1!3m3!1m2!1s0x4745d6bb49b7ffd3%3A0xd881db3e4c65e3cd!2sGyula%2C%20Semmelweis%20u.%201%2C%205700!5e0!3m2!1shu!2shu!4v1736244391610!5m2!1shu!2shu\" width=\"600\" height=\"450\" allowfullscreen=\"allowfullscreen\"><\/iframe><\/p>\n\n","protected":false},"excerpt":{"rendered":"<div class=\"entry-summary\">\n<div class=\"entry-summary\">\nBetegjogi K\u00e9pvisel\u0151 DR. DAR\u00d3CZY LINDA Tel:\u00a006-20\/4899-563 E-mail: linda.daroczy@ijsz.bm.gov.hu C\u00edm: 5700 Gyula, Semmelweis utca 1.\n<\/div>\n<div class=\"link-more\"><a href=\"https:\/\/szakrendelo-sarkad.hu\/home2\/betegjogi-kepviselo\/\" class=\"more-link\">Continue reading<span class=\"screen-reader-text\"> &ldquo;Betegjogi k\u00e9pvisel\u0151&rdquo;<\/span>&hellip;<\/a><\/div>\n<\/div>\n<div class=\"link-more\"><a href=\"https:\/\/szakrendelo-sarkad.hu\/home2\/betegjogi-kepviselo\/\" class=\"more-link\">Continue reading<span class=\"screen-reader-text\"> &ldquo;Betegjogi k\u00e9pvisel\u0151&rdquo;<\/span>&hellip;<\/a><\/div>\n","protected":false},"author":1,"featured_media":0,"parent":0,"menu_order":0,"comment_status":"closed","ping_status":"closed","template":"","meta":{"ngg_post_thumbnail":0,"footnotes":""},"class_list":["post-8397","page","type-page","status-publish","hentry","entry"],"_links":{"self":[{"href":"https:\/\/szakrendelo-sarkad.hu\/home2\/wp-json\/wp\/v2\/pages\/8397","targetHints":{"allow":["GET"]}}],"collection":[{"href":"https:\/\/szakrendelo-sarkad.hu\/home2\/wp-json\/wp\/v2\/pages"}],"about":[{"href":"https:\/\/szakrendelo-sarkad.hu\/home2\/wp-json\/wp\/v2\/types\/page"}],"author":[{"embeddable":true,"href":"https:\/\/szakrendelo-sarkad.hu\/home2\/wp-json\/wp\/v2\/users\/1"}],"replies":[{"embeddable":true,"href":"https:\/\/szakrendelo-sarkad.hu\/home2\/wp-json\/wp\/v2\/comments?post=8397"}],"version-history":[{"count":5,"href":"https:\/\/szakrendelo-sarkad.hu\/home2\/wp-json\/wp\/v2\/pages\/8397\/revisions"}],"predecessor-version":[{"id":9642,"href":"https:\/\/szakrendelo-sarkad.hu\/home2\/wp-json\/wp\/v2\/pages\/8397\/revisions\/9642"}],"wp:attachment":[{"href":"https:\/\/szakrendelo-sarkad.hu\/home2\/wp-json\/wp\/v2\/media?parent=8397"}],"curies":[{"name":"wp","href":"https:\/\/api.w.org\/{rel}","templated":true}]}}