{"id":8455,"date":"2021-09-04T15:34:54","date_gmt":"2021-09-04T15:34:54","guid":{"rendered":"http:\/\/szakrendelo-sarkad.hu\/home2\/?page_id=8455"},"modified":"2025-01-08T09:52:29","modified_gmt":"2025-01-08T09:52:29","slug":"kozponti-igazgatas","status":"publish","type":"page","link":"https:\/\/szakrendelo-sarkad.hu\/home2\/kozponti-igazgatas\/","title":{"rendered":"K\u00f6zponti igazgat\u00e1s"},"content":{"rendered":"\n\n\t<p><strong>\u00a0Sarkadi Kist\u00e9rs\u00e9gi J\u00e1r\u00f3beteg Szakell\u00e1t\u00f3 K\u00f6zpont<\/strong><\/p>\n<strong>5720 Sarkad, B\u00e9ke s\u00e9t\u00e1ny 6.<\/strong>\n<strong>Ad\u00f3sz\u00e1m: 15849904-1-04<\/strong>\n<b>K\u00f6zponti Igazgat\u00e1sa:<\/b><br \/>\n<b>Int\u00e9zm\u00e9nyvezet\u0151: Debreczeni Lajos<\/b><br \/>\nTelefonsz\u00e1m: 66\/585-807<br \/>\nEmail c\u00edm:\u00a0<a href=\"mailto:titkarsag@szakrendelo-sarkad.hu\">titkarsag@szakrendelo-sarkad.hu<\/a><br \/>\n<b>Munkak\u00f6r:\u00a0<\/b>Operat\u00edv \u00e9s strat\u00e9giai menedzsment ir\u00e1ny\u00edt\u00e1sa, strat\u00e9giai d\u00f6nt\u00e9sek meghozatala \u00e9s kivitelez\u00e9se. Az int\u00e9zm\u00e9ny gazdas\u00e1gi vezet\u00e9se, meg\u00e1llapod\u00e1sok egy\u00fcttm\u0171k\u00f6d\u00e9sek megk\u00f6t\u00e9se, tulajdonosi d\u00f6nt\u00e9sek megval\u00f3s\u00edt\u00e1sa.<br \/>\n<b>\u00a0<\/b><br \/>\n<b>Vezet\u0151 Asszisztens: Vincze \u00c1gnes<\/b><br \/>\nTelefonsz\u00e1m: 66\/585-809<br \/>\nEmail c\u00edm:\u00a0<a href=\"mailto:titkarsag@szakrendelo-sarkad.hu\">titkarsag@szakrendelo-sarkad.hu<\/a><br \/>\n<b>Munkak\u00f6r:\u00a0<\/b>A szakdolgoz\u00f3k mindennapi munk\u00e1j\u00e1nak ir\u00e1ny\u00edt\u00e1sa, szervez\u00e9se, ellen\u0151rz\u00e9se, anyagbeszerz\u00e9s. Szakmai k\u00e9pz\u00e9sek, tov\u00e1bbk\u00e9pz\u00e9sek nyomon k\u00f6vet\u00e9se. A gy\u00f3gy\u00e1szati eszk\u00f6z\u00f6k \u00e9s anyagok ut\u00e1np\u00f3tl\u00e1sa, a meghib\u00e1sodott berendez\u00e9sek jav\u00edttat\u00e1sa. Besz\u00e1mol\u00e1si feladatok az int\u00e9zm\u00e9nyvezet\u0151 fel\u00e9.<br \/>\n<b>\u00a0<\/b><br \/>\n<b>Titk\u00e1rs\u00e1gi Irodavezet\u0151: Lov\u00e1sz Viktor<\/b><br \/>\nTelefonsz\u00e1m: 66\/585-801<br \/>\nEmail c\u00edm:\u00a0<a href=\"mailto:titkarsag@szakrendelo-sarkad.hu\">titkarsag@szakrendelo-sarkad.hu<\/a><br \/>\n<b>Munkak\u00f6r:<\/b> A munkahelyi vezet\u0151 szakmai tev\u00e9kenys\u00e9g\u00e9vel kapcsolatos adminisztrat\u00edv teend\u0151k ell\u00e1t\u00e1sa, inform\u00e1ci\u00f3k rendszerez\u00e9se, hivatalos levelez\u00e9s egy\u00fcttm\u0171k\u00f6d\u0151 partnerekkel. \u00c9rtekezletek, rendezv\u00e9nyek szervez\u00e9se, el\u0151k\u00e9sz\u00edt\u00e9se. Tulajdonosi k\u00f6rrel \u00e9s a kist\u00e9rs\u00e9g h\u00e1ziorvosaival val\u00f3 kapcsolattart\u00e1s.\n<strong>P\u00e9nz\u00fcgyi \u00fcgyint\u00e9z\u0151: Nagyn\u00e9 Bagi Kata<\/strong><br \/>\nTelefonsz\u00e1m: 66\/585-809<br \/>\nEmail c\u00edm: titkarsag@szakrendelo-sarkad.hu<br \/>\n<strong>Munkak\u00f6r:<\/strong> A munkahelyi vezet\u0151 szakmai tev\u00e9kenys\u00e9g\u00e9vel kapcsolatos adminisztrat\u00edv teend\u0151k ell\u00e1t\u00e1sa, inform\u00e1ci\u00f3k rendszerez\u00e9se, hivatalos levelez\u00e9s egy\u00fcttm\u0171k\u00f6d\u0151 partnerekkel. Elektronikus sz\u00e1ml\u00e1k elk\u00e9sz\u00edt\u00e9se, munkab\u00e9rekkel, j\u00f6vedelemkieg\u00e9sz\u00edt\u00e9ssel kapcsolatos \u00fcgyint\u00e9z\u00e9s, p\u00e9nz\u00fcgyi rendszerekkel kapcsolatos munkav\u00e9gz\u00e9s.\n\n","protected":false},"excerpt":{"rendered":"<div class=\"entry-summary\">\n<div class=\"entry-summary\">\n\u00a0Sarkadi Kist\u00e9rs\u00e9gi J\u00e1r\u00f3beteg Szakell\u00e1t\u00f3 K\u00f6zpont 5720 Sarkad, B\u00e9ke s\u00e9t\u00e1ny 6. Ad\u00f3sz\u00e1m: 15849904-1-04 K\u00f6zponti Igazgat\u00e1sa: Int\u00e9zm\u00e9nyvezet\u0151: Debreczeni Lajos Telefonsz\u00e1m:&hellip;\n<\/div>\n<div class=\"link-more\"><a href=\"https:\/\/szakrendelo-sarkad.hu\/home2\/kozponti-igazgatas\/\" class=\"more-link\">Continue reading<span class=\"screen-reader-text\"> &ldquo;K\u00f6zponti igazgat\u00e1s&rdquo;<\/span>&hellip;<\/a><\/div>\n<\/div>\n<div class=\"link-more\"><a href=\"https:\/\/szakrendelo-sarkad.hu\/home2\/kozponti-igazgatas\/\" class=\"more-link\">Continue reading<span class=\"screen-reader-text\"> &ldquo;K\u00f6zponti igazgat\u00e1s&rdquo;<\/span>&hellip;<\/a><\/div>\n","protected":false},"author":1,"featured_media":0,"parent":0,"menu_order":0,"comment_status":"closed","ping_status":"closed","template":"","meta":{"ngg_post_thumbnail":0,"footnotes":""},"class_list":["post-8455","page","type-page","status-publish","hentry","entry"],"_links":{"self":[{"href":"https:\/\/szakrendelo-sarkad.hu\/home2\/wp-json\/wp\/v2\/pages\/8455","targetHints":{"allow":["GET"]}}],"collection":[{"href":"https:\/\/szakrendelo-sarkad.hu\/home2\/wp-json\/wp\/v2\/pages"}],"about":[{"href":"https:\/\/szakrendelo-sarkad.hu\/home2\/wp-json\/wp\/v2\/types\/page"}],"author":[{"embeddable":true,"href":"https:\/\/szakrendelo-sarkad.hu\/home2\/wp-json\/wp\/v2\/users\/1"}],"replies":[{"embeddable":true,"href":"https:\/\/szakrendelo-sarkad.hu\/home2\/wp-json\/wp\/v2\/comments?post=8455"}],"version-history":[{"count":6,"href":"https:\/\/szakrendelo-sarkad.hu\/home2\/wp-json\/wp\/v2\/pages\/8455\/revisions"}],"predecessor-version":[{"id":9525,"href":"https:\/\/szakrendelo-sarkad.hu\/home2\/wp-json\/wp\/v2\/pages\/8455\/revisions\/9525"}],"wp:attachment":[{"href":"https:\/\/szakrendelo-sarkad.hu\/home2\/wp-json\/wp\/v2\/media?parent=8455"}],"curies":[{"name":"wp","href":"https:\/\/api.w.org\/{rel}","templated":true}]}}