{"id":9273,"date":"2024-01-24T12:47:47","date_gmt":"2024-01-24T12:47:47","guid":{"rendered":"https:\/\/szakrendelo-sarkad.hu\/home2\/?page_id=9273"},"modified":"2025-01-07T10:16:30","modified_gmt":"2025-01-07T10:16:30","slug":"koromlevetel","status":"publish","type":"page","link":"https:\/\/szakrendelo-sarkad.hu\/home2\/koromlevetel\/","title":{"rendered":"K\u00f6r\u00f6mlev\u00e9tel"},"content":{"rendered":"\n\n\t<strong>\u00a0<\/strong><strong>BETEGT\u00c1J\u00c9KOZTAT\u00d3<br \/>\n<\/strong>A k\u00f6r\u00f6m elt\u00e1vol\u00edt\u00e1s\u00e1r\u00f3l<br \/>\n_____________________________________________________________\n<p><strong><em>Kedves Beteg\u00fcnk!<\/em><\/strong><\/p>\n<p>\u00d6nnek \u00e1ltal\u00e1nos seb\u00e9szeti megold\u00e1st ig\u00e9nyl\u0151 megbeteged\u00e9se van. A m\u0171t\u00e9t elv\u00e9gz\u00e9s\u00e9hez sz\u00fcks\u00e9g van az \u00d6n beleegyez\u00e9s\u00e9re, hogy d\u00f6nteni tudjon, az al\u00e1bbi t\u00e1j\u00e9koztat\u00f3t olvassa el.<\/p>\n<p><strong><em>A t\u00e1j\u00e9koztat\u00f3 elolvas\u00e1s\u00e1t k\u00f6vet\u0151en, amennyiben tov\u00e1bbi k\u00e9rd\u00e9sei lenn\u00e9nek, bizalommal fordulhat kezel\u0151orvos\u00e1hoz.<\/em><\/strong><\/p>\n<p><strong> Az elj\u00e1r\u00e1s c\u00e9lja:<\/strong><\/p>\n<p>A megbetegedett\/ megs\u00e9r\u00fclt k\u00f6r\u00f6m r\u00e9szleges vagy teljes elt\u00e1vol\u00edt\u00e1sa.<\/p>\n<p><strong> Az elj\u00e1r\u00e1s technik\u00e1ja:<\/strong><\/p>\n<p>Gondos fert\u0151tlen\u00edt\u00e9st k\u00f6vet\u0151en az \u00e9rintett ter\u00fclet \u00e9rz\u00e9stelen\u00edt\u00e9se (vezet\u00e9ses \u00e9rz\u00e9stelen\u00edt\u00e9s), majd a beteg k\u00f6r\u00f6m r\u00e9szleges vagy teljes elt\u00e1vol\u00edt\u00e1sa.<\/p>\n<p>V\u00e9rz\u00e9scsillap\u00edt\u00e1s ut\u00e1n steril k\u00f6t\u00e9st helyez\u00fcnk fel. A beavatkoz\u00e1st k\u00f6vet\u0151en a v\u00e9gtagot legal\u00e1bb 1 napig felpolcolva k\u00edm\u00e9lni kell, a k\u00f6t\u00e9st \u00f3vni kell az \u00e1tvizesed\u00e9st\u0151l \u00e9s a szennyez\u0151d\u00e9st\u0151l.<\/p>\n<p><strong> Az elj\u00e1r\u00e1s esetleges vesz\u00e9lyei \u00e9s az ezzel kapcsolatos eddigi tapasztalatok:<\/strong><\/p>\n<p>A beavatkoz\u00e1st k\u00f6vet\u0151en igen ritk\u00e1n el\u0151fordulhat enyhe sebfert\u0151z\u00e9s, mely megel\u0151zhet\u0151 a steril k\u00f6t\u00e9scser\u00e9k alkalmaz\u00e1s\u00e1val, fizikai k\u00edm\u00e9lettel \u00e9s a szennyez\u0151d\u00e9s elker\u00fcl\u00e9s\u00e9vel. Gomb\u00e1s k\u00f6r\u00f6m elt\u00e1vol\u00edt\u00e1sa ut\u00e1n el\u0151fordulhat, hogy az \u00faj k\u00f6r\u00f6mn\u00e9l ism\u00e9t gomb\u00e1sod\u00e1s l\u00e9p fel, mely kiv\u00e9d\u00e9s\u00e9re gy\u00f3gyszeres kezel\u00e9st (helyileg ken\u0151cs\u00f6ket) alkalmazunk, sz\u00fcks\u00e9g eset\u00e9n b\u0151rgy\u00f3gy\u00e1szati kezel\u00e9st javaslunk a betegnek.<\/p>\n<p><strong> Az elj\u00e1r\u00e1s elmarad\u00e1snak esetleges vesz\u00e9lyei \u00e9s m\u00e1s elj\u00e1r\u00e1si lehet\u0151s\u00e9gek:<\/strong><\/p>\n<p>A megbetegedett\/s\u00e9r\u00fclt k\u00f6r\u00f6m \u00e9s k\u00f6r\u00f6m\u00e1gy gyullad\u00e1sa, eldeform\u00e1l\u00f3d\u00e1sa l\u00e9phet fel.<\/p>\n<p>Amennyiben a konzervat\u00edv kezel\u00e9s (pl. gomb\u00e1s k\u00f6r\u00f6m eset\u00e9n) nem hoz kell\u0151 eredm\u00e9nyt, m\u00e1s megold\u00e1s az elv\u00e1ltoz\u00e1s megsz\u00fcntet\u00e9s\u00e9re nem \u00e1ll rendelkez\u00e9sre.<\/p>\n<p><strong> A<\/strong><strong> beteg teend\u0151i a beavatkoz\u00e1s el\u0151tt \u00e9s a beavatkoz\u00e1st k\u00f6vet\u0151en:<\/strong><\/p>\n<p><strong>K\u00e9rj\u00fck, mindenk\u00e9ppen figyeljen r\u00e1!<\/strong><\/p>\n<p>Hacsak az orvos m\u00e1sk\u00e9pp nem rendeli el.<\/p>\n<p><strong>A beavatkoz\u00e1s el\u0151tt:<\/strong><\/p>\n<p>A beteg k\u00f6teles t\u00e1j\u00e9koztatni orvos\u00e1t ismert betegs\u00e9geir\u0151l, a rendszeresen szedett gy\u00f3gyszerekr\u0151l, gy\u00f3gyszer allergi\u00e1r\u00f3l, illetve esetleges fenn\u00e1ll\u00f3 v\u00e9ralvad\u00e1sg\u00e1tl\u00f3 kezel\u00e9sr\u0151l.<\/p>\n<p><strong>A beavatkoz\u00e1s ut\u00e1n:<\/strong><\/p>\n<p>Tekintettel arra, hogy a beavatkoz\u00e1s \u00e1ltal\u00e1ban a l\u00e1b ujjain t\u00f6rt\u00e9nik \u00e1tmenetileg c\u00e9lszer\u0171 megfelel\u0151 m\u00e9ret\u0171 cip\u0151t viselni, a beavatkoz\u00e1s napj\u00e1n a v\u00e9gtagot pihentetni, felpolcolni. \u00c1ltal\u00e1ban sz\u00fcks\u00e9ges lehet f\u00e1jdalomcsillap\u00edt\u00f3 ad\u00e1sa. A megbesz\u00e9lt id\u0151pontokban kontroll v\u00e1rhat\u00f3 k\u00f6t\u00e9scser\u00e9k c\u00e9lj\u00e1b\u00f3l.<\/p>\n\n","protected":false},"excerpt":{"rendered":"<div class=\"entry-summary\">\n<div class=\"entry-summary\">\n\u00a0BETEGT\u00c1J\u00c9KOZTAT\u00d3 A k\u00f6r\u00f6m elt\u00e1vol\u00edt\u00e1s\u00e1r\u00f3l _____________________________________________________________ Kedves Beteg\u00fcnk! \u00d6nnek \u00e1ltal\u00e1nos seb\u00e9szeti megold\u00e1st ig\u00e9nyl\u0151 megbeteged\u00e9se van. A m\u0171t\u00e9t elv\u00e9gz\u00e9s\u00e9hez sz\u00fcks\u00e9g&hellip;\n<\/div>\n<div class=\"link-more\"><a href=\"https:\/\/szakrendelo-sarkad.hu\/home2\/koromlevetel\/\" class=\"more-link\">Continue reading<span class=\"screen-reader-text\"> &ldquo;K\u00f6r\u00f6mlev\u00e9tel&rdquo;<\/span>&hellip;<\/a><\/div>\n<\/div>\n<div class=\"link-more\"><a href=\"https:\/\/szakrendelo-sarkad.hu\/home2\/koromlevetel\/\" class=\"more-link\">Continue reading<span class=\"screen-reader-text\"> &ldquo;K\u00f6r\u00f6mlev\u00e9tel&rdquo;<\/span>&hellip;<\/a><\/div>\n","protected":false},"author":1,"featured_media":0,"parent":0,"menu_order":0,"comment_status":"closed","ping_status":"closed","template":"","meta":{"ngg_post_thumbnail":0,"footnotes":""},"class_list":["post-9273","page","type-page","status-publish","hentry","entry"],"_links":{"self":[{"href":"https:\/\/szakrendelo-sarkad.hu\/home2\/wp-json\/wp\/v2\/pages\/9273","targetHints":{"allow":["GET"]}}],"collection":[{"href":"https:\/\/szakrendelo-sarkad.hu\/home2\/wp-json\/wp\/v2\/pages"}],"about":[{"href":"https:\/\/szakrendelo-sarkad.hu\/home2\/wp-json\/wp\/v2\/types\/page"}],"author":[{"embeddable":true,"href":"https:\/\/szakrendelo-sarkad.hu\/home2\/wp-json\/wp\/v2\/users\/1"}],"replies":[{"embeddable":true,"href":"https:\/\/szakrendelo-sarkad.hu\/home2\/wp-json\/wp\/v2\/comments?post=9273"}],"version-history":[{"count":3,"href":"https:\/\/szakrendelo-sarkad.hu\/home2\/wp-json\/wp\/v2\/pages\/9273\/revisions"}],"predecessor-version":[{"id":9482,"href":"https:\/\/szakrendelo-sarkad.hu\/home2\/wp-json\/wp\/v2\/pages\/9273\/revisions\/9482"}],"wp:attachment":[{"href":"https:\/\/szakrendelo-sarkad.hu\/home2\/wp-json\/wp\/v2\/media?parent=9273"}],"curies":[{"name":"wp","href":"https:\/\/api.w.org\/{rel}","templated":true}]}}