{"id":9593,"date":"2025-01-16T10:26:19","date_gmt":"2025-01-16T10:26:19","guid":{"rendered":"https:\/\/szakrendelo-sarkad.hu\/home2\/?page_id=9593"},"modified":"2025-01-16T10:43:49","modified_gmt":"2025-01-16T10:43:49","slug":"sz-m-sz","status":"publish","type":"page","link":"https:\/\/szakrendelo-sarkad.hu\/home2\/sz-m-sz\/","title":{"rendered":"Szervezeti \u00e9s M\u0171k\u00f6d\u00e9si Szab\u00e1lyzat"},"content":{"rendered":"<p style=\"text-align: center;\">A vakok \u00e9s gyeng\u00e9nl\u00e1t\u00f3k a Sarkadi Kist\u00e9rs\u00e9gi J\u00e1r\u00f3beteg Szakell\u00e1t\u00f3 K\u00f6zpont Szervezeti \u00e9s M\u0171k\u00f6d\u00e9si Szab\u00e1lyzat\u00e1t <a href=\"https:\/\/szakrendelo-sarkad.hu\/letoltheto\/SZMSZ_alairt_generated_pdf_compressed.pdf\" target=\"_blank\" rel=\"noopener\">IDE<\/a> kattintva t\u00f6lthetik le felolvashat\u00f3 .pdf form\u00e1tumban.<\/p>\n<div class=\"_df_book df-lite\" id=\"df_9557\"  _slug=\"szmsz\" data-title=\"szmsz\" wpoptions=\"true\" thumb=\"https:\/\/szakrendelo-sarkad.hu\/home2\/wp-content\/uploads\/sites\/4\/2025\/01\/SZMSZ_alairt_page-0001.jpg\" thumbtype=\"\" ><\/div><script class=\"df-shortcode-script\" nowprocket type=\"application\/javascript\">window.option_df_9557 = {\"outline\":[],\"viewerType\":\"reader\",\"autoEnableOutline\":\"false\",\"autoEnableThumbnail\":\"false\",\"overwritePDFOutline\":\"false\",\"direction\":\"1\",\"pageSize\":\"0\",\"source\":\"https:\\\/\\\/szakrendelo-sarkad.hu\\\/home2\\\/wp-content\\\/uploads\\\/sites\\\/4\\\/2025\\\/11\\\/SKJC_SzmSZ_20251021-compressed.pdf\",\"wpOptions\":\"true\"}; if(window.DFLIP && window.DFLIP.parseBooks){window.DFLIP.parseBooks();}<\/script>\n","protected":false},"excerpt":{"rendered":"<div class=\"entry-summary\">\n<div class=\"entry-summary\">\nA vakok \u00e9s gyeng\u00e9nl\u00e1t\u00f3k a Sarkadi Kist\u00e9rs\u00e9gi J\u00e1r\u00f3beteg Szakell\u00e1t\u00f3 K\u00f6zpont Szervezeti \u00e9s M\u0171k\u00f6d\u00e9si Szab\u00e1lyzat\u00e1t IDE kattintva t\u00f6lthetik le&hellip;\n<\/div>\n<div class=\"link-more\"><a href=\"https:\/\/szakrendelo-sarkad.hu\/home2\/sz-m-sz\/\" class=\"more-link\">Continue reading<span class=\"screen-reader-text\"> &ldquo;Szervezeti \u00e9s M\u0171k\u00f6d\u00e9si Szab\u00e1lyzat&rdquo;<\/span>&hellip;<\/a><\/div>\n<\/div>\n<div class=\"link-more\"><a href=\"https:\/\/szakrendelo-sarkad.hu\/home2\/sz-m-sz\/\" class=\"more-link\">Continue reading<span class=\"screen-reader-text\"> &ldquo;Szervezeti \u00e9s M\u0171k\u00f6d\u00e9si Szab\u00e1lyzat&rdquo;<\/span>&hellip;<\/a><\/div>\n","protected":false},"author":1,"featured_media":0,"parent":0,"menu_order":0,"comment_status":"closed","ping_status":"closed","template":"","meta":{"ngg_post_thumbnail":0,"footnotes":""},"class_list":["post-9593","page","type-page","status-publish","hentry","entry"],"_links":{"self":[{"href":"https:\/\/szakrendelo-sarkad.hu\/home2\/wp-json\/wp\/v2\/pages\/9593","targetHints":{"allow":["GET"]}}],"collection":[{"href":"https:\/\/szakrendelo-sarkad.hu\/home2\/wp-json\/wp\/v2\/pages"}],"about":[{"href":"https:\/\/szakrendelo-sarkad.hu\/home2\/wp-json\/wp\/v2\/types\/page"}],"author":[{"embeddable":true,"href":"https:\/\/szakrendelo-sarkad.hu\/home2\/wp-json\/wp\/v2\/users\/1"}],"replies":[{"embeddable":true,"href":"https:\/\/szakrendelo-sarkad.hu\/home2\/wp-json\/wp\/v2\/comments?post=9593"}],"version-history":[{"count":4,"href":"https:\/\/szakrendelo-sarkad.hu\/home2\/wp-json\/wp\/v2\/pages\/9593\/revisions"}],"predecessor-version":[{"id":9600,"href":"https:\/\/szakrendelo-sarkad.hu\/home2\/wp-json\/wp\/v2\/pages\/9593\/revisions\/9600"}],"wp:attachment":[{"href":"https:\/\/szakrendelo-sarkad.hu\/home2\/wp-json\/wp\/v2\/media?parent=9593"}],"curies":[{"name":"wp","href":"https:\/\/api.w.org\/{rel}","templated":true}]}}